{"id":83,"date":"2019-05-14T10:40:37","date_gmt":"2019-05-14T10:40:37","guid":{"rendered":"http:\/\/jormvattnetsfiskecamp.se\/wordpress\/?page_id=83"},"modified":"2025-12-16T10:09:39","modified_gmt":"2025-12-16T10:09:39","slug":"hyrabat","status":"publish","type":"page","link":"https:\/\/jormvattnetsfiskecamp.se\/wordpress\/hyrabat\/","title":{"rendered":"Hyra b\u00e5t"},"content":{"rendered":"\t\t<div data-elementor-type=\"wp-page\" data-elementor-id=\"83\" class=\"elementor elementor-83\">\n\t\t\t\t\t\t<section class=\"elementor-section elementor-top-section elementor-element elementor-element-29b2a0e7 elementor-section-boxed elementor-section-height-default elementor-section-height-default\" data-id=\"29b2a0e7\" data-element_type=\"section\" data-e-type=\"section\">\n\t\t\t\t\t\t<div class=\"elementor-container elementor-column-gap-default\">\n\t\t\t\t\t<div class=\"elementor-column elementor-col-100 elementor-top-column elementor-element elementor-element-5daee9ca\" data-id=\"5daee9ca\" data-element_type=\"column\" data-e-type=\"column\">\n\t\t\t<div class=\"elementor-widget-wrap elementor-element-populated\">\n\t\t\t\t\t\t<div class=\"elementor-element elementor-element-465f45ea elementor-widget elementor-widget-text-editor\" data-id=\"465f45ea\" data-element_type=\"widget\" data-e-type=\"widget\" data-widget_type=\"text-editor.default\">\n\t\t\t\t<div class=\"elementor-widget-container\">\n\t\t\t\t\t\t\t\t\t\n<h2 class=\"wp-block-heading\">Du kan boka b\u00e5t direkt via v\u00e5rt bokningssystem<\/h2>\n\n<p>V\u00e4lj &#8221;Hyra b\u00e5t&#8221; och v\u00e4lj i n\u00e4sta steg vilken b\u00e5t med motor du \u00f6nskar hyra.<\/p>\n<p>\u00a0<\/p>\n\n<p>B\u00e5t med <strong>8-9HK<\/strong> (inklusive fulltank och flytv\u00e4star)<\/p>\n\n<p>Dygn 520:-<\/p>\n\n<p>Vecka 2600:-<\/p>\n<p>\u00a0<\/p>\n\n<p>B\u00e5t med <strong>2,5-4HK<\/strong> (inklusive fulltank och flytv\u00e4star)<\/p>\n\n<p>Dygn 420:-<\/p>\n\n<p>Vecka 2100:-<\/p>\n\n<p>\u00a0<\/p>\n\n<p><strong>RODDB\u00c5T<\/strong> (inklusive flytv\u00e4star)<\/p>\n\n<p>Dygn 200:-<\/p>\n\n<p>Vecka 1000:-<\/p>\n\n<p>\u00a0<\/p>\n<p>L\u00e4gg till <strong>MOTOR till roddb\u00e5t<\/strong><\/p>\n\n<p>Elmotor Dygn 120:-\/ Vecka 600:-<\/p>\n\n<p>2,5 hk Dygn 220:-\/ Vecka 950:-<\/p>\n\n<p>\u00a0<\/p>\n<p><strong>KAJAK<\/strong> (inklusive flytv\u00e4st)<\/p>\n\n<p>Vi har 2 stycken kajaker som finns att hyra!<\/p>\n\n<p><em>09.00-15.00<\/em> 250:-<\/p>\n\t\t\t\t\t\t\t\t<\/div>\n\t\t\t\t<\/div>\n\t\t\t\t\t<\/div>\n\t\t<\/div>\n\t\t\t\t\t<\/div>\n\t\t<\/section>\n\t\t\t\t<section class=\"elementor-section elementor-top-section elementor-element elementor-element-39cebce elementor-section-boxed elementor-section-height-default elementor-section-height-default\" data-id=\"39cebce\" data-element_type=\"section\" data-e-type=\"section\">\n\t\t\t\t\t\t<div class=\"elementor-container elementor-column-gap-default\">\n\t\t\t\t\t<div class=\"elementor-column elementor-col-100 elementor-top-column elementor-element elementor-element-44952a9\" data-id=\"44952a9\" data-element_type=\"column\" data-e-type=\"column\">\n\t\t\t<div class=\"elementor-widget-wrap elementor-element-populated\">\n\t\t\t\t\t\t<div class=\"elementor-element elementor-element-2f0dcde elementor-widget elementor-widget-text-editor\" data-id=\"2f0dcde\" data-element_type=\"widget\" data-e-type=\"widget\" data-widget_type=\"text-editor.default\">\n\t\t\t\t<div class=\"elementor-widget-container\">\n\t\t\t\t\t\t\t\t\t<p>Foto: Marika Hopponen Westberg<\/p>\t\t\t\t\t\t\t\t<\/div>\n\t\t\t\t<\/div>\n\t\t\t\t\t<\/div>\n\t\t<\/div>\n\t\t\t\t\t<\/div>\n\t\t<\/section>\n\t\t\t\t<\/div>\n\t\t","protected":false},"excerpt":{"rendered":"<p>Du kan boka b\u00e5t direkt via v\u00e5rt bokningssystem V\u00e4lj &#8221;Hyra b\u00e5t&#8221; och v\u00e4lj i n\u00e4sta steg vilken b\u00e5t med motor du \u00f6nskar hyra. \u00a0 B\u00e5t med 8-9HK (inklusive fulltank och flytv\u00e4star) Dygn 520:- Vecka 2600:- \u00a0 B\u00e5t med 2,5-4HK (inklusive fulltank och flytv\u00e4star) Dygn 420:- Vecka 2100:- \u00a0 RODDB\u00c5T (inklusive flytv\u00e4star) Dygn 200:- Vecka 1000:- [&hellip;]<\/p>\n","protected":false},"author":1,"featured_media":76,"parent":0,"menu_order":0,"comment_status":"closed","ping_status":"closed","template":"","meta":{"footnotes":""},"class_list":["post-83","page","type-page","status-publish","has-post-thumbnail","hentry"],"yoast_head":"<!-- This site is optimized with the Yoast SEO plugin v27.4 - https:\/\/yoast.com\/product\/yoast-seo-wordpress\/ -->\n<title>Hyra b\u00e5t -<\/title>\n<meta name=\"robots\" content=\"index, follow, max-snippet:-1, max-image-preview:large, max-video-preview:-1\" \/>\n<link rel=\"canonical\" href=\"https:\/\/jormvattnetsfiskecamp.se\/wordpress\/hyrabat\/\" \/>\n<meta property=\"og:locale\" content=\"sv_SE\" \/>\n<meta property=\"og:type\" content=\"article\" \/>\n<meta property=\"og:title\" content=\"Hyra b\u00e5t -\" \/>\n<meta property=\"og:description\" content=\"Du kan boka b\u00e5t direkt via v\u00e5rt bokningssystem V\u00e4lj &#8221;Hyra b\u00e5t&#8221; och v\u00e4lj i n\u00e4sta steg vilken b\u00e5t med motor du \u00f6nskar hyra. \u00a0 B\u00e5t med 8-9HK (inklusive fulltank och flytv\u00e4star) Dygn 520:- Vecka 2600:- \u00a0 B\u00e5t med 2,5-4HK (inklusive fulltank och flytv\u00e4star) Dygn 420:- Vecka 2100:- \u00a0 RODDB\u00c5T (inklusive flytv\u00e4star) Dygn 200:- Vecka 1000:- [&hellip;]\" \/>\n<meta property=\"og:url\" content=\"https:\/\/jormvattnetsfiskecamp.se\/wordpress\/hyrabat\/\" \/>\n<meta property=\"article:modified_time\" content=\"2025-12-16T10:09:39+00:00\" \/>\n<meta property=\"og:image\" content=\"http:\/\/media.jormvattnetsfiskecamp.se\/2019\/05\/52059558_1715537398592607_6300117969783488512_n.jpg\" \/>\n\t<meta property=\"og:image:width\" content=\"1979\" \/>\n\t<meta property=\"og:image:height\" content=\"1485\" \/>\n\t<meta property=\"og:image:type\" content=\"image\/jpeg\" \/>\n<meta name=\"twitter:card\" content=\"summary_large_image\" \/>\n<meta name=\"twitter:label1\" content=\"Ber\u00e4knad l\u00e4stid\" \/>\n\t<meta name=\"twitter:data1\" content=\"1 minut\" \/>\n<script type=\"application\/ld+json\" class=\"yoast-schema-graph\">{\"@context\":\"https:\\\/\\\/schema.org\",\"@graph\":[{\"@type\":\"WebPage\",\"@id\":\"https:\\\/\\\/jormvattnetsfiskecamp.se\\\/wordpress\\\/hyrabat\\\/\",\"url\":\"https:\\\/\\\/jormvattnetsfiskecamp.se\\\/wordpress\\\/hyrabat\\\/\",\"name\":\"Hyra b\u00e5t -\",\"isPartOf\":{\"@id\":\"https:\\\/\\\/jormvattnetsfiskecamp.se\\\/wordpress\\\/#website\"},\"primaryImageOfPage\":{\"@id\":\"https:\\\/\\\/jormvattnetsfiskecamp.se\\\/wordpress\\\/hyrabat\\\/#primaryimage\"},\"image\":{\"@id\":\"https:\\\/\\\/jormvattnetsfiskecamp.se\\\/wordpress\\\/hyrabat\\\/#primaryimage\"},\"thumbnailUrl\":\"https:\\\/\\\/media.jormvattnetsfiskecamp.se\\\/2019\\\/05\\\/52059558_1715537398592607_6300117969783488512_n.jpg\",\"datePublished\":\"2019-05-14T10:40:37+00:00\",\"dateModified\":\"2025-12-16T10:09:39+00:00\",\"breadcrumb\":{\"@id\":\"https:\\\/\\\/jormvattnetsfiskecamp.se\\\/wordpress\\\/hyrabat\\\/#breadcrumb\"},\"inLanguage\":\"sv-SE\",\"potentialAction\":[{\"@type\":\"ReadAction\",\"target\":[\"https:\\\/\\\/jormvattnetsfiskecamp.se\\\/wordpress\\\/hyrabat\\\/\"]}]},{\"@type\":\"ImageObject\",\"inLanguage\":\"sv-SE\",\"@id\":\"https:\\\/\\\/jormvattnetsfiskecamp.se\\\/wordpress\\\/hyrabat\\\/#primaryimage\",\"url\":\"https:\\\/\\\/media.jormvattnetsfiskecamp.se\\\/2019\\\/05\\\/52059558_1715537398592607_6300117969783488512_n.jpg\",\"contentUrl\":\"https:\\\/\\\/media.jormvattnetsfiskecamp.se\\\/2019\\\/05\\\/52059558_1715537398592607_6300117969783488512_n.jpg\",\"width\":1979,\"height\":1485,\"caption\":\"B\u00e5thamnen p\u00e5 Jormvattnets fiskecamp\"},{\"@type\":\"BreadcrumbList\",\"@id\":\"https:\\\/\\\/jormvattnetsfiskecamp.se\\\/wordpress\\\/hyrabat\\\/#breadcrumb\",\"itemListElement\":[{\"@type\":\"ListItem\",\"position\":1,\"name\":\"Hem\",\"item\":\"https:\\\/\\\/jormvattnetsfiskecamp.se\\\/wordpress\\\/\"},{\"@type\":\"ListItem\",\"position\":2,\"name\":\"Hyra b\u00e5t\"}]},{\"@type\":\"WebSite\",\"@id\":\"https:\\\/\\\/jormvattnetsfiskecamp.se\\\/wordpress\\\/#website\",\"url\":\"https:\\\/\\\/jormvattnetsfiskecamp.se\\\/wordpress\\\/\",\"name\":\"\",\"description\":\"\",\"potentialAction\":[{\"@type\":\"SearchAction\",\"target\":{\"@type\":\"EntryPoint\",\"urlTemplate\":\"https:\\\/\\\/jormvattnetsfiskecamp.se\\\/wordpress\\\/?s={search_term_string}\"},\"query-input\":{\"@type\":\"PropertyValueSpecification\",\"valueRequired\":true,\"valueName\":\"search_term_string\"}}],\"inLanguage\":\"sv-SE\"}]}<\/script>\n<!-- \/ Yoast SEO plugin. -->","yoast_head_json":{"title":"Hyra b\u00e5t -","robots":{"index":"index","follow":"follow","max-snippet":"max-snippet:-1","max-image-preview":"max-image-preview:large","max-video-preview":"max-video-preview:-1"},"canonical":"https:\/\/jormvattnetsfiskecamp.se\/wordpress\/hyrabat\/","og_locale":"sv_SE","og_type":"article","og_title":"Hyra b\u00e5t -","og_description":"Du kan boka b\u00e5t direkt via v\u00e5rt bokningssystem V\u00e4lj &#8221;Hyra b\u00e5t&#8221; och v\u00e4lj i n\u00e4sta steg vilken b\u00e5t med motor du \u00f6nskar hyra. \u00a0 B\u00e5t med 8-9HK (inklusive fulltank och flytv\u00e4star) Dygn 520:- Vecka 2600:- \u00a0 B\u00e5t med 2,5-4HK (inklusive fulltank och flytv\u00e4star) Dygn 420:- Vecka 2100:- \u00a0 RODDB\u00c5T (inklusive flytv\u00e4star) Dygn 200:- Vecka 1000:- [&hellip;]","og_url":"https:\/\/jormvattnetsfiskecamp.se\/wordpress\/hyrabat\/","article_modified_time":"2025-12-16T10:09:39+00:00","og_image":[{"width":1979,"height":1485,"url":"http:\/\/media.jormvattnetsfiskecamp.se\/2019\/05\/52059558_1715537398592607_6300117969783488512_n.jpg","type":"image\/jpeg"}],"twitter_card":"summary_large_image","twitter_misc":{"Ber\u00e4knad l\u00e4stid":"1 minut"},"schema":{"@context":"https:\/\/schema.org","@graph":[{"@type":"WebPage","@id":"https:\/\/jormvattnetsfiskecamp.se\/wordpress\/hyrabat\/","url":"https:\/\/jormvattnetsfiskecamp.se\/wordpress\/hyrabat\/","name":"Hyra b\u00e5t -","isPartOf":{"@id":"https:\/\/jormvattnetsfiskecamp.se\/wordpress\/#website"},"primaryImageOfPage":{"@id":"https:\/\/jormvattnetsfiskecamp.se\/wordpress\/hyrabat\/#primaryimage"},"image":{"@id":"https:\/\/jormvattnetsfiskecamp.se\/wordpress\/hyrabat\/#primaryimage"},"thumbnailUrl":"https:\/\/media.jormvattnetsfiskecamp.se\/2019\/05\/52059558_1715537398592607_6300117969783488512_n.jpg","datePublished":"2019-05-14T10:40:37+00:00","dateModified":"2025-12-16T10:09:39+00:00","breadcrumb":{"@id":"https:\/\/jormvattnetsfiskecamp.se\/wordpress\/hyrabat\/#breadcrumb"},"inLanguage":"sv-SE","potentialAction":[{"@type":"ReadAction","target":["https:\/\/jormvattnetsfiskecamp.se\/wordpress\/hyrabat\/"]}]},{"@type":"ImageObject","inLanguage":"sv-SE","@id":"https:\/\/jormvattnetsfiskecamp.se\/wordpress\/hyrabat\/#primaryimage","url":"https:\/\/media.jormvattnetsfiskecamp.se\/2019\/05\/52059558_1715537398592607_6300117969783488512_n.jpg","contentUrl":"https:\/\/media.jormvattnetsfiskecamp.se\/2019\/05\/52059558_1715537398592607_6300117969783488512_n.jpg","width":1979,"height":1485,"caption":"B\u00e5thamnen p\u00e5 Jormvattnets fiskecamp"},{"@type":"BreadcrumbList","@id":"https:\/\/jormvattnetsfiskecamp.se\/wordpress\/hyrabat\/#breadcrumb","itemListElement":[{"@type":"ListItem","position":1,"name":"Hem","item":"https:\/\/jormvattnetsfiskecamp.se\/wordpress\/"},{"@type":"ListItem","position":2,"name":"Hyra b\u00e5t"}]},{"@type":"WebSite","@id":"https:\/\/jormvattnetsfiskecamp.se\/wordpress\/#website","url":"https:\/\/jormvattnetsfiskecamp.se\/wordpress\/","name":"","description":"","potentialAction":[{"@type":"SearchAction","target":{"@type":"EntryPoint","urlTemplate":"https:\/\/jormvattnetsfiskecamp.se\/wordpress\/?s={search_term_string}"},"query-input":{"@type":"PropertyValueSpecification","valueRequired":true,"valueName":"search_term_string"}}],"inLanguage":"sv-SE"}]}},"_links":{"self":[{"href":"https:\/\/jormvattnetsfiskecamp.se\/wordpress\/wp-json\/wp\/v2\/pages\/83","targetHints":{"allow":["GET"]}}],"collection":[{"href":"https:\/\/jormvattnetsfiskecamp.se\/wordpress\/wp-json\/wp\/v2\/pages"}],"about":[{"href":"https:\/\/jormvattnetsfiskecamp.se\/wordpress\/wp-json\/wp\/v2\/types\/page"}],"author":[{"embeddable":true,"href":"https:\/\/jormvattnetsfiskecamp.se\/wordpress\/wp-json\/wp\/v2\/users\/1"}],"replies":[{"embeddable":true,"href":"https:\/\/jormvattnetsfiskecamp.se\/wordpress\/wp-json\/wp\/v2\/comments?post=83"}],"version-history":[{"count":22,"href":"https:\/\/jormvattnetsfiskecamp.se\/wordpress\/wp-json\/wp\/v2\/pages\/83\/revisions"}],"predecessor-version":[{"id":2341,"href":"https:\/\/jormvattnetsfiskecamp.se\/wordpress\/wp-json\/wp\/v2\/pages\/83\/revisions\/2341"}],"wp:featuredmedia":[{"embeddable":true,"href":"https:\/\/jormvattnetsfiskecamp.se\/wordpress\/wp-json\/wp\/v2\/media\/76"}],"wp:attachment":[{"href":"https:\/\/jormvattnetsfiskecamp.se\/wordpress\/wp-json\/wp\/v2\/media?parent=83"}],"curies":[{"name":"wp","href":"https:\/\/api.w.org\/{rel}","templated":true}]}}