{"id":82,"date":"2019-05-14T10:40:37","date_gmt":"2019-05-14T10:40:37","guid":{"rendered":"http:\/\/jormvattnetsfiskecamp.se\/wordpress\/?page_id=82"},"modified":"2025-12-16T10:15:37","modified_gmt":"2025-12-16T10:15:37","slug":"se-och-gora","status":"publish","type":"page","link":"https:\/\/jormvattnetsfiskecamp.se\/wordpress\/se-och-gora\/","title":{"rendered":"Se och g\u00f6ra"},"content":{"rendered":"\n<h2 class=\"wp-block-heading has-text-align-center\"><strong>Frostviken \u00e4r fantastiskt!<\/strong><\/h2>\n\n\n\n<p class=\"has-text-align-center\"><strong>Fiske<\/strong>, <em>fishing in lakes and streams, also icefishing, buy fishinglicens<\/em><\/p>\n\n\n\n<p class=\"has-text-align-center\"><strong>H\u00e4llings\u00e5fallet<\/strong>, <em>the most amazing waterfall<\/em>, <em>nearby the road<\/em>, <em>handicap friendly<\/em><\/p>\n\n\n\n<p class=\"has-text-align-center\"><strong>Brakk\u00e5fallet<\/strong>, <em>magical waterfall, with possibility to take a swim<\/em>, <em>nearby the road<\/em><\/p>\n\n\n\n<p class=\"has-text-align-center\"><strong>Stekenjokk<\/strong>, <em>highest part of the Wildernessroad over the mountains<\/em><\/p>\n\n\n\n<p class=\"has-text-align-center\"><strong>Gaustafallet,<\/strong> <em>waterfall with amazing color, nearby the road<\/em><\/p>\n\n\n\n<p class=\"has-text-align-center\"><strong>Lerdals\u00e4lven<\/strong>,<em> small river with nice rock formations<\/em><\/p>\n\n\n\n<p class=\"has-text-align-center\"><strong>Bjur\u00e4lven<\/strong>, <em>hiking in spectacular area The river is partially underground and has a famous cave area<\/em><\/p>\n\n\n\n<p class=\"has-text-align-center\"><strong>Korallgrottan<\/strong>, <em>only guided tours in the cave, info down below<\/em><\/p>\n\n\n\n<p class=\"has-text-align-center\"><strong>Glimmergruvan<\/strong> <em>cave up on the mountain with glimmering stones<\/em><\/p>\n\n\n\n<p class=\"has-text-align-center\"><strong>Fem \u00e5rstider<\/strong> <em>five seasons winter, springwinter, spring, summer, autumn<\/em><\/p>\n\n\n\n<p class=\"has-text-align-center\"><strong>Ridning<\/strong> <em>horseback riding, info down below<\/em><\/p>\n\n\n\n<p class=\"has-text-align-center\"><strong>Vandring<\/strong> <em>hiking<\/em><\/p>\n\n\n\n<p class=\"has-text-align-center\"><strong>Vildmarksv\u00e4gen<\/strong> <em>Wildernessroa<\/em>d<\/p>\n\n\n\n<p class=\"has-text-align-center\"><strong>Kantareller <\/strong><em>chantarells<\/em><\/p>\n\n\n\n<p class=\"has-text-align-center\"><strong>Vildmark <\/strong><em>wilderness<\/em><\/p>\n\n\n\n<p class=\"has-text-align-center\"><strong>Fj\u00e4ll <\/strong><em>mountains<\/em><\/p>\n\n\n\n<p class=\"has-text-align-center\"><strong>Skog <\/strong><em>forest<\/em><\/p>\n\n\n\n<p class=\"has-text-align-center\"><strong>Tystnad<\/strong> <em>silence<\/em><\/p>\n\n\n\n<p class=\"has-text-align-center\"><strong>Paddling<\/strong> <em>canoeing<\/em><\/p>\n\n\n\n<p class=\"has-text-align-center\"><strong>Norrsken<\/strong> <em>northern lights<\/em><\/p>\n\n\n\n<p class=\"has-text-align-center\"><strong>Sm\u00e5viltsjakt<\/strong> <em>hunting, birds and hare<\/em><\/p>\n\n\n\n<p class=\"has-text-align-center\"><strong>Skoter\u00e5kning<\/strong> <em>snowmobiling<\/em><\/p>\n\n\n\n<p class=\"has-text-align-center\"><strong>Utf\u00f6rs\u00e5kning<\/strong> <em>downhill skiing<\/em><\/p>\n\n\n\n<p class=\"has-text-align-center\"><strong>L\u00e4ngdskidor<\/strong> <em>cross-country skiing<\/em><\/p>\n\n\n\n<p class=\"has-text-align-center\"><strong>Turskidor<\/strong> <em>touring skiis<\/em><\/p>\n\n\n\n<p class=\"has-text-align-center\"><strong>Vilda djur<\/strong> <em>wild animals<\/em><\/p>\n\n\n\n<p class=\"has-text-align-center\"><strong>Orkid\u00e9er<\/strong> <em>orichids<\/em><\/p>\n\n\n\n<p class=\"has-text-align-center has-luminous-vivid-orange-color has-text-color has-link-color wp-elements-e7acabb027173b5ecbd02b6978cff929\"><strong>Hos <a href=\"http:\/\/www.korpensoga.com\">www.korpensoga.com<\/a> Rid i Jorm kan man boka guidade \u00e4ventyr p\u00e5 islandsh\u00e4star samt kontakt f\u00f6r guidning i Korallgrottan 0672-20171<\/strong><\/p>\n\n\n\n<p class=\"has-text-align-center has-vivid-red-color has-text-color has-link-color wp-elements-f0e04e442fdb350a06837151c47b67fe\"><strong>Hos <a href=\"http:\/\/www.fjallfjoset.se\">www.fjallfjoset.se<\/a> kan man bes\u00f6ka det toppmoderna lantbruket med v\u00e4rdfamiljen, samt hyra sn\u00f6skoter p\u00e5 vintern. 073-1826790<\/strong><\/p>\n\n\n\n<p class=\"has-text-align-center has-vivid-green-cyan-color has-text-color has-link-color wp-elements-ae20b5e7b94ab566efbaf8b93d9c2e79\"><strong>Boka en h\u00e4rlig avkopplande stund med SPA och eller massage p\u00e5 STF Bj\u00f6rkvattnet vandrarhem &amp; spa<\/strong><\/p>\n\n\n\n<p class=\"has-text-align-center has-vivid-green-cyan-color has-text-color has-link-color wp-elements-7d7438b538d367d37fe2b30b026e3614\"><strong>070-2688327<\/strong><\/p>\n\n\n\n<p class=\"has-text-align-center has-vivid-cyan-blue-color has-text-color has-link-color wp-elements-dcaa4ef0e4c19e56e68c0d5dee3a2561\"><strong><a href=\"http:\/\/www.vinterturism.se\">www.vinterturism.se<\/a> \u00e4r sidan du ska bes\u00f6ka f\u00f6r att finna info om samt k\u00f6pa skoterpass f\u00f6r skoter\u00e5kning, vinteraktiviteter s\u00e5 som skidsp\u00e5r mm<\/strong><\/p>\n\n\n\n<p class=\"has-text-align-center\">I H\u00e4ggn\u00e4set finns Frostviken Keramik, underbart vackra hantverk som koppar, tallrikar, formar, sk\u00e5lar, ripor mm Ring f\u00f6r info om \u00f6ppettider <a href=\"https:\/\/www.google.com\/search?q=frostviken+keramik&amp;sca_esv=e7c61076d940b7cd&amp;sca_upv=1&amp;sxsrf=ADLYWIIoDj6P0TTVdFjhF_J7Ou95rXf3Fw%3A1720960010744&amp;ei=CsSTZvSLLfW7wPAPs6GviA0&amp;ved=0ahUKEwj0uPPQw6aHAxX1HRAIHbPQC9EQ4dUDCA8&amp;uact=5&amp;oq=frostviken+keramik&amp;gs_lp=Egxnd3Mtd2l6LXNlcnAiEmZyb3N0dmlrZW4ga2VyYW1pazINEC4YgAQYExjHARivATIIEAAYExgWGB4yCBAAGBMYFhgeMggQABiABBiiBDIIEAAYgAQYogQyCBAAGIAEGKIEMhwQLhiABBgTGMcBGK8BGJcFGNwEGN4EGOAE2AEDSOkqUOEFWMckcAJ4AJABAJgBWqAB3QuqAQIxObgBA8gBAPgBAZgCFaACwg2oAhHCAgcQIxgnGOoCwgINEC4YxwEYJxjqAhivAcICHBAuGIAEGEMYtAIYxwEYyAMYigUY6gIYrwHYAQHCAhcQLhiABBjjBBi0AhjIAxjpBBjqAtgBAcICEBAuGAMYtAIY6gIYjwHYAQLCAhAQABgDGLQCGOoCGI8B2AECwgIKECMYgAQYJxiKBcICBBAjGCfCAgoQLhiABBgnGIoFwgIQEC4YgAQYQxjHARiKBRivAcICChAuGIAEGEMYigXCAgsQABiABBixAxiDAcICCxAuGIAEGLEDGIMBwgIOEC4YgAQYsQMY0QMYxwHCAhQQLhiABBjHARiYBRiZBRieBRivAcICBRAAGIAEwgIIEAAYgAQYsQPCAgsQLhiABBjHARivAcICEBAuGIAEGMcBGCcYigUYrwHCAggQLhiABBixA8ICBhAAGBYYHsICCBAAGBYYHhgPwgIaEC4YgAQYxwEYrwEYlwUY3AQY3gQY4ATYAQPCAg8QLhiABBgTGMcBGA0YrwHCAggQABgTGA0YHsICHhAuGIAEGBMYxwEYDRivARiXBRjcBBjeBBjgBNgBA5gDIboGBggBEAEYCLoGBggCEAEYCroGBggDEAEYFJIHBDIwLjGgB6b9AQ&amp;sclient=gws-wiz-serp#\">072-733 16 03<\/a><\/p>\n\n\n\n<p class=\"has-text-align-center has-luminous-vivid-orange-color has-text-color has-link-color wp-elements-f96304261cf308434f06b84820e4d46d\"><em><strong>Jaktkort f\u00f6r sm\u00e5viltsjakt inom Jorms vvo och Lermons vvo kan man k\u00f6pa hos oss p\u00e5 Fiskecampen.<\/strong><\/em><\/p>\n\n\n\n<p class=\"has-text-align-center has-vivid-purple-color has-text-color has-link-color wp-elements-18b053ac22a24b36f887093a5c7f0baa\"><strong>Gillar man vandring s\u00e5 arrangerar <a href=\"http:\/\/www.jormvattnetsif.se\">www.jormvattnetsif.se<\/a> en liten t\u00e4vling varje sommar. &#8221;Toppkortet&#8221; d\u00e4r man ska bestiga 5 toppar i Frostviken, nya toppar varje \u00e5r, med varierad sv\u00e5righetsgrad. Toppkortet kan ni k\u00f6pa hos oss p\u00e5 Fiskecampen!<\/strong><\/p>\n\n\n\n<p class=\"has-text-align-center\"><em>F\u00e5gelbergets g\u00e5rdschark som ligger Oppiberget vid F\u00e5gelberget s\u00e4ljer delikatesser som torkat k\u00f6tt, korv mm bes\u00f6k dom! Ring f\u00f6r \u00f6ppettider <a href=\"https:\/\/www.google.com\/search?q=f%C3%A5gelbergets+g%C3%A5rdschark&amp;oq=f%C3%A5gelbergets+g%C3%A5rdsc&amp;gs_lcrp=EgZjaHJvbWUqCggAEAAY4wIYgAQyCggAEAAY4wIYgAQyDQgBEC4YrwEYxwEYgAQyBggCEEUYOTIKCAMQABiABBiiBDIKCAQQABiABBiiBDIKCAUQABiABBiiBKgCCLACAQ&amp;sourceid=chrome&amp;ie=UTF-8#\">072-067 85 22<\/a><\/em><\/p>\n\n\n\n<p class=\"has-text-align-center\">Nyfiken och vill veta mera? Kom in s\u00e5 ger vi er fina tips p\u00e5 v\u00e4gen!<\/p>\n\n\n\n<p class=\"has-text-align-center\"><em><strong>Do you want some more tips, come in and we will tell you more about the area!<\/strong><\/em><\/p>\n\n\n\n<h2 class=\"wp-block-heading has-text-align-center\"><strong>V\u00e4lkomna hit!<\/strong><\/h2>\n\n\n\n<div class=\"wp-block-group\"><div class=\"wp-block-group__inner-container is-layout-flow wp-block-group-is-layout-flow\">\n<div class=\"wp-block-group\"><div class=\"wp-block-group__inner-container is-layout-flow wp-block-group-is-layout-flow\">\n<div class=\"wp-block-group\"><div class=\"wp-block-group__inner-container is-layout-flow wp-block-group-is-layout-flow\"><div class=\"wp-block-image\">\n<figure class=\"aligncenter size-large is-resized\"><img fetchpriority=\"high\" decoding=\"async\" width=\"1024\" height=\"1024\" src=\"http:\/\/media.jormvattnetsfiskecamp.se\/2020\/01\/IMG_20200104_145252-1024x1024.jpg\" alt=\"\" class=\"wp-image-264\" style=\"width:512px;height:512px\" srcset=\"http:\/\/media.jormvattnetsfiskecamp.se\/2020\/01\/IMG_20200104_145252-1024x1024.jpg 1024w, http:\/\/media.jormvattnetsfiskecamp.se\/2020\/01\/IMG_20200104_145252-300x300.jpg 300w, http:\/\/media.jormvattnetsfiskecamp.se\/2020\/01\/IMG_20200104_145252-150x150.jpg 150w, http:\/\/media.jormvattnetsfiskecamp.se\/2020\/01\/IMG_20200104_145252-768x768.jpg 768w, http:\/\/media.jormvattnetsfiskecamp.se\/2020\/01\/IMG_20200104_145252-1536x1536.jpg 1536w, http:\/\/media.jormvattnetsfiskecamp.se\/2020\/01\/IMG_20200104_145252.jpg 1564w\" sizes=\"(max-width: 1024px) 100vw, 1024px\" \/><\/figure>\n<\/div><\/div><\/div>\n<\/div><\/div>\n<\/div><\/div>\n\n\n\n<div class=\"wp-block-group\"><div class=\"wp-block-group__inner-container is-layout-flow wp-block-group-is-layout-flow\">\n<div class=\"wp-block-group\"><div class=\"wp-block-group__inner-container is-layout-flow wp-block-group-is-layout-flow\">\n<div class=\"wp-block-group\"><div class=\"wp-block-group__inner-container is-layout-flow wp-block-group-is-layout-flow\"><div class=\"wp-block-image\">\n<figure class=\"aligncenter is-resized\"><img decoding=\"async\" width=\"1024\" height=\"1024\" src=\"http:\/\/media.jormvattnetsfiskecamp.se\/2020\/01\/IMG_20200104_171740-1024x1024.jpg\" alt=\"\" class=\"wp-image-266\" style=\"width:512px;height:512px\" srcset=\"http:\/\/media.jormvattnetsfiskecamp.se\/2020\/01\/IMG_20200104_171740-1024x1024.jpg 1024w, http:\/\/media.jormvattnetsfiskecamp.se\/2020\/01\/IMG_20200104_171740-300x300.jpg 300w, http:\/\/media.jormvattnetsfiskecamp.se\/2020\/01\/IMG_20200104_171740-150x150.jpg 150w, http:\/\/media.jormvattnetsfiskecamp.se\/2020\/01\/IMG_20200104_171740-768x768.jpg 768w, http:\/\/media.jormvattnetsfiskecamp.se\/2020\/01\/IMG_20200104_171740-1536x1536.jpg 1536w, http:\/\/media.jormvattnetsfiskecamp.se\/2020\/01\/IMG_20200104_171740.jpg 1564w\" sizes=\"(max-width: 1024px) 100vw, 1024px\" \/><\/figure>\n<\/div><\/div><\/div>\n<\/div><\/div>\n\n\n\n<div class=\"wp-block-group\"><div class=\"wp-block-group__inner-container is-layout-flow wp-block-group-is-layout-flow\"><div class=\"wp-block-image\">\n<figure class=\"aligncenter size-large is-resized\"><img decoding=\"async\" width=\"1024\" height=\"1024\" src=\"http:\/\/media.jormvattnetsfiskecamp.se\/2020\/01\/IMG_20200104_155720-1024x1024.jpg\" alt=\"\" class=\"wp-image-265\" style=\"width:512px;height:512px\" srcset=\"http:\/\/media.jormvattnetsfiskecamp.se\/2020\/01\/IMG_20200104_155720-1024x1024.jpg 1024w, http:\/\/media.jormvattnetsfiskecamp.se\/2020\/01\/IMG_20200104_155720-300x300.jpg 300w, http:\/\/media.jormvattnetsfiskecamp.se\/2020\/01\/IMG_20200104_155720-150x150.jpg 150w, http:\/\/media.jormvattnetsfiskecamp.se\/2020\/01\/IMG_20200104_155720-768x768.jpg 768w, http:\/\/media.jormvattnetsfiskecamp.se\/2020\/01\/IMG_20200104_155720-1536x1536.jpg 1536w, http:\/\/media.jormvattnetsfiskecamp.se\/2020\/01\/IMG_20200104_155720.jpg 1564w\" sizes=\"(max-width: 1024px) 100vw, 1024px\" \/><\/figure>\n<\/div><\/div><\/div>\n<\/div><\/div>\n\n\n\n<p>Foto: Marika Hopponen Westberg<\/p>\n","protected":false},"excerpt":{"rendered":"<p>Frostviken \u00e4r fantastiskt! Fiske, fishing in lakes and streams, also icefishing, buy fishinglicens H\u00e4llings\u00e5fallet, the most amazing waterfall, nearby the road, handicap friendly Brakk\u00e5fallet, magical waterfall, with possibility to take a swim, nearby the road Stekenjokk, highest part of the Wildernessroad over the mountains Gaustafallet, waterfall with amazing color, nearby the road Lerdals\u00e4lven, small river [&hellip;]<\/p>\n","protected":false},"author":1,"featured_media":267,"parent":0,"menu_order":0,"comment_status":"closed","ping_status":"closed","template":"","meta":{"footnotes":""},"class_list":["post-82","page","type-page","status-publish","has-post-thumbnail","hentry"],"yoast_head":"<!-- This site is optimized with the Yoast SEO plugin v27.5 - https:\/\/yoast.com\/product\/yoast-seo-wordpress\/ -->\n<title>Se och g\u00f6ra -<\/title>\n<meta name=\"robots\" content=\"index, follow, max-snippet:-1, max-image-preview:large, max-video-preview:-1\" \/>\n<link rel=\"canonical\" href=\"https:\/\/jormvattnetsfiskecamp.se\/wordpress\/se-och-gora\/\" \/>\n<meta property=\"og:locale\" content=\"sv_SE\" \/>\n<meta property=\"og:type\" content=\"article\" \/>\n<meta property=\"og:title\" content=\"Se och g\u00f6ra -\" \/>\n<meta property=\"og:description\" content=\"Frostviken \u00e4r fantastiskt! Fiske, fishing in lakes and streams, also icefishing, buy fishinglicens H\u00e4llings\u00e5fallet, the most amazing waterfall, nearby the road, handicap friendly Brakk\u00e5fallet, magical waterfall, with possibility to take a swim, nearby the road Stekenjokk, highest part of the Wildernessroad over the mountains Gaustafallet, waterfall with amazing color, nearby the road Lerdals\u00e4lven, small river [&hellip;]\" \/>\n<meta property=\"og:url\" content=\"https:\/\/jormvattnetsfiskecamp.se\/wordpress\/se-och-gora\/\" \/>\n<meta property=\"article:modified_time\" content=\"2025-12-16T10:15:37+00:00\" \/>\n<meta property=\"og:image\" content=\"http:\/\/media.jormvattnetsfiskecamp.se\/2020\/01\/20160805_144545-scaled.jpg\" \/>\n\t<meta property=\"og:image:width\" content=\"2560\" \/>\n\t<meta property=\"og:image:height\" content=\"1440\" \/>\n\t<meta property=\"og:image:type\" content=\"image\/jpeg\" \/>\n<meta name=\"twitter:card\" content=\"summary_large_image\" \/>\n<meta name=\"twitter:label1\" content=\"Ber\u00e4knad l\u00e4stid\" \/>\n\t<meta name=\"twitter:data1\" content=\"3 minuter\" \/>\n<script type=\"application\/ld+json\" class=\"yoast-schema-graph\">{\"@context\":\"https:\\\/\\\/schema.org\",\"@graph\":[{\"@type\":\"WebPage\",\"@id\":\"https:\\\/\\\/jormvattnetsfiskecamp.se\\\/wordpress\\\/se-och-gora\\\/\",\"url\":\"https:\\\/\\\/jormvattnetsfiskecamp.se\\\/wordpress\\\/se-och-gora\\\/\",\"name\":\"Se och g\u00f6ra -\",\"isPartOf\":{\"@id\":\"https:\\\/\\\/jormvattnetsfiskecamp.se\\\/wordpress\\\/#website\"},\"primaryImageOfPage\":{\"@id\":\"https:\\\/\\\/jormvattnetsfiskecamp.se\\\/wordpress\\\/se-och-gora\\\/#primaryimage\"},\"image\":{\"@id\":\"https:\\\/\\\/jormvattnetsfiskecamp.se\\\/wordpress\\\/se-och-gora\\\/#primaryimage\"},\"thumbnailUrl\":\"https:\\\/\\\/media.jormvattnetsfiskecamp.se\\\/2020\\\/01\\\/20160805_144545-scaled.jpg\",\"datePublished\":\"2019-05-14T10:40:37+00:00\",\"dateModified\":\"2025-12-16T10:15:37+00:00\",\"breadcrumb\":{\"@id\":\"https:\\\/\\\/jormvattnetsfiskecamp.se\\\/wordpress\\\/se-och-gora\\\/#breadcrumb\"},\"inLanguage\":\"sv-SE\",\"potentialAction\":[{\"@type\":\"ReadAction\",\"target\":[\"https:\\\/\\\/jormvattnetsfiskecamp.se\\\/wordpress\\\/se-och-gora\\\/\"]}]},{\"@type\":\"ImageObject\",\"inLanguage\":\"sv-SE\",\"@id\":\"https:\\\/\\\/jormvattnetsfiskecamp.se\\\/wordpress\\\/se-och-gora\\\/#primaryimage\",\"url\":\"https:\\\/\\\/media.jormvattnetsfiskecamp.se\\\/2020\\\/01\\\/20160805_144545-scaled.jpg\",\"contentUrl\":\"https:\\\/\\\/media.jormvattnetsfiskecamp.se\\\/2020\\\/01\\\/20160805_144545-scaled.jpg\",\"width\":2560,\"height\":1440},{\"@type\":\"BreadcrumbList\",\"@id\":\"https:\\\/\\\/jormvattnetsfiskecamp.se\\\/wordpress\\\/se-och-gora\\\/#breadcrumb\",\"itemListElement\":[{\"@type\":\"ListItem\",\"position\":1,\"name\":\"Hem\",\"item\":\"https:\\\/\\\/jormvattnetsfiskecamp.se\\\/wordpress\\\/\"},{\"@type\":\"ListItem\",\"position\":2,\"name\":\"Se och g\u00f6ra\"}]},{\"@type\":\"WebSite\",\"@id\":\"https:\\\/\\\/jormvattnetsfiskecamp.se\\\/wordpress\\\/#website\",\"url\":\"https:\\\/\\\/jormvattnetsfiskecamp.se\\\/wordpress\\\/\",\"name\":\"\",\"description\":\"\",\"potentialAction\":[{\"@type\":\"SearchAction\",\"target\":{\"@type\":\"EntryPoint\",\"urlTemplate\":\"https:\\\/\\\/jormvattnetsfiskecamp.se\\\/wordpress\\\/?s={search_term_string}\"},\"query-input\":{\"@type\":\"PropertyValueSpecification\",\"valueRequired\":true,\"valueName\":\"search_term_string\"}}],\"inLanguage\":\"sv-SE\"}]}<\/script>\n<!-- \/ Yoast SEO plugin. -->","yoast_head_json":{"title":"Se och g\u00f6ra -","robots":{"index":"index","follow":"follow","max-snippet":"max-snippet:-1","max-image-preview":"max-image-preview:large","max-video-preview":"max-video-preview:-1"},"canonical":"https:\/\/jormvattnetsfiskecamp.se\/wordpress\/se-och-gora\/","og_locale":"sv_SE","og_type":"article","og_title":"Se och g\u00f6ra -","og_description":"Frostviken \u00e4r fantastiskt! Fiske, fishing in lakes and streams, also icefishing, buy fishinglicens H\u00e4llings\u00e5fallet, the most amazing waterfall, nearby the road, handicap friendly Brakk\u00e5fallet, magical waterfall, with possibility to take a swim, nearby the road Stekenjokk, highest part of the Wildernessroad over the mountains Gaustafallet, waterfall with amazing color, nearby the road Lerdals\u00e4lven, small river [&hellip;]","og_url":"https:\/\/jormvattnetsfiskecamp.se\/wordpress\/se-och-gora\/","article_modified_time":"2025-12-16T10:15:37+00:00","og_image":[{"width":2560,"height":1440,"url":"http:\/\/media.jormvattnetsfiskecamp.se\/2020\/01\/20160805_144545-scaled.jpg","type":"image\/jpeg"}],"twitter_card":"summary_large_image","twitter_misc":{"Ber\u00e4knad l\u00e4stid":"3 minuter"},"schema":{"@context":"https:\/\/schema.org","@graph":[{"@type":"WebPage","@id":"https:\/\/jormvattnetsfiskecamp.se\/wordpress\/se-och-gora\/","url":"https:\/\/jormvattnetsfiskecamp.se\/wordpress\/se-och-gora\/","name":"Se och g\u00f6ra -","isPartOf":{"@id":"https:\/\/jormvattnetsfiskecamp.se\/wordpress\/#website"},"primaryImageOfPage":{"@id":"https:\/\/jormvattnetsfiskecamp.se\/wordpress\/se-och-gora\/#primaryimage"},"image":{"@id":"https:\/\/jormvattnetsfiskecamp.se\/wordpress\/se-och-gora\/#primaryimage"},"thumbnailUrl":"https:\/\/media.jormvattnetsfiskecamp.se\/2020\/01\/20160805_144545-scaled.jpg","datePublished":"2019-05-14T10:40:37+00:00","dateModified":"2025-12-16T10:15:37+00:00","breadcrumb":{"@id":"https:\/\/jormvattnetsfiskecamp.se\/wordpress\/se-och-gora\/#breadcrumb"},"inLanguage":"sv-SE","potentialAction":[{"@type":"ReadAction","target":["https:\/\/jormvattnetsfiskecamp.se\/wordpress\/se-och-gora\/"]}]},{"@type":"ImageObject","inLanguage":"sv-SE","@id":"https:\/\/jormvattnetsfiskecamp.se\/wordpress\/se-och-gora\/#primaryimage","url":"https:\/\/media.jormvattnetsfiskecamp.se\/2020\/01\/20160805_144545-scaled.jpg","contentUrl":"https:\/\/media.jormvattnetsfiskecamp.se\/2020\/01\/20160805_144545-scaled.jpg","width":2560,"height":1440},{"@type":"BreadcrumbList","@id":"https:\/\/jormvattnetsfiskecamp.se\/wordpress\/se-och-gora\/#breadcrumb","itemListElement":[{"@type":"ListItem","position":1,"name":"Hem","item":"https:\/\/jormvattnetsfiskecamp.se\/wordpress\/"},{"@type":"ListItem","position":2,"name":"Se och g\u00f6ra"}]},{"@type":"WebSite","@id":"https:\/\/jormvattnetsfiskecamp.se\/wordpress\/#website","url":"https:\/\/jormvattnetsfiskecamp.se\/wordpress\/","name":"","description":"","potentialAction":[{"@type":"SearchAction","target":{"@type":"EntryPoint","urlTemplate":"https:\/\/jormvattnetsfiskecamp.se\/wordpress\/?s={search_term_string}"},"query-input":{"@type":"PropertyValueSpecification","valueRequired":true,"valueName":"search_term_string"}}],"inLanguage":"sv-SE"}]}},"_links":{"self":[{"href":"https:\/\/jormvattnetsfiskecamp.se\/wordpress\/wp-json\/wp\/v2\/pages\/82","targetHints":{"allow":["GET"]}}],"collection":[{"href":"https:\/\/jormvattnetsfiskecamp.se\/wordpress\/wp-json\/wp\/v2\/pages"}],"about":[{"href":"https:\/\/jormvattnetsfiskecamp.se\/wordpress\/wp-json\/wp\/v2\/types\/page"}],"author":[{"embeddable":true,"href":"https:\/\/jormvattnetsfiskecamp.se\/wordpress\/wp-json\/wp\/v2\/users\/1"}],"replies":[{"embeddable":true,"href":"https:\/\/jormvattnetsfiskecamp.se\/wordpress\/wp-json\/wp\/v2\/comments?post=82"}],"version-history":[{"count":29,"href":"https:\/\/jormvattnetsfiskecamp.se\/wordpress\/wp-json\/wp\/v2\/pages\/82\/revisions"}],"predecessor-version":[{"id":2356,"href":"https:\/\/jormvattnetsfiskecamp.se\/wordpress\/wp-json\/wp\/v2\/pages\/82\/revisions\/2356"}],"wp:featuredmedia":[{"embeddable":true,"href":"https:\/\/jormvattnetsfiskecamp.se\/wordpress\/wp-json\/wp\/v2\/media\/267"}],"wp:attachment":[{"href":"https:\/\/jormvattnetsfiskecamp.se\/wordpress\/wp-json\/wp\/v2\/media?parent=82"}],"curies":[{"name":"wp","href":"https:\/\/api.w.org\/{rel}","templated":true}]}}