{"id":81,"date":"2019-05-14T10:40:37","date_gmt":"2019-05-14T10:40:37","guid":{"rendered":"http:\/\/jormvattnetsfiskecamp.se\/wordpress\/?page_id=81"},"modified":"2025-12-16T10:12:47","modified_gmt":"2025-12-16T10:12:47","slug":"fiske","status":"publish","type":"page","link":"https:\/\/jormvattnetsfiskecamp.se\/wordpress\/fiske\/","title":{"rendered":"Fiske"},"content":{"rendered":"\t\t<div data-elementor-type=\"wp-page\" data-elementor-id=\"81\" class=\"elementor elementor-81\">\n\t\t\t\t\t\t<section class=\"elementor-section elementor-top-section elementor-element elementor-element-58975ae7 elementor-section-boxed elementor-section-height-default elementor-section-height-default\" data-id=\"58975ae7\" data-element_type=\"section\" data-e-type=\"section\">\n\t\t\t\t\t\t<div class=\"elementor-container elementor-column-gap-default\">\n\t\t\t\t\t<div class=\"elementor-column elementor-col-100 elementor-top-column elementor-element elementor-element-68fcfae1\" data-id=\"68fcfae1\" data-element_type=\"column\" data-e-type=\"column\">\n\t\t\t<div class=\"elementor-widget-wrap elementor-element-populated\">\n\t\t\t\t\t\t<div class=\"elementor-element elementor-element-1a12bd5 elementor-widget elementor-widget-text-editor\" data-id=\"1a12bd5\" data-element_type=\"widget\" data-e-type=\"widget\" data-widget_type=\"text-editor.default\">\n\t\t\t\t<div class=\"elementor-widget-container\">\n\t\t\t\t\t\t\t\t\t\n<h2 data-start=\"166\" data-end=\"206\"><strong data-start=\"166\" data-end=\"204\">Fiske i Jormvattnet och Frostviken<\/strong><\/h2>\n<p data-start=\"208\" data-end=\"429\">H\u00e4r i omr\u00e5det finns fiskevatten f\u00f6r alla \u2013 fr\u00e5n l\u00e4ttillg\u00e4ngliga sj\u00f6ar till stilla fj\u00e4lltj\u00e4rnar och str\u00f6mmande vatten.<\/p>\n<p data-start=\"208\" data-end=\"429\">Flera av v\u00e5ra vatten \u00e4r handikappanpassade, och oavsett erfarenhet finns det n\u00e5got f\u00f6r varje fiskare.<\/p>\n<p data-start=\"431\" data-end=\"750\">\u00a0<\/p>\n<p data-start=\"431\" data-end=\"750\">Jormsj\u00f6n breder ut sig direkt utanf\u00f6r campingen och bjuder p\u00e5 magiska dagar p\u00e5 sj\u00f6n.<\/p>\n<p data-start=\"431\" data-end=\"750\">H\u00e4r kan du ro l\u00e5ngdrag i kv\u00e4llssolen eller glida fram i b\u00e5t \u00f6ver spegelblankt vatten.<\/p>\n<p data-start=\"431\" data-end=\"750\">En bit bort v\u00e4ntar fj\u00e4lltj\u00e4rnar med r\u00f6ding och \u00f6ring i kristallklart vatten \u2013 perfekta f\u00f6r den som vill kombinera fiske med vandring och stillhet.<\/p>\n<p data-start=\"752\" data-end=\"918\">\u00a0<\/p>\n<p data-start=\"752\" data-end=\"918\">Fiskes\u00e4songen str\u00e4cker sig n\u00e4stan \u00e5ret runt. P\u00e5 vintern lockar pimpelfisket \u2013 fr\u00e5n den f\u00f6rsta tunna isen till v\u00e5rvinterns soliga dagar n\u00e4r r\u00f6dingen nappar som b\u00e4st.<\/p>\n<p data-start=\"920\" data-end=\"1090\">\u00a0<\/p>\n<p data-start=\"920\" data-end=\"1090\">Fiskekort f\u00f6r <strong data-start=\"934\" data-end=\"967\">Jormvattnets Fiskev\u00e5rdsomr\u00e5de<\/strong> och <strong data-start=\"972\" data-end=\"992\">Frostvikenkortet<\/strong> (som ger tillg\u00e5ng till \u00f6ver 120 vatten) s\u00e4ljs hos oss p\u00e5 campingen eller via <strong data-start=\"1070\" data-end=\"1087\"><a class=\"decorated-link\" href=\"http:\/\/www.ifiske.se\" target=\"_new\" rel=\"noopener\" data-start=\"1072\" data-end=\"1085\">www.ifiske.se<\/a><\/strong>.<\/p>\n<p data-start=\"920\" data-end=\"1090\">\u00a0<\/p>\n<p data-start=\"920\" data-end=\"1090\">L\u00e4s fj\u00e4llfiskebroschyren fr\u00e5n Str\u00f6msunds kommun <a href=\"https:\/\/www.stromsund.se\/fiske\">H\u00c4R<\/a><\/p>\n\n<p><img fetchpriority=\"high\" decoding=\"async\" class=\"alignnone size-medium wp-image-2208\" src=\"http:\/\/media.jormvattnetsfiskecamp.se\/2025\/10\/Fjallfiske-209x300.png\" alt=\"\" width=\"209\" height=\"300\" srcset=\"http:\/\/media.jormvattnetsfiskecamp.se\/2025\/10\/Fjallfiske-209x300.png 209w, http:\/\/media.jormvattnetsfiskecamp.se\/2025\/10\/Fjallfiske.png 487w\" sizes=\"(max-width: 209px) 100vw, 209px\" \/><\/p>\n\t\t\t\t\t\t\t\t<\/div>\n\t\t\t\t<\/div>\n\t\t\t\t\t<\/div>\n\t\t<\/div>\n\t\t\t\t\t<\/div>\n\t\t<\/section>\n\t\t\t\t<section class=\"elementor-section elementor-top-section elementor-element elementor-element-91fe9ec elementor-section-boxed elementor-section-height-default elementor-section-height-default\" data-id=\"91fe9ec\" data-element_type=\"section\" data-e-type=\"section\">\n\t\t\t\t\t\t<div class=\"elementor-container elementor-column-gap-default\">\n\t\t\t\t\t<div class=\"elementor-column elementor-col-100 elementor-top-column elementor-element elementor-element-e06888a\" data-id=\"e06888a\" data-element_type=\"column\" data-e-type=\"column\">\n\t\t\t<div class=\"elementor-widget-wrap elementor-element-populated\">\n\t\t\t\t\t\t<div class=\"elementor-element elementor-element-17ed6de elementor-widget elementor-widget-text-editor\" data-id=\"17ed6de\" data-element_type=\"widget\" data-e-type=\"widget\" data-widget_type=\"text-editor.default\">\n\t\t\t\t<div class=\"elementor-widget-container\">\n\t\t\t\t\t\t\t\t\t<p>Foto: Marika Hopponen Westberg<\/p>\t\t\t\t\t\t\t\t<\/div>\n\t\t\t\t<\/div>\n\t\t\t\t\t<\/div>\n\t\t<\/div>\n\t\t\t\t\t<\/div>\n\t\t<\/section>\n\t\t\t\t<\/div>\n\t\t","protected":false},"excerpt":{"rendered":"<p>Fiske i Jormvattnet och Frostviken H\u00e4r i omr\u00e5det finns fiskevatten f\u00f6r alla \u2013 fr\u00e5n l\u00e4ttillg\u00e4ngliga sj\u00f6ar till stilla fj\u00e4lltj\u00e4rnar och str\u00f6mmande vatten. Flera av v\u00e5ra vatten \u00e4r handikappanpassade, och oavsett erfarenhet finns det n\u00e5got f\u00f6r varje fiskare. \u00a0 Jormsj\u00f6n breder ut sig direkt utanf\u00f6r campingen och bjuder p\u00e5 magiska dagar p\u00e5 sj\u00f6n. H\u00e4r kan du [&hellip;]<\/p>\n","protected":false},"author":1,"featured_media":598,"parent":0,"menu_order":0,"comment_status":"closed","ping_status":"closed","template":"","meta":{"footnotes":""},"class_list":["post-81","page","type-page","status-publish","has-post-thumbnail","hentry"],"yoast_head":"<!-- This site is optimized with the Yoast SEO plugin v27.4 - https:\/\/yoast.com\/product\/yoast-seo-wordpress\/ -->\n<title>Fiske -<\/title>\n<meta name=\"robots\" content=\"index, follow, max-snippet:-1, max-image-preview:large, max-video-preview:-1\" \/>\n<link rel=\"canonical\" href=\"https:\/\/jormvattnetsfiskecamp.se\/wordpress\/fiske\/\" \/>\n<meta property=\"og:locale\" content=\"sv_SE\" \/>\n<meta property=\"og:type\" content=\"article\" \/>\n<meta property=\"og:title\" content=\"Fiske -\" \/>\n<meta property=\"og:description\" content=\"Fiske i Jormvattnet och Frostviken H\u00e4r i omr\u00e5det finns fiskevatten f\u00f6r alla \u2013 fr\u00e5n l\u00e4ttillg\u00e4ngliga sj\u00f6ar till stilla fj\u00e4lltj\u00e4rnar och str\u00f6mmande vatten. Flera av v\u00e5ra vatten \u00e4r handikappanpassade, och oavsett erfarenhet finns det n\u00e5got f\u00f6r varje fiskare. \u00a0 Jormsj\u00f6n breder ut sig direkt utanf\u00f6r campingen och bjuder p\u00e5 magiska dagar p\u00e5 sj\u00f6n. H\u00e4r kan du [&hellip;]\" \/>\n<meta property=\"og:url\" content=\"https:\/\/jormvattnetsfiskecamp.se\/wordpress\/fiske\/\" \/>\n<meta property=\"article:modified_time\" content=\"2025-12-16T10:12:47+00:00\" \/>\n<meta property=\"og:image\" content=\"http:\/\/media.jormvattnetsfiskecamp.se\/2020\/05\/pappa-1.jpg\" \/>\n\t<meta property=\"og:image:width\" content=\"2016\" \/>\n\t<meta property=\"og:image:height\" content=\"1134\" \/>\n\t<meta property=\"og:image:type\" content=\"image\/jpeg\" \/>\n<meta name=\"twitter:card\" content=\"summary_large_image\" \/>\n<meta name=\"twitter:label1\" content=\"Ber\u00e4knad l\u00e4stid\" \/>\n\t<meta name=\"twitter:data1\" content=\"1 minut\" \/>\n<script type=\"application\/ld+json\" class=\"yoast-schema-graph\">{\"@context\":\"https:\\\/\\\/schema.org\",\"@graph\":[{\"@type\":\"WebPage\",\"@id\":\"https:\\\/\\\/jormvattnetsfiskecamp.se\\\/wordpress\\\/fiske\\\/\",\"url\":\"https:\\\/\\\/jormvattnetsfiskecamp.se\\\/wordpress\\\/fiske\\\/\",\"name\":\"Fiske -\",\"isPartOf\":{\"@id\":\"https:\\\/\\\/jormvattnetsfiskecamp.se\\\/wordpress\\\/#website\"},\"primaryImageOfPage\":{\"@id\":\"https:\\\/\\\/jormvattnetsfiskecamp.se\\\/wordpress\\\/fiske\\\/#primaryimage\"},\"image\":{\"@id\":\"https:\\\/\\\/jormvattnetsfiskecamp.se\\\/wordpress\\\/fiske\\\/#primaryimage\"},\"thumbnailUrl\":\"https:\\\/\\\/media.jormvattnetsfiskecamp.se\\\/2020\\\/05\\\/pappa-1.jpg\",\"datePublished\":\"2019-05-14T10:40:37+00:00\",\"dateModified\":\"2025-12-16T10:12:47+00:00\",\"breadcrumb\":{\"@id\":\"https:\\\/\\\/jormvattnetsfiskecamp.se\\\/wordpress\\\/fiske\\\/#breadcrumb\"},\"inLanguage\":\"sv-SE\",\"potentialAction\":[{\"@type\":\"ReadAction\",\"target\":[\"https:\\\/\\\/jormvattnetsfiskecamp.se\\\/wordpress\\\/fiske\\\/\"]}]},{\"@type\":\"ImageObject\",\"inLanguage\":\"sv-SE\",\"@id\":\"https:\\\/\\\/jormvattnetsfiskecamp.se\\\/wordpress\\\/fiske\\\/#primaryimage\",\"url\":\"https:\\\/\\\/media.jormvattnetsfiskecamp.se\\\/2020\\\/05\\\/pappa-1.jpg\",\"contentUrl\":\"https:\\\/\\\/media.jormvattnetsfiskecamp.se\\\/2020\\\/05\\\/pappa-1.jpg\",\"width\":2016,\"height\":1134},{\"@type\":\"BreadcrumbList\",\"@id\":\"https:\\\/\\\/jormvattnetsfiskecamp.se\\\/wordpress\\\/fiske\\\/#breadcrumb\",\"itemListElement\":[{\"@type\":\"ListItem\",\"position\":1,\"name\":\"Hem\",\"item\":\"https:\\\/\\\/jormvattnetsfiskecamp.se\\\/wordpress\\\/\"},{\"@type\":\"ListItem\",\"position\":2,\"name\":\"Fiske\"}]},{\"@type\":\"WebSite\",\"@id\":\"https:\\\/\\\/jormvattnetsfiskecamp.se\\\/wordpress\\\/#website\",\"url\":\"https:\\\/\\\/jormvattnetsfiskecamp.se\\\/wordpress\\\/\",\"name\":\"\",\"description\":\"\",\"potentialAction\":[{\"@type\":\"SearchAction\",\"target\":{\"@type\":\"EntryPoint\",\"urlTemplate\":\"https:\\\/\\\/jormvattnetsfiskecamp.se\\\/wordpress\\\/?s={search_term_string}\"},\"query-input\":{\"@type\":\"PropertyValueSpecification\",\"valueRequired\":true,\"valueName\":\"search_term_string\"}}],\"inLanguage\":\"sv-SE\"}]}<\/script>\n<!-- \/ Yoast SEO plugin. -->","yoast_head_json":{"title":"Fiske -","robots":{"index":"index","follow":"follow","max-snippet":"max-snippet:-1","max-image-preview":"max-image-preview:large","max-video-preview":"max-video-preview:-1"},"canonical":"https:\/\/jormvattnetsfiskecamp.se\/wordpress\/fiske\/","og_locale":"sv_SE","og_type":"article","og_title":"Fiske -","og_description":"Fiske i Jormvattnet och Frostviken H\u00e4r i omr\u00e5det finns fiskevatten f\u00f6r alla \u2013 fr\u00e5n l\u00e4ttillg\u00e4ngliga sj\u00f6ar till stilla fj\u00e4lltj\u00e4rnar och str\u00f6mmande vatten. Flera av v\u00e5ra vatten \u00e4r handikappanpassade, och oavsett erfarenhet finns det n\u00e5got f\u00f6r varje fiskare. \u00a0 Jormsj\u00f6n breder ut sig direkt utanf\u00f6r campingen och bjuder p\u00e5 magiska dagar p\u00e5 sj\u00f6n. H\u00e4r kan du [&hellip;]","og_url":"https:\/\/jormvattnetsfiskecamp.se\/wordpress\/fiske\/","article_modified_time":"2025-12-16T10:12:47+00:00","og_image":[{"width":2016,"height":1134,"url":"http:\/\/media.jormvattnetsfiskecamp.se\/2020\/05\/pappa-1.jpg","type":"image\/jpeg"}],"twitter_card":"summary_large_image","twitter_misc":{"Ber\u00e4knad l\u00e4stid":"1 minut"},"schema":{"@context":"https:\/\/schema.org","@graph":[{"@type":"WebPage","@id":"https:\/\/jormvattnetsfiskecamp.se\/wordpress\/fiske\/","url":"https:\/\/jormvattnetsfiskecamp.se\/wordpress\/fiske\/","name":"Fiske -","isPartOf":{"@id":"https:\/\/jormvattnetsfiskecamp.se\/wordpress\/#website"},"primaryImageOfPage":{"@id":"https:\/\/jormvattnetsfiskecamp.se\/wordpress\/fiske\/#primaryimage"},"image":{"@id":"https:\/\/jormvattnetsfiskecamp.se\/wordpress\/fiske\/#primaryimage"},"thumbnailUrl":"https:\/\/media.jormvattnetsfiskecamp.se\/2020\/05\/pappa-1.jpg","datePublished":"2019-05-14T10:40:37+00:00","dateModified":"2025-12-16T10:12:47+00:00","breadcrumb":{"@id":"https:\/\/jormvattnetsfiskecamp.se\/wordpress\/fiske\/#breadcrumb"},"inLanguage":"sv-SE","potentialAction":[{"@type":"ReadAction","target":["https:\/\/jormvattnetsfiskecamp.se\/wordpress\/fiske\/"]}]},{"@type":"ImageObject","inLanguage":"sv-SE","@id":"https:\/\/jormvattnetsfiskecamp.se\/wordpress\/fiske\/#primaryimage","url":"https:\/\/media.jormvattnetsfiskecamp.se\/2020\/05\/pappa-1.jpg","contentUrl":"https:\/\/media.jormvattnetsfiskecamp.se\/2020\/05\/pappa-1.jpg","width":2016,"height":1134},{"@type":"BreadcrumbList","@id":"https:\/\/jormvattnetsfiskecamp.se\/wordpress\/fiske\/#breadcrumb","itemListElement":[{"@type":"ListItem","position":1,"name":"Hem","item":"https:\/\/jormvattnetsfiskecamp.se\/wordpress\/"},{"@type":"ListItem","position":2,"name":"Fiske"}]},{"@type":"WebSite","@id":"https:\/\/jormvattnetsfiskecamp.se\/wordpress\/#website","url":"https:\/\/jormvattnetsfiskecamp.se\/wordpress\/","name":"","description":"","potentialAction":[{"@type":"SearchAction","target":{"@type":"EntryPoint","urlTemplate":"https:\/\/jormvattnetsfiskecamp.se\/wordpress\/?s={search_term_string}"},"query-input":{"@type":"PropertyValueSpecification","valueRequired":true,"valueName":"search_term_string"}}],"inLanguage":"sv-SE"}]}},"_links":{"self":[{"href":"https:\/\/jormvattnetsfiskecamp.se\/wordpress\/wp-json\/wp\/v2\/pages\/81","targetHints":{"allow":["GET"]}}],"collection":[{"href":"https:\/\/jormvattnetsfiskecamp.se\/wordpress\/wp-json\/wp\/v2\/pages"}],"about":[{"href":"https:\/\/jormvattnetsfiskecamp.se\/wordpress\/wp-json\/wp\/v2\/types\/page"}],"author":[{"embeddable":true,"href":"https:\/\/jormvattnetsfiskecamp.se\/wordpress\/wp-json\/wp\/v2\/users\/1"}],"replies":[{"embeddable":true,"href":"https:\/\/jormvattnetsfiskecamp.se\/wordpress\/wp-json\/wp\/v2\/comments?post=81"}],"version-history":[{"count":25,"href":"https:\/\/jormvattnetsfiskecamp.se\/wordpress\/wp-json\/wp\/v2\/pages\/81\/revisions"}],"predecessor-version":[{"id":2350,"href":"https:\/\/jormvattnetsfiskecamp.se\/wordpress\/wp-json\/wp\/v2\/pages\/81\/revisions\/2350"}],"wp:featuredmedia":[{"embeddable":true,"href":"https:\/\/jormvattnetsfiskecamp.se\/wordpress\/wp-json\/wp\/v2\/media\/598"}],"wp:attachment":[{"href":"https:\/\/jormvattnetsfiskecamp.se\/wordpress\/wp-json\/wp\/v2\/media?parent=81"}],"curies":[{"name":"wp","href":"https:\/\/api.w.org\/{rel}","templated":true}]}}