{"id":80,"date":"2019-05-14T10:40:37","date_gmt":"2019-05-14T10:40:37","guid":{"rendered":"http:\/\/jormvattnetsfiskecamp.se\/wordpress\/?page_id=80"},"modified":"2025-12-16T10:08:19","modified_gmt":"2025-12-16T10:08:19","slug":"boende","status":"publish","type":"page","link":"https:\/\/jormvattnetsfiskecamp.se\/wordpress\/boende\/","title":{"rendered":"Boende"},"content":{"rendered":"\t\t<div data-elementor-type=\"wp-page\" data-elementor-id=\"80\" class=\"elementor elementor-80\">\n\t\t\t\t\t\t<section class=\"elementor-section elementor-top-section elementor-element elementor-element-4833d6af elementor-section-boxed elementor-section-height-default elementor-section-height-default\" data-id=\"4833d6af\" data-element_type=\"section\" data-e-type=\"section\">\n\t\t\t\t\t\t<div class=\"elementor-container elementor-column-gap-default\">\n\t\t\t\t\t<div class=\"elementor-column elementor-col-100 elementor-top-column elementor-element elementor-element-792d3ad5\" data-id=\"792d3ad5\" data-element_type=\"column\" data-e-type=\"column\">\n\t\t\t<div class=\"elementor-widget-wrap elementor-element-populated\">\n\t\t\t\t\t\t<div class=\"elementor-element elementor-element-36fcf665 elementor-widget elementor-widget-text-editor\" data-id=\"36fcf665\" data-element_type=\"widget\" data-e-type=\"widget\" data-widget_type=\"text-editor.default\">\n\t\t\t\t<div class=\"elementor-widget-container\">\n\t\t\t\t\t\t\t\t\t<p data-start=\"450\" data-end=\"479\"><strong data-start=\"450\" data-end=\"477\">Bo hos oss vid Jormsj\u00f6n<\/strong><\/p><p data-start=\"481\" data-end=\"623\">P\u00e5 v\u00e5r natursk\u00f6na camping, precis vid strandkanten av Jormsj\u00f6n, finns flera boendealternativ \u2013 alla med n\u00e4rhet till naturen och sj\u00f6n.<\/p><p data-start=\"625\" data-end=\"852\"><strong data-start=\"625\" data-end=\"635\">Stugor<\/strong><br data-start=\"635\" data-end=\"638\" \/>V\u00e4lj mellan mindre och st\u00f6rre stugor med olika standard. N\u00e5gra stugor har toalett, dusch och k\u00f6k medan n\u00e5gra ligger i\u00a0 n\u00e4ra anslutning till v\u00e5ra servicehus med toaletter, k\u00f6k, duschar, bastu och relax. Alla stugor har sj\u00f6utsikt och m\u00f6jlighet att ta med hund.<\/p><p data-start=\"854\" data-end=\"1041\"><strong data-start=\"854\" data-end=\"874\">Husvagn &amp; husbil<\/strong><br data-start=\"874\" data-end=\"877\" \/>Vi har 19 platser med el- standardplatser samt platser vid sj\u00f6n med direkt sj\u00f6utsikt. V\u00e5r camping \u00e4r \u00f6ppen \u00e5ret runt men under vinters\u00e4songen \u00e4r v\u00e5ra st\u00e4llplatser bokade av vinteruppst\u00e4llare.<\/p><p data-start=\"854\" data-end=\"1041\">V\u00e5ra vinterplatser \u00e4r popul\u00e4ra- kontakta oss f\u00f6r k\u00f6lista och mer information.<\/p><p data-start=\"1043\" data-end=\"1165\"><strong data-start=\"1043\" data-end=\"1051\">T\u00e4lt<\/strong><br data-start=\"1051\" data-end=\"1054\" \/>F\u00f6r dig som vill komma riktigt n\u00e4ra naturen finns plats f\u00f6r t\u00e4lt \u2013 precis vid vattnet med utsikt mot fj\u00e4llen.<\/p><p data-start=\"1167\" data-end=\"1316\">\u00a0<\/p><p data-start=\"1167\" data-end=\"1316\">Alla g\u00e4ster har tillg\u00e5ng till v\u00e5ra servicehus med toaletter, k\u00f6k, duschar, bastu och relax och tv\u00e4ttm\u00f6jligheter (mot en extra kostnad). P\u00e5 campingen finns \u00e4ven ett fiskrenseri, en fiskr\u00f6k samt en grillplats f\u00f6r trevliga grillkv\u00e4llar. Det finns \u00e4ven m\u00f6jlighet att hyra b\u00e5t eller kajak under sommartid.<\/p><p data-start=\"1167\" data-end=\"1316\"><br data-start=\"1251\" data-end=\"1254\" \/><strong>Stugor:<\/strong> <span style=\"text-decoration: underline;\">Incheckning fr\u00e5n kl. 15.00 och utcheckning senast kl. 11.00.<\/span><\/p><p data-start=\"1167\" data-end=\"1316\"><strong>St\u00e4llplatser:<\/strong> <span style=\"text-decoration: underline;\">Incheckning fr\u00e5n kl. 15.00 och utcheckning senast kl. 14.00.<\/span><\/p><p data-start=\"1318\" data-end=\"1402\">F\u00f6r priser, bokningsvillkor och information om v\u00e5ra till\u00e4ggstj\u00e4nster \u2013 Boka direkt p\u00e5 hemsidan eller kontakta receptionen p\u00e5 +46(0)672-20100 eller info@jormvattnetsfiskecamp.se<\/p>\t\t\t\t\t\t\t\t<\/div>\n\t\t\t\t<\/div>\n\t\t\t\t\t<\/div>\n\t\t<\/div>\n\t\t\t\t\t<\/div>\n\t\t<\/section>\n\t\t\t\t<section class=\"elementor-section elementor-top-section elementor-element elementor-element-3277c71 elementor-section-boxed elementor-section-height-default elementor-section-height-default\" data-id=\"3277c71\" data-element_type=\"section\" data-e-type=\"section\">\n\t\t\t\t\t\t<div class=\"elementor-container elementor-column-gap-default\">\n\t\t\t\t\t<div class=\"elementor-column elementor-col-100 elementor-top-column elementor-element elementor-element-886b9b4\" data-id=\"886b9b4\" data-element_type=\"column\" data-e-type=\"column\">\n\t\t\t<div class=\"elementor-widget-wrap elementor-element-populated\">\n\t\t\t\t\t\t<div class=\"elementor-element elementor-element-3d931eb elementor-widget elementor-widget-text-editor\" data-id=\"3d931eb\" data-element_type=\"widget\" data-e-type=\"widget\" data-widget_type=\"text-editor.default\">\n\t\t\t\t<div class=\"elementor-widget-container\">\n\t\t\t\t\t\t\t\t\t<p>Foto: Marika Hopponen Westberg<\/p>\t\t\t\t\t\t\t\t<\/div>\n\t\t\t\t<\/div>\n\t\t\t\t\t<\/div>\n\t\t<\/div>\n\t\t\t\t\t<\/div>\n\t\t<\/section>\n\t\t\t\t<\/div>\n\t\t","protected":false},"excerpt":{"rendered":"<p>Bo hos oss vid Jormsj\u00f6n P\u00e5 v\u00e5r natursk\u00f6na camping, precis vid strandkanten av Jormsj\u00f6n, finns flera boendealternativ \u2013 alla med n\u00e4rhet till naturen och sj\u00f6n. StugorV\u00e4lj mellan mindre och st\u00f6rre stugor med olika standard. N\u00e5gra stugor har toalett, dusch och k\u00f6k medan n\u00e5gra ligger i\u00a0 n\u00e4ra anslutning till v\u00e5ra servicehus med toaletter, k\u00f6k, duschar, bastu [&hellip;]<\/p>\n","protected":false},"author":1,"featured_media":716,"parent":0,"menu_order":0,"comment_status":"closed","ping_status":"closed","template":"","meta":{"footnotes":""},"class_list":["post-80","page","type-page","status-publish","has-post-thumbnail","hentry"],"yoast_head":"<!-- This site is optimized with the Yoast SEO plugin v27.4 - https:\/\/yoast.com\/product\/yoast-seo-wordpress\/ -->\n<title>Boende -<\/title>\n<meta name=\"robots\" content=\"index, follow, max-snippet:-1, max-image-preview:large, max-video-preview:-1\" \/>\n<link rel=\"canonical\" href=\"https:\/\/jormvattnetsfiskecamp.se\/wordpress\/boende\/\" \/>\n<meta property=\"og:locale\" content=\"sv_SE\" \/>\n<meta property=\"og:type\" content=\"article\" \/>\n<meta property=\"og:title\" content=\"Boende -\" \/>\n<meta property=\"og:description\" content=\"Bo hos oss vid Jormsj\u00f6n P\u00e5 v\u00e5r natursk\u00f6na camping, precis vid strandkanten av Jormsj\u00f6n, finns flera boendealternativ \u2013 alla med n\u00e4rhet till naturen och sj\u00f6n. StugorV\u00e4lj mellan mindre och st\u00f6rre stugor med olika standard. N\u00e5gra stugor har toalett, dusch och k\u00f6k medan n\u00e5gra ligger i\u00a0 n\u00e4ra anslutning till v\u00e5ra servicehus med toaletter, k\u00f6k, duschar, bastu [&hellip;]\" \/>\n<meta property=\"og:url\" content=\"https:\/\/jormvattnetsfiskecamp.se\/wordpress\/boende\/\" \/>\n<meta property=\"article:modified_time\" content=\"2025-12-16T10:08:19+00:00\" \/>\n<meta property=\"og:image\" content=\"http:\/\/media.jormvattnetsfiskecamp.se\/2020\/07\/IMG_20200717_212422_097-scaled.jpg\" \/>\n\t<meta property=\"og:image:width\" content=\"2560\" \/>\n\t<meta property=\"og:image:height\" content=\"1341\" \/>\n\t<meta property=\"og:image:type\" content=\"image\/jpeg\" \/>\n<meta name=\"twitter:card\" content=\"summary_large_image\" \/>\n<meta name=\"twitter:label1\" content=\"Ber\u00e4knad l\u00e4stid\" \/>\n\t<meta name=\"twitter:data1\" content=\"2 minuter\" \/>\n<script type=\"application\/ld+json\" class=\"yoast-schema-graph\">{\"@context\":\"https:\\\/\\\/schema.org\",\"@graph\":[{\"@type\":\"WebPage\",\"@id\":\"https:\\\/\\\/jormvattnetsfiskecamp.se\\\/wordpress\\\/boende\\\/\",\"url\":\"https:\\\/\\\/jormvattnetsfiskecamp.se\\\/wordpress\\\/boende\\\/\",\"name\":\"Boende -\",\"isPartOf\":{\"@id\":\"https:\\\/\\\/jormvattnetsfiskecamp.se\\\/wordpress\\\/#website\"},\"primaryImageOfPage\":{\"@id\":\"https:\\\/\\\/jormvattnetsfiskecamp.se\\\/wordpress\\\/boende\\\/#primaryimage\"},\"image\":{\"@id\":\"https:\\\/\\\/jormvattnetsfiskecamp.se\\\/wordpress\\\/boende\\\/#primaryimage\"},\"thumbnailUrl\":\"https:\\\/\\\/media.jormvattnetsfiskecamp.se\\\/2020\\\/07\\\/IMG_20200717_212422_097-scaled.jpg\",\"datePublished\":\"2019-05-14T10:40:37+00:00\",\"dateModified\":\"2025-12-16T10:08:19+00:00\",\"breadcrumb\":{\"@id\":\"https:\\\/\\\/jormvattnetsfiskecamp.se\\\/wordpress\\\/boende\\\/#breadcrumb\"},\"inLanguage\":\"sv-SE\",\"potentialAction\":[{\"@type\":\"ReadAction\",\"target\":[\"https:\\\/\\\/jormvattnetsfiskecamp.se\\\/wordpress\\\/boende\\\/\"]}]},{\"@type\":\"ImageObject\",\"inLanguage\":\"sv-SE\",\"@id\":\"https:\\\/\\\/jormvattnetsfiskecamp.se\\\/wordpress\\\/boende\\\/#primaryimage\",\"url\":\"https:\\\/\\\/media.jormvattnetsfiskecamp.se\\\/2020\\\/07\\\/IMG_20200717_212422_097-scaled.jpg\",\"contentUrl\":\"https:\\\/\\\/media.jormvattnetsfiskecamp.se\\\/2020\\\/07\\\/IMG_20200717_212422_097-scaled.jpg\",\"width\":2560,\"height\":1341},{\"@type\":\"BreadcrumbList\",\"@id\":\"https:\\\/\\\/jormvattnetsfiskecamp.se\\\/wordpress\\\/boende\\\/#breadcrumb\",\"itemListElement\":[{\"@type\":\"ListItem\",\"position\":1,\"name\":\"Hem\",\"item\":\"https:\\\/\\\/jormvattnetsfiskecamp.se\\\/wordpress\\\/\"},{\"@type\":\"ListItem\",\"position\":2,\"name\":\"Boende\"}]},{\"@type\":\"WebSite\",\"@id\":\"https:\\\/\\\/jormvattnetsfiskecamp.se\\\/wordpress\\\/#website\",\"url\":\"https:\\\/\\\/jormvattnetsfiskecamp.se\\\/wordpress\\\/\",\"name\":\"\",\"description\":\"\",\"potentialAction\":[{\"@type\":\"SearchAction\",\"target\":{\"@type\":\"EntryPoint\",\"urlTemplate\":\"https:\\\/\\\/jormvattnetsfiskecamp.se\\\/wordpress\\\/?s={search_term_string}\"},\"query-input\":{\"@type\":\"PropertyValueSpecification\",\"valueRequired\":true,\"valueName\":\"search_term_string\"}}],\"inLanguage\":\"sv-SE\"}]}<\/script>\n<!-- \/ Yoast SEO plugin. -->","yoast_head_json":{"title":"Boende -","robots":{"index":"index","follow":"follow","max-snippet":"max-snippet:-1","max-image-preview":"max-image-preview:large","max-video-preview":"max-video-preview:-1"},"canonical":"https:\/\/jormvattnetsfiskecamp.se\/wordpress\/boende\/","og_locale":"sv_SE","og_type":"article","og_title":"Boende -","og_description":"Bo hos oss vid Jormsj\u00f6n P\u00e5 v\u00e5r natursk\u00f6na camping, precis vid strandkanten av Jormsj\u00f6n, finns flera boendealternativ \u2013 alla med n\u00e4rhet till naturen och sj\u00f6n. StugorV\u00e4lj mellan mindre och st\u00f6rre stugor med olika standard. N\u00e5gra stugor har toalett, dusch och k\u00f6k medan n\u00e5gra ligger i\u00a0 n\u00e4ra anslutning till v\u00e5ra servicehus med toaletter, k\u00f6k, duschar, bastu [&hellip;]","og_url":"https:\/\/jormvattnetsfiskecamp.se\/wordpress\/boende\/","article_modified_time":"2025-12-16T10:08:19+00:00","og_image":[{"width":2560,"height":1341,"url":"http:\/\/media.jormvattnetsfiskecamp.se\/2020\/07\/IMG_20200717_212422_097-scaled.jpg","type":"image\/jpeg"}],"twitter_card":"summary_large_image","twitter_misc":{"Ber\u00e4knad l\u00e4stid":"2 minuter"},"schema":{"@context":"https:\/\/schema.org","@graph":[{"@type":"WebPage","@id":"https:\/\/jormvattnetsfiskecamp.se\/wordpress\/boende\/","url":"https:\/\/jormvattnetsfiskecamp.se\/wordpress\/boende\/","name":"Boende -","isPartOf":{"@id":"https:\/\/jormvattnetsfiskecamp.se\/wordpress\/#website"},"primaryImageOfPage":{"@id":"https:\/\/jormvattnetsfiskecamp.se\/wordpress\/boende\/#primaryimage"},"image":{"@id":"https:\/\/jormvattnetsfiskecamp.se\/wordpress\/boende\/#primaryimage"},"thumbnailUrl":"https:\/\/media.jormvattnetsfiskecamp.se\/2020\/07\/IMG_20200717_212422_097-scaled.jpg","datePublished":"2019-05-14T10:40:37+00:00","dateModified":"2025-12-16T10:08:19+00:00","breadcrumb":{"@id":"https:\/\/jormvattnetsfiskecamp.se\/wordpress\/boende\/#breadcrumb"},"inLanguage":"sv-SE","potentialAction":[{"@type":"ReadAction","target":["https:\/\/jormvattnetsfiskecamp.se\/wordpress\/boende\/"]}]},{"@type":"ImageObject","inLanguage":"sv-SE","@id":"https:\/\/jormvattnetsfiskecamp.se\/wordpress\/boende\/#primaryimage","url":"https:\/\/media.jormvattnetsfiskecamp.se\/2020\/07\/IMG_20200717_212422_097-scaled.jpg","contentUrl":"https:\/\/media.jormvattnetsfiskecamp.se\/2020\/07\/IMG_20200717_212422_097-scaled.jpg","width":2560,"height":1341},{"@type":"BreadcrumbList","@id":"https:\/\/jormvattnetsfiskecamp.se\/wordpress\/boende\/#breadcrumb","itemListElement":[{"@type":"ListItem","position":1,"name":"Hem","item":"https:\/\/jormvattnetsfiskecamp.se\/wordpress\/"},{"@type":"ListItem","position":2,"name":"Boende"}]},{"@type":"WebSite","@id":"https:\/\/jormvattnetsfiskecamp.se\/wordpress\/#website","url":"https:\/\/jormvattnetsfiskecamp.se\/wordpress\/","name":"","description":"","potentialAction":[{"@type":"SearchAction","target":{"@type":"EntryPoint","urlTemplate":"https:\/\/jormvattnetsfiskecamp.se\/wordpress\/?s={search_term_string}"},"query-input":{"@type":"PropertyValueSpecification","valueRequired":true,"valueName":"search_term_string"}}],"inLanguage":"sv-SE"}]}},"_links":{"self":[{"href":"https:\/\/jormvattnetsfiskecamp.se\/wordpress\/wp-json\/wp\/v2\/pages\/80","targetHints":{"allow":["GET"]}}],"collection":[{"href":"https:\/\/jormvattnetsfiskecamp.se\/wordpress\/wp-json\/wp\/v2\/pages"}],"about":[{"href":"https:\/\/jormvattnetsfiskecamp.se\/wordpress\/wp-json\/wp\/v2\/types\/page"}],"author":[{"embeddable":true,"href":"https:\/\/jormvattnetsfiskecamp.se\/wordpress\/wp-json\/wp\/v2\/users\/1"}],"replies":[{"embeddable":true,"href":"https:\/\/jormvattnetsfiskecamp.se\/wordpress\/wp-json\/wp\/v2\/comments?post=80"}],"version-history":[{"count":72,"href":"https:\/\/jormvattnetsfiskecamp.se\/wordpress\/wp-json\/wp\/v2\/pages\/80\/revisions"}],"predecessor-version":[{"id":2335,"href":"https:\/\/jormvattnetsfiskecamp.se\/wordpress\/wp-json\/wp\/v2\/pages\/80\/revisions\/2335"}],"wp:featuredmedia":[{"embeddable":true,"href":"https:\/\/jormvattnetsfiskecamp.se\/wordpress\/wp-json\/wp\/v2\/media\/716"}],"wp:attachment":[{"href":"https:\/\/jormvattnetsfiskecamp.se\/wordpress\/wp-json\/wp\/v2\/media?parent=80"}],"curies":[{"name":"wp","href":"https:\/\/api.w.org\/{rel}","templated":true}]}}