{"id":575,"date":"2020-05-15T18:41:42","date_gmt":"2020-05-15T18:41:42","guid":{"rendered":"http:\/\/jormvattnetsfiskecamp.se\/wordpress\/?page_id=575"},"modified":"2025-12-16T10:10:44","modified_gmt":"2025-12-16T10:10:44","slug":"om","status":"publish","type":"page","link":"https:\/\/jormvattnetsfiskecamp.se\/wordpress\/om\/","title":{"rendered":"Om oss"},"content":{"rendered":"\t\t<div data-elementor-type=\"wp-page\" data-elementor-id=\"575\" class=\"elementor elementor-575\">\n\t\t\t\t\t\t<section class=\"elementor-section elementor-top-section elementor-element elementor-element-6ed4ef40 elementor-section-boxed elementor-section-height-default elementor-section-height-default\" data-id=\"6ed4ef40\" data-element_type=\"section\" data-e-type=\"section\">\n\t\t\t\t\t\t<div class=\"elementor-container elementor-column-gap-default\">\n\t\t\t\t\t<div class=\"elementor-column elementor-col-100 elementor-top-column elementor-element elementor-element-426c7855\" data-id=\"426c7855\" data-element_type=\"column\" data-e-type=\"column\">\n\t\t\t<div class=\"elementor-widget-wrap elementor-element-populated\">\n\t\t\t\t\t\t\t<\/div>\n\t\t<\/div>\n\t\t\t\t\t<\/div>\n\t\t<\/section>\n\t\t\t\t<section class=\"elementor-section elementor-top-section elementor-element elementor-element-129c305 elementor-section-boxed elementor-section-height-default elementor-section-height-default\" data-id=\"129c305\" data-element_type=\"section\" data-e-type=\"section\">\n\t\t\t\t\t\t<div class=\"elementor-container elementor-column-gap-default\">\n\t\t\t\t\t<div class=\"elementor-column elementor-col-100 elementor-top-column elementor-element elementor-element-c166dcc\" data-id=\"c166dcc\" data-element_type=\"column\" data-e-type=\"column\">\n\t\t\t<div class=\"elementor-widget-wrap elementor-element-populated\">\n\t\t\t\t\t\t<div class=\"elementor-element elementor-element-188caa9 elementor-widget elementor-widget-text-editor\" data-id=\"188caa9\" data-element_type=\"widget\" data-e-type=\"widget\" data-widget_type=\"text-editor.default\">\n\t\t\t\t<div class=\"elementor-widget-container\">\n\t\t\t\t\t\t\t\t\t<p data-start=\"140\" data-end=\"336\"><strong data-start=\"140\" data-end=\"181\">V\u00e4lkommen till Jormvattnets Fiskecamp<\/strong><\/p><p data-start=\"140\" data-end=\"336\">\u00a0<\/p><p data-start=\"140\" data-end=\"336\"><strong>Kontakt:<\/strong><\/p><p data-start=\"140\" data-end=\"336\">+46(0)672-20100<\/p><p data-start=\"140\" data-end=\"336\">info@jormvattnetsfiskecamp.se<\/p><p data-start=\"140\" data-end=\"336\"><br data-start=\"181\" data-end=\"184\" \/>Mitt i norra J\u00e4mtland, vid Jormsj\u00f6ns strand, ligger v\u00e5r fiskecamp \u2013 omgiven av fj\u00e4ll, skog och stillhet.<\/p><p data-start=\"140\" data-end=\"336\">H\u00e4r m\u00f6ts naturens lugn och \u00e4ventyrets frihet.<\/p><p data-start=\"338\" data-end=\"578\">\u00a0<\/p><p data-start=\"338\" data-end=\"578\">Bo i stuga, p\u00e5 st\u00e4llplats eller i t\u00e4lt \u2013 alltid n\u00e4ra vattnet och med utsikt som tar andan ur dig.<\/p><p data-start=\"338\" data-end=\"578\">Servicehus med dusch, k\u00f6k, bastu och relax finns f\u00f6r alla g\u00e4ster. Vi erbjuder \u00e4ven latrint\u00f6mning och tv\u00e4ttm\u00f6jligheter.<\/p><p data-start=\"338\" data-end=\"578\">Hundar \u00e4r sj\u00e4lvklart v\u00e4lkomna.<\/p><p data-start=\"580\" data-end=\"787\">\u00a0<\/p><p data-start=\"580\" data-end=\"787\">Fisket i Jormsj\u00f6n och de n\u00e4rliggande tj\u00e4rnarna \u00e4r f\u00f6rstklassigt. H\u00e4r finns r\u00f6ding och \u00f6ring i kristallklara vatten.<\/p><p data-start=\"580\" data-end=\"787\">Du kan rensa och r\u00f6ka din f\u00e5ngst direkt p\u00e5 campen, eller bara njuta av kv\u00e4llen vid elden.<\/p><p data-start=\"789\" data-end=\"936\">\u00a0<\/p><p data-start=\"789\" data-end=\"936\">N\u00e4r vintern kommer lockar skoterleder, skid\u00e5kning och gnistrande fj\u00e4ll.<\/p><p data-start=\"789\" data-end=\"936\">Sommaren bjuder p\u00e5 b\u00e5tturer, vandringar och l\u00e5nga ljusa kv\u00e4llar vid sj\u00f6n.<\/p><p data-start=\"938\" data-end=\"1055\">Jormvattnets Fiskecamp \u00e4r platsen d\u00e4r du hittar b\u00e5de ro och \u00e4ventyr \u2013 \u00e5ret runt, mitt i den j\u00e4mtl\u00e4ndska vildmarken.<\/p><p><!-- \/wp:paragraph --><!-- wp:image {\"id\":212,\"width\":\"310px\",\"height\":\"auto\",\"sizeSlug\":\"full\",\"align\":\"center\",\"className\":\"is-resized\"} --><\/p><figure class=\"wp-block-image aligncenter size-full is-resized\"><img fetchpriority=\"high\" decoding=\"async\" width=\"2289\" height=\"700\" class=\"wp-image-212\" style=\"width: 310px; height: auto;\" src=\"http:\/\/media.jormvattnetsfiskecamp.se\/2020\/01\/Fiskecamp-logga-3.jpg\" alt=\"\" srcset=\"http:\/\/media.jormvattnetsfiskecamp.se\/2020\/01\/Fiskecamp-logga-3.jpg 2289w, http:\/\/media.jormvattnetsfiskecamp.se\/2020\/01\/Fiskecamp-logga-3-300x92.jpg 300w, http:\/\/media.jormvattnetsfiskecamp.se\/2020\/01\/Fiskecamp-logga-3-1024x313.jpg 1024w, http:\/\/media.jormvattnetsfiskecamp.se\/2020\/01\/Fiskecamp-logga-3-768x235.jpg 768w, http:\/\/media.jormvattnetsfiskecamp.se\/2020\/01\/Fiskecamp-logga-3-1536x470.jpg 1536w, http:\/\/media.jormvattnetsfiskecamp.se\/2020\/01\/Fiskecamp-logga-3-2048x626.jpg 2048w\" sizes=\"(max-width: 2289px) 100vw, 2289px\" \/><\/figure><p><!-- \/wp:image --><!-- wp:quote --><\/p><blockquote class=\"wp-block-quote\"><p><!-- wp:paragraph {\"align\":\"center\"} --><\/p><p class=\"has-text-align-center\">N\u00e5gra ord fr\u00e5n en g\u00e4st p\u00e5 Google my business <em>&#8221;Liten mysig camping vid vattnet med trevlig personal. Bland faciliteterna fanns ett inglasat uterum med utsikt \u00f6ver sj\u00f6n, perfekt vid d\u00e5ligt v\u00e4der. Toalett och k\u00f6k var v\u00e4lst\u00e4dat&#8221;<\/em><\/p><\/blockquote>\t\t\t\t\t\t\t\t<\/div>\n\t\t\t\t<\/div>\n\t\t\t\t\t<\/div>\n\t\t<\/div>\n\t\t\t\t\t<\/div>\n\t\t<\/section>\n\t\t\t\t<section class=\"elementor-section elementor-top-section elementor-element elementor-element-f956650 elementor-section-boxed elementor-section-height-default elementor-section-height-default\" data-id=\"f956650\" data-element_type=\"section\" data-e-type=\"section\">\n\t\t\t\t\t\t<div class=\"elementor-container elementor-column-gap-default\">\n\t\t\t\t\t<div class=\"elementor-column elementor-col-100 elementor-top-column elementor-element elementor-element-73b8081\" data-id=\"73b8081\" data-element_type=\"column\" data-e-type=\"column\">\n\t\t\t<div class=\"elementor-widget-wrap elementor-element-populated\">\n\t\t\t\t\t\t<div class=\"elementor-element elementor-element-52bddf6 elementor-widget elementor-widget-text-editor\" data-id=\"52bddf6\" data-element_type=\"widget\" data-e-type=\"widget\" data-widget_type=\"text-editor.default\">\n\t\t\t\t<div class=\"elementor-widget-container\">\n\t\t\t\t\t\t\t\t\t<p>Foto: Marika Hopponen Westberg<\/p>\t\t\t\t\t\t\t\t<\/div>\n\t\t\t\t<\/div>\n\t\t\t\t\t<\/div>\n\t\t<\/div>\n\t\t\t\t\t<\/div>\n\t\t<\/section>\n\t\t\t\t<\/div>\n\t\t","protected":false},"excerpt":{"rendered":"<p>V\u00e4lkommen till Jormvattnets Fiskecamp \u00a0 Kontakt: +46(0)672-20100 info@jormvattnetsfiskecamp.se Mitt i norra J\u00e4mtland, vid Jormsj\u00f6ns strand, ligger v\u00e5r fiskecamp \u2013 omgiven av fj\u00e4ll, skog och stillhet. H\u00e4r m\u00f6ts naturens lugn och \u00e4ventyrets frihet. \u00a0 Bo i stuga, p\u00e5 st\u00e4llplats eller i t\u00e4lt \u2013 alltid n\u00e4ra vattnet och med utsikt som tar andan ur dig. Servicehus med [&hellip;]<\/p>\n","protected":false},"author":1,"featured_media":589,"parent":0,"menu_order":0,"comment_status":"closed","ping_status":"closed","template":"","meta":{"footnotes":""},"class_list":["post-575","page","type-page","status-publish","has-post-thumbnail","hentry"],"yoast_head":"<!-- This site is optimized with the Yoast SEO plugin v27.4 - https:\/\/yoast.com\/product\/yoast-seo-wordpress\/ -->\n<title>Om oss -<\/title>\n<meta name=\"robots\" content=\"index, follow, max-snippet:-1, max-image-preview:large, max-video-preview:-1\" \/>\n<link rel=\"canonical\" href=\"https:\/\/jormvattnetsfiskecamp.se\/wordpress\/om\/\" \/>\n<meta property=\"og:locale\" content=\"sv_SE\" \/>\n<meta property=\"og:type\" content=\"article\" \/>\n<meta property=\"og:title\" content=\"Om oss -\" \/>\n<meta property=\"og:description\" content=\"V\u00e4lkommen till Jormvattnets Fiskecamp \u00a0 Kontakt: +46(0)672-20100 info@jormvattnetsfiskecamp.se Mitt i norra J\u00e4mtland, vid Jormsj\u00f6ns strand, ligger v\u00e5r fiskecamp \u2013 omgiven av fj\u00e4ll, skog och stillhet. H\u00e4r m\u00f6ts naturens lugn och \u00e4ventyrets frihet. \u00a0 Bo i stuga, p\u00e5 st\u00e4llplats eller i t\u00e4lt \u2013 alltid n\u00e4ra vattnet och med utsikt som tar andan ur dig. Servicehus med [&hellip;]\" \/>\n<meta property=\"og:url\" content=\"https:\/\/jormvattnetsfiskecamp.se\/wordpress\/om\/\" \/>\n<meta property=\"article:modified_time\" content=\"2025-12-16T10:10:44+00:00\" \/>\n<meta property=\"og:image\" content=\"http:\/\/media.jormvattnetsfiskecamp.se\/2020\/05\/sunset-e1589568058158.jpg\" \/>\n\t<meta property=\"og:image:width\" content=\"1968\" \/>\n\t<meta property=\"og:image:height\" content=\"1003\" \/>\n\t<meta property=\"og:image:type\" content=\"image\/jpeg\" \/>\n<meta name=\"twitter:card\" content=\"summary_large_image\" \/>\n<script type=\"application\/ld+json\" class=\"yoast-schema-graph\">{\"@context\":\"https:\\\/\\\/schema.org\",\"@graph\":[{\"@type\":\"WebPage\",\"@id\":\"https:\\\/\\\/jormvattnetsfiskecamp.se\\\/wordpress\\\/om\\\/\",\"url\":\"https:\\\/\\\/jormvattnetsfiskecamp.se\\\/wordpress\\\/om\\\/\",\"name\":\"Om oss -\",\"isPartOf\":{\"@id\":\"https:\\\/\\\/jormvattnetsfiskecamp.se\\\/wordpress\\\/#website\"},\"primaryImageOfPage\":{\"@id\":\"https:\\\/\\\/jormvattnetsfiskecamp.se\\\/wordpress\\\/om\\\/#primaryimage\"},\"image\":{\"@id\":\"https:\\\/\\\/jormvattnetsfiskecamp.se\\\/wordpress\\\/om\\\/#primaryimage\"},\"thumbnailUrl\":\"https:\\\/\\\/media.jormvattnetsfiskecamp.se\\\/2020\\\/05\\\/sunset-e1589568058158.jpg\",\"datePublished\":\"2020-05-15T18:41:42+00:00\",\"dateModified\":\"2025-12-16T10:10:44+00:00\",\"breadcrumb\":{\"@id\":\"https:\\\/\\\/jormvattnetsfiskecamp.se\\\/wordpress\\\/om\\\/#breadcrumb\"},\"inLanguage\":\"sv-SE\",\"potentialAction\":[{\"@type\":\"ReadAction\",\"target\":[\"https:\\\/\\\/jormvattnetsfiskecamp.se\\\/wordpress\\\/om\\\/\"]}]},{\"@type\":\"ImageObject\",\"inLanguage\":\"sv-SE\",\"@id\":\"https:\\\/\\\/jormvattnetsfiskecamp.se\\\/wordpress\\\/om\\\/#primaryimage\",\"url\":\"https:\\\/\\\/media.jormvattnetsfiskecamp.se\\\/2020\\\/05\\\/sunset-e1589568058158.jpg\",\"contentUrl\":\"https:\\\/\\\/media.jormvattnetsfiskecamp.se\\\/2020\\\/05\\\/sunset-e1589568058158.jpg\",\"width\":1968,\"height\":1003},{\"@type\":\"BreadcrumbList\",\"@id\":\"https:\\\/\\\/jormvattnetsfiskecamp.se\\\/wordpress\\\/om\\\/#breadcrumb\",\"itemListElement\":[{\"@type\":\"ListItem\",\"position\":1,\"name\":\"Hem\",\"item\":\"https:\\\/\\\/jormvattnetsfiskecamp.se\\\/wordpress\\\/\"},{\"@type\":\"ListItem\",\"position\":2,\"name\":\"Om oss\"}]},{\"@type\":\"WebSite\",\"@id\":\"https:\\\/\\\/jormvattnetsfiskecamp.se\\\/wordpress\\\/#website\",\"url\":\"https:\\\/\\\/jormvattnetsfiskecamp.se\\\/wordpress\\\/\",\"name\":\"\",\"description\":\"\",\"potentialAction\":[{\"@type\":\"SearchAction\",\"target\":{\"@type\":\"EntryPoint\",\"urlTemplate\":\"https:\\\/\\\/jormvattnetsfiskecamp.se\\\/wordpress\\\/?s={search_term_string}\"},\"query-input\":{\"@type\":\"PropertyValueSpecification\",\"valueRequired\":true,\"valueName\":\"search_term_string\"}}],\"inLanguage\":\"sv-SE\"}]}<\/script>\n<!-- \/ Yoast SEO plugin. -->","yoast_head_json":{"title":"Om oss -","robots":{"index":"index","follow":"follow","max-snippet":"max-snippet:-1","max-image-preview":"max-image-preview:large","max-video-preview":"max-video-preview:-1"},"canonical":"https:\/\/jormvattnetsfiskecamp.se\/wordpress\/om\/","og_locale":"sv_SE","og_type":"article","og_title":"Om oss -","og_description":"V\u00e4lkommen till Jormvattnets Fiskecamp \u00a0 Kontakt: +46(0)672-20100 info@jormvattnetsfiskecamp.se Mitt i norra J\u00e4mtland, vid Jormsj\u00f6ns strand, ligger v\u00e5r fiskecamp \u2013 omgiven av fj\u00e4ll, skog och stillhet. H\u00e4r m\u00f6ts naturens lugn och \u00e4ventyrets frihet. \u00a0 Bo i stuga, p\u00e5 st\u00e4llplats eller i t\u00e4lt \u2013 alltid n\u00e4ra vattnet och med utsikt som tar andan ur dig. Servicehus med [&hellip;]","og_url":"https:\/\/jormvattnetsfiskecamp.se\/wordpress\/om\/","article_modified_time":"2025-12-16T10:10:44+00:00","og_image":[{"width":1968,"height":1003,"url":"http:\/\/media.jormvattnetsfiskecamp.se\/2020\/05\/sunset-e1589568058158.jpg","type":"image\/jpeg"}],"twitter_card":"summary_large_image","schema":{"@context":"https:\/\/schema.org","@graph":[{"@type":"WebPage","@id":"https:\/\/jormvattnetsfiskecamp.se\/wordpress\/om\/","url":"https:\/\/jormvattnetsfiskecamp.se\/wordpress\/om\/","name":"Om oss -","isPartOf":{"@id":"https:\/\/jormvattnetsfiskecamp.se\/wordpress\/#website"},"primaryImageOfPage":{"@id":"https:\/\/jormvattnetsfiskecamp.se\/wordpress\/om\/#primaryimage"},"image":{"@id":"https:\/\/jormvattnetsfiskecamp.se\/wordpress\/om\/#primaryimage"},"thumbnailUrl":"https:\/\/media.jormvattnetsfiskecamp.se\/2020\/05\/sunset-e1589568058158.jpg","datePublished":"2020-05-15T18:41:42+00:00","dateModified":"2025-12-16T10:10:44+00:00","breadcrumb":{"@id":"https:\/\/jormvattnetsfiskecamp.se\/wordpress\/om\/#breadcrumb"},"inLanguage":"sv-SE","potentialAction":[{"@type":"ReadAction","target":["https:\/\/jormvattnetsfiskecamp.se\/wordpress\/om\/"]}]},{"@type":"ImageObject","inLanguage":"sv-SE","@id":"https:\/\/jormvattnetsfiskecamp.se\/wordpress\/om\/#primaryimage","url":"https:\/\/media.jormvattnetsfiskecamp.se\/2020\/05\/sunset-e1589568058158.jpg","contentUrl":"https:\/\/media.jormvattnetsfiskecamp.se\/2020\/05\/sunset-e1589568058158.jpg","width":1968,"height":1003},{"@type":"BreadcrumbList","@id":"https:\/\/jormvattnetsfiskecamp.se\/wordpress\/om\/#breadcrumb","itemListElement":[{"@type":"ListItem","position":1,"name":"Hem","item":"https:\/\/jormvattnetsfiskecamp.se\/wordpress\/"},{"@type":"ListItem","position":2,"name":"Om oss"}]},{"@type":"WebSite","@id":"https:\/\/jormvattnetsfiskecamp.se\/wordpress\/#website","url":"https:\/\/jormvattnetsfiskecamp.se\/wordpress\/","name":"","description":"","potentialAction":[{"@type":"SearchAction","target":{"@type":"EntryPoint","urlTemplate":"https:\/\/jormvattnetsfiskecamp.se\/wordpress\/?s={search_term_string}"},"query-input":{"@type":"PropertyValueSpecification","valueRequired":true,"valueName":"search_term_string"}}],"inLanguage":"sv-SE"}]}},"_links":{"self":[{"href":"https:\/\/jormvattnetsfiskecamp.se\/wordpress\/wp-json\/wp\/v2\/pages\/575","targetHints":{"allow":["GET"]}}],"collection":[{"href":"https:\/\/jormvattnetsfiskecamp.se\/wordpress\/wp-json\/wp\/v2\/pages"}],"about":[{"href":"https:\/\/jormvattnetsfiskecamp.se\/wordpress\/wp-json\/wp\/v2\/types\/page"}],"author":[{"embeddable":true,"href":"https:\/\/jormvattnetsfiskecamp.se\/wordpress\/wp-json\/wp\/v2\/users\/1"}],"replies":[{"embeddable":true,"href":"https:\/\/jormvattnetsfiskecamp.se\/wordpress\/wp-json\/wp\/v2\/comments?post=575"}],"version-history":[{"count":35,"href":"https:\/\/jormvattnetsfiskecamp.se\/wordpress\/wp-json\/wp\/v2\/pages\/575\/revisions"}],"predecessor-version":[{"id":2347,"href":"https:\/\/jormvattnetsfiskecamp.se\/wordpress\/wp-json\/wp\/v2\/pages\/575\/revisions\/2347"}],"wp:featuredmedia":[{"embeddable":true,"href":"https:\/\/jormvattnetsfiskecamp.se\/wordpress\/wp-json\/wp\/v2\/media\/589"}],"wp:attachment":[{"href":"https:\/\/jormvattnetsfiskecamp.se\/wordpress\/wp-json\/wp\/v2\/media?parent=575"}],"curies":[{"name":"wp","href":"https:\/\/api.w.org\/{rel}","templated":true}]}}