{"id":495,"date":"2020-05-11T13:49:59","date_gmt":"2020-05-11T13:49:59","guid":{"rendered":"http:\/\/jormvattnetsfiskecamp.se\/wordpress\/?page_id=495"},"modified":"2025-12-16T10:16:24","modified_gmt":"2025-12-16T10:16:24","slug":"vildmarksvagen","status":"publish","type":"page","link":"https:\/\/jormvattnetsfiskecamp.se\/wordpress\/vildmarksvagen\/","title":{"rendered":"Vildmarksv\u00e4gen"},"content":{"rendered":"\n<p class=\"has-text-align-center has-very-dark-gray-color has-text-color\"><\/p>\n\n\n\n<p><strong>Vildmarksv\u00e4gen <\/strong>\u00e4r \u00f6ppen 6 juni-15 oktober varje \u00e5r.<\/p>\n\n\n\n<p>Restriktioner f\u00f6rekommer b\u00e5de p\u00e5 J\u00e4mtlandssidan och V\u00e4sterbottensidan. Ytterligare information s\u00f6k p\u00e5 L\u00e4nsstyrelsens hemsidor.<\/p>\n\n\n\n<p>P\u00e5 denna hemsida finner du ytterligare information <a href=\"https:\/\/wildernessroad.eu\/karta\">www.wildernessroad.eu<\/a><\/p>\n\n\n\n<p><strong>F\u00f6rklaring till kartan<\/strong><\/p>\n\n\n\n<ol class=\"wp-block-list\">\n<li>Str\u00f6msund: Hembygdsg\u00e5rd med J\u00e4tten Jorm och Beppe Wolgers-utst\u00e4llning, gratis friluftsbad, 9-h\u00e5ls golfbana, geologisk tr\u00e4dg\u00e5rd, F\u00e5ngsj\u00f6ns h\u00e4llm\u00e5lningar, naturstig med f\u00e5geltorn\/sj\u00f6.<\/li>\n\n\n\n<li>Havsn\u00e4s: S\u00e5gbacken vattens\u00e5g och skvaltkvarn, f\u00e5rprodukter.<\/li>\n\n\n\n<li>Alan\u00e4s: Milit\u00e4r skans fr\u00e5n 1940\u20131945.<\/li>\n\n\n\n<li>Lillviken: Jakt, fiske, kajak och naturupplevelser.<\/li>\n\n\n\n<li>Sjoutn\u00e4set: Kapell.<\/li>\n\n\n\n<li>F\u00e5gelberget: G\u00e5rdschark med viltprodukter, Utg\u00e5ngspunkt f\u00f6r att vandra till Kalberget.<\/li>\n\n\n\n<li>H\u00e4llings\u00e5fallet: 43 meter h\u00f6gt vattenfall, vandringsled.<\/li>\n\n\n\n<li>H\u00e4ggn\u00e4set: Keramikverkstad, butik, sommarcaf\u00e9.<\/li>\n\n\n\n<li>G\u00e4ddede: Hembygdsg\u00e5rd, museum, friluftsbad, fj\u00e4llpark, utst\u00e4llning.<\/li>\n\n\n\n<li>Vikens kapell: Frostvikens \u00e4ldsta kyrkobyggnad.<\/li>\n\n\n\n<li><strong><span class=\"has-inline-color has-vivid-red-color\">Jormvattnet<\/span><\/strong>: Rida islandsh\u00e4st p\u00e5 fj\u00e4llet, <span class=\"has-inline-color has-vivid-red-color\"><strong>fiskecamp<\/strong><\/span>.<\/li>\n\n\n\n<li>Ankarede: Samisk kulturplats, caf\u00e9, kapell. Utg\u00e5ngspunkt f\u00f6r vandring.<\/li>\n\n\n\n<li>Brakk\u00e5fallet Vattenfall.<\/li>\n\n\n\n<li>Stora Bl\u00e5sj\u00f6n: Jakt, fiske.<\/li>\n\n\n\n<li>Korallgrottan: Kryp i Sveriges l\u00e4ngsta grotta (endast guidade turer).<\/li>\n\n\n\n<li>Bjur\u00e4lven: Naturreservat \u00e4r Skandinaviens st\u00f6rsta karstlandskap. H\u00e4r finns den \u201cosynliga \u00e4lven\u201d som bitvis rinner under jord.<\/li>\n\n\n\n<li>Raukasj\u00f6 Fj\u00e4llg\u00e5rd: Jakt, fiske, stugor.<\/li>\n\n\n\n<li>Stekenjokkplat\u00e5n: 876 m \u00f6 h, Vildmarksv\u00e4gens h\u00f6gsta punkt. Utg\u00e5ngspunkt f\u00f6r cykel och vandring.<\/li>\n\n\n\n<li>Klimpfj\u00e4ll: Utg\u00e5ngspunkt f\u00f6r vandring, Norgefararg\u00e5rden, Trollstigen till Kullafallet.<\/li>\n\n\n\n<li>Fatmomakke: Samisk kyrkplats, vandringsled mot Marsfj\u00e4llen.<\/li>\n\n\n\n<li>Saxn\u00e4s: Ricklundg\u00e5rden, Saxn\u00e4s kyrka, Jakt- och fiskecentrum.<\/li>\n\n\n\n<li>Borgafj\u00e4ll: Avasj\u00f6 kapell, samel\u00e4ger, fiske, vandring, hantverk, arkitektur, alpint omr\u00e5de, skotersafari.<\/li>\n\n\n\n<li>Marsliden: Lars P\u00e5lsons stuga, utg\u00e5ngspunkt f\u00f6r vandring, Marslidens fj\u00e4ll- och skrivarg\u00e5rd.<\/li>\n\n\n\n<li>Trappstegsforsen: Spektakul\u00e4rt vattenfall. Caf\u00e9 \u00f6ppet fr\u00e5n midsommar.<\/li>\n\n\n\n<li>Stalon: Utsiktsplats.<\/li>\n\n\n\n<li>Dimforsen: Vattenfall.<\/li>\n\n\n\n<li>R\u00f6nn\u00e4s: Rastplats, sagostig, \u201cN\u00e4cken i b\u00e4cken\u201d.<\/li>\n\n\n\n<li>Skansholm: Sagostig och rastplats vid gammels\u00e5gen.<\/li>\n\n\n\n<li>Vilhelmina: Kyrkstad fr\u00e5n 1800-talet med museum, samesl\u00f6jd, kyrka, sagostig, vildmarksupplevelser, put and take fiske, badplats.<\/li>\n\n\n\n<li>Dorotea: Unika skulpturer av k\u00e4nda konstn\u00e4rer i bland annat kyrkan, barnens konststig, kanotpaddling, cykling, hembygdsomr\u00e5det, husvagnsmuseum.<\/li>\n\n\n\n<li>Avatr\u00e4sk: AnnaLisa Grundstr\u00f6ms kulturrum.<\/li>\n\n\n\n<li>H\u00f6gland: Hembygdsomr\u00e5de, g\u00e5rdsmejeri, kapell.<\/li>\n\n\n\n<li>Storb\u00e4ck: Jakt, fiske och naturfotografering.<\/li>\n\n\n\n<li>Risb\u00e4ck: Hembygdsomr\u00e5de, kyrka.<\/li>\n\n\n\n<li>Lavsj\u00f6: Lina Perssons fotorum. &nbsp;&nbsp;&nbsp;&nbsp;&nbsp;&nbsp;&nbsp;&nbsp;&nbsp;&nbsp;&nbsp;&nbsp;&nbsp;&nbsp;&nbsp;&nbsp;&nbsp; &nbsp;&nbsp;&nbsp;&nbsp;&nbsp;&nbsp;&nbsp;&nbsp;&nbsp;&nbsp;&nbsp;&nbsp;&nbsp;&nbsp;&nbsp;&nbsp;&nbsp;&nbsp;&nbsp;&nbsp;&nbsp;&nbsp;&nbsp;&nbsp;&nbsp;&nbsp;&nbsp;&nbsp;<\/li>\n\n\n\n<li>Svanavattnet: Helmer Grundstr\u00f6m-rummet.<\/li>\n\n\n\n<li>F\u00e5gelsta: Hantverk<\/li>\n\n\n\n<li>Hoting: Ivars Bilmuseum, travbana, spa, forntidsutst\u00e4llning.<\/li>\n\n\n\n<li>Kyrkt\u00e5sj\u00f6: T\u00e5sj\u00f6berget utsikt, hembygdsg\u00e5rd.<\/li>\n\n\n\n<li>Brattb\u00e4cken: Tv\u00e4rfallets vattenfall.<\/li>\n\n\n\n<li>Norr\u00e5ker: Midsommarfj\u00e4llet, Korselbr\u00e4nna kraftstation, Storfallet (vattenfall med bad och rastplats), butik med lokala delikatesser, hemsl\u00f6jdsbutik, fiskecamp, fiske, trollingpaket, vandring med kl\u00f6vjehund, sm\u00e5viltsjakt.<\/li>\n\n\n\n<li>Skansn\u00e4set: Lapplia Bygdemuseum (1920-tal till nutid).<\/li>\n<\/ol>\n\n\n\n<figure class=\"wp-block-image size-large\"><img fetchpriority=\"high\" decoding=\"async\" width=\"724\" height=\"1024\" src=\"http:\/\/media.jormvattnetsfiskecamp.se\/2020\/05\/vildmarksvaegen-karta-med-sevaerdheter_5su-1-724x1024.jpg\" alt=\"\" class=\"wp-image-496\" srcset=\"http:\/\/media.jormvattnetsfiskecamp.se\/2020\/05\/vildmarksvaegen-karta-med-sevaerdheter_5su-1-724x1024.jpg 724w, http:\/\/media.jormvattnetsfiskecamp.se\/2020\/05\/vildmarksvaegen-karta-med-sevaerdheter_5su-1-212x300.jpg 212w, http:\/\/media.jormvattnetsfiskecamp.se\/2020\/05\/vildmarksvaegen-karta-med-sevaerdheter_5su-1-768x1086.jpg 768w, http:\/\/media.jormvattnetsfiskecamp.se\/2020\/05\/vildmarksvaegen-karta-med-sevaerdheter_5su-1.jpg 794w\" sizes=\"(max-width: 724px) 100vw, 724px\" \/><\/figure>\n\n\n\n<p>Foto: Marika Hopponen Westberg<\/p>\n","protected":false},"excerpt":{"rendered":"<p>Vildmarksv\u00e4gen \u00e4r \u00f6ppen 6 juni-15 oktober varje \u00e5r. Restriktioner f\u00f6rekommer b\u00e5de p\u00e5 J\u00e4mtlandssidan och V\u00e4sterbottensidan. Ytterligare information s\u00f6k p\u00e5 L\u00e4nsstyrelsens hemsidor. P\u00e5 denna hemsida finner du ytterligare information www.wildernessroad.eu F\u00f6rklaring till kartan Foto: Marika Hopponen Westberg<\/p>\n","protected":false},"author":1,"featured_media":1488,"parent":0,"menu_order":0,"comment_status":"closed","ping_status":"closed","template":"","meta":{"footnotes":""},"class_list":["post-495","page","type-page","status-publish","has-post-thumbnail","hentry"],"yoast_head":"<!-- This site is optimized with the Yoast SEO plugin v27.4 - https:\/\/yoast.com\/product\/yoast-seo-wordpress\/ -->\n<title>Vildmarksv\u00e4gen -<\/title>\n<meta name=\"robots\" content=\"index, follow, max-snippet:-1, max-image-preview:large, max-video-preview:-1\" \/>\n<link rel=\"canonical\" href=\"https:\/\/jormvattnetsfiskecamp.se\/wordpress\/vildmarksvagen\/\" \/>\n<meta property=\"og:locale\" content=\"sv_SE\" \/>\n<meta property=\"og:type\" content=\"article\" \/>\n<meta property=\"og:title\" content=\"Vildmarksv\u00e4gen -\" \/>\n<meta property=\"og:description\" content=\"Vildmarksv\u00e4gen \u00e4r \u00f6ppen 6 juni-15 oktober varje \u00e5r. Restriktioner f\u00f6rekommer b\u00e5de p\u00e5 J\u00e4mtlandssidan och V\u00e4sterbottensidan. Ytterligare information s\u00f6k p\u00e5 L\u00e4nsstyrelsens hemsidor. P\u00e5 denna hemsida finner du ytterligare information www.wildernessroad.eu F\u00f6rklaring till kartan Foto: Marika Hopponen Westberg\" \/>\n<meta property=\"og:url\" content=\"https:\/\/jormvattnetsfiskecamp.se\/wordpress\/vildmarksvagen\/\" \/>\n<meta property=\"article:modified_time\" content=\"2025-12-16T10:16:24+00:00\" \/>\n<meta property=\"og:image\" content=\"http:\/\/media.jormvattnetsfiskecamp.se\/2023\/04\/20200919_184320-scaled.jpg\" \/>\n\t<meta property=\"og:image:width\" content=\"2560\" \/>\n\t<meta property=\"og:image:height\" content=\"1153\" \/>\n\t<meta property=\"og:image:type\" content=\"image\/jpeg\" \/>\n<meta name=\"twitter:card\" content=\"summary_large_image\" \/>\n<meta name=\"twitter:label1\" content=\"Ber\u00e4knad l\u00e4stid\" \/>\n\t<meta name=\"twitter:data1\" content=\"3 minuter\" \/>\n<script type=\"application\/ld+json\" class=\"yoast-schema-graph\">{\"@context\":\"https:\\\/\\\/schema.org\",\"@graph\":[{\"@type\":\"WebPage\",\"@id\":\"https:\\\/\\\/jormvattnetsfiskecamp.se\\\/wordpress\\\/vildmarksvagen\\\/\",\"url\":\"https:\\\/\\\/jormvattnetsfiskecamp.se\\\/wordpress\\\/vildmarksvagen\\\/\",\"name\":\"Vildmarksv\u00e4gen -\",\"isPartOf\":{\"@id\":\"https:\\\/\\\/jormvattnetsfiskecamp.se\\\/wordpress\\\/#website\"},\"primaryImageOfPage\":{\"@id\":\"https:\\\/\\\/jormvattnetsfiskecamp.se\\\/wordpress\\\/vildmarksvagen\\\/#primaryimage\"},\"image\":{\"@id\":\"https:\\\/\\\/jormvattnetsfiskecamp.se\\\/wordpress\\\/vildmarksvagen\\\/#primaryimage\"},\"thumbnailUrl\":\"https:\\\/\\\/media.jormvattnetsfiskecamp.se\\\/2023\\\/04\\\/20200919_184320-scaled.jpg\",\"datePublished\":\"2020-05-11T13:49:59+00:00\",\"dateModified\":\"2025-12-16T10:16:24+00:00\",\"breadcrumb\":{\"@id\":\"https:\\\/\\\/jormvattnetsfiskecamp.se\\\/wordpress\\\/vildmarksvagen\\\/#breadcrumb\"},\"inLanguage\":\"sv-SE\",\"potentialAction\":[{\"@type\":\"ReadAction\",\"target\":[\"https:\\\/\\\/jormvattnetsfiskecamp.se\\\/wordpress\\\/vildmarksvagen\\\/\"]}]},{\"@type\":\"ImageObject\",\"inLanguage\":\"sv-SE\",\"@id\":\"https:\\\/\\\/jormvattnetsfiskecamp.se\\\/wordpress\\\/vildmarksvagen\\\/#primaryimage\",\"url\":\"https:\\\/\\\/media.jormvattnetsfiskecamp.se\\\/2023\\\/04\\\/20200919_184320-scaled.jpg\",\"contentUrl\":\"https:\\\/\\\/media.jormvattnetsfiskecamp.se\\\/2023\\\/04\\\/20200919_184320-scaled.jpg\",\"width\":2560,\"height\":1153},{\"@type\":\"BreadcrumbList\",\"@id\":\"https:\\\/\\\/jormvattnetsfiskecamp.se\\\/wordpress\\\/vildmarksvagen\\\/#breadcrumb\",\"itemListElement\":[{\"@type\":\"ListItem\",\"position\":1,\"name\":\"Hem\",\"item\":\"https:\\\/\\\/jormvattnetsfiskecamp.se\\\/wordpress\\\/\"},{\"@type\":\"ListItem\",\"position\":2,\"name\":\"Vildmarksv\u00e4gen\"}]},{\"@type\":\"WebSite\",\"@id\":\"https:\\\/\\\/jormvattnetsfiskecamp.se\\\/wordpress\\\/#website\",\"url\":\"https:\\\/\\\/jormvattnetsfiskecamp.se\\\/wordpress\\\/\",\"name\":\"\",\"description\":\"\",\"potentialAction\":[{\"@type\":\"SearchAction\",\"target\":{\"@type\":\"EntryPoint\",\"urlTemplate\":\"https:\\\/\\\/jormvattnetsfiskecamp.se\\\/wordpress\\\/?s={search_term_string}\"},\"query-input\":{\"@type\":\"PropertyValueSpecification\",\"valueRequired\":true,\"valueName\":\"search_term_string\"}}],\"inLanguage\":\"sv-SE\"}]}<\/script>\n<!-- \/ Yoast SEO plugin. -->","yoast_head_json":{"title":"Vildmarksv\u00e4gen -","robots":{"index":"index","follow":"follow","max-snippet":"max-snippet:-1","max-image-preview":"max-image-preview:large","max-video-preview":"max-video-preview:-1"},"canonical":"https:\/\/jormvattnetsfiskecamp.se\/wordpress\/vildmarksvagen\/","og_locale":"sv_SE","og_type":"article","og_title":"Vildmarksv\u00e4gen -","og_description":"Vildmarksv\u00e4gen \u00e4r \u00f6ppen 6 juni-15 oktober varje \u00e5r. Restriktioner f\u00f6rekommer b\u00e5de p\u00e5 J\u00e4mtlandssidan och V\u00e4sterbottensidan. Ytterligare information s\u00f6k p\u00e5 L\u00e4nsstyrelsens hemsidor. P\u00e5 denna hemsida finner du ytterligare information www.wildernessroad.eu F\u00f6rklaring till kartan Foto: Marika Hopponen Westberg","og_url":"https:\/\/jormvattnetsfiskecamp.se\/wordpress\/vildmarksvagen\/","article_modified_time":"2025-12-16T10:16:24+00:00","og_image":[{"width":2560,"height":1153,"url":"http:\/\/media.jormvattnetsfiskecamp.se\/2023\/04\/20200919_184320-scaled.jpg","type":"image\/jpeg"}],"twitter_card":"summary_large_image","twitter_misc":{"Ber\u00e4knad l\u00e4stid":"3 minuter"},"schema":{"@context":"https:\/\/schema.org","@graph":[{"@type":"WebPage","@id":"https:\/\/jormvattnetsfiskecamp.se\/wordpress\/vildmarksvagen\/","url":"https:\/\/jormvattnetsfiskecamp.se\/wordpress\/vildmarksvagen\/","name":"Vildmarksv\u00e4gen -","isPartOf":{"@id":"https:\/\/jormvattnetsfiskecamp.se\/wordpress\/#website"},"primaryImageOfPage":{"@id":"https:\/\/jormvattnetsfiskecamp.se\/wordpress\/vildmarksvagen\/#primaryimage"},"image":{"@id":"https:\/\/jormvattnetsfiskecamp.se\/wordpress\/vildmarksvagen\/#primaryimage"},"thumbnailUrl":"https:\/\/media.jormvattnetsfiskecamp.se\/2023\/04\/20200919_184320-scaled.jpg","datePublished":"2020-05-11T13:49:59+00:00","dateModified":"2025-12-16T10:16:24+00:00","breadcrumb":{"@id":"https:\/\/jormvattnetsfiskecamp.se\/wordpress\/vildmarksvagen\/#breadcrumb"},"inLanguage":"sv-SE","potentialAction":[{"@type":"ReadAction","target":["https:\/\/jormvattnetsfiskecamp.se\/wordpress\/vildmarksvagen\/"]}]},{"@type":"ImageObject","inLanguage":"sv-SE","@id":"https:\/\/jormvattnetsfiskecamp.se\/wordpress\/vildmarksvagen\/#primaryimage","url":"https:\/\/media.jormvattnetsfiskecamp.se\/2023\/04\/20200919_184320-scaled.jpg","contentUrl":"https:\/\/media.jormvattnetsfiskecamp.se\/2023\/04\/20200919_184320-scaled.jpg","width":2560,"height":1153},{"@type":"BreadcrumbList","@id":"https:\/\/jormvattnetsfiskecamp.se\/wordpress\/vildmarksvagen\/#breadcrumb","itemListElement":[{"@type":"ListItem","position":1,"name":"Hem","item":"https:\/\/jormvattnetsfiskecamp.se\/wordpress\/"},{"@type":"ListItem","position":2,"name":"Vildmarksv\u00e4gen"}]},{"@type":"WebSite","@id":"https:\/\/jormvattnetsfiskecamp.se\/wordpress\/#website","url":"https:\/\/jormvattnetsfiskecamp.se\/wordpress\/","name":"","description":"","potentialAction":[{"@type":"SearchAction","target":{"@type":"EntryPoint","urlTemplate":"https:\/\/jormvattnetsfiskecamp.se\/wordpress\/?s={search_term_string}"},"query-input":{"@type":"PropertyValueSpecification","valueRequired":true,"valueName":"search_term_string"}}],"inLanguage":"sv-SE"}]}},"_links":{"self":[{"href":"https:\/\/jormvattnetsfiskecamp.se\/wordpress\/wp-json\/wp\/v2\/pages\/495","targetHints":{"allow":["GET"]}}],"collection":[{"href":"https:\/\/jormvattnetsfiskecamp.se\/wordpress\/wp-json\/wp\/v2\/pages"}],"about":[{"href":"https:\/\/jormvattnetsfiskecamp.se\/wordpress\/wp-json\/wp\/v2\/types\/page"}],"author":[{"embeddable":true,"href":"https:\/\/jormvattnetsfiskecamp.se\/wordpress\/wp-json\/wp\/v2\/users\/1"}],"replies":[{"embeddable":true,"href":"https:\/\/jormvattnetsfiskecamp.se\/wordpress\/wp-json\/wp\/v2\/comments?post=495"}],"version-history":[{"count":10,"href":"https:\/\/jormvattnetsfiskecamp.se\/wordpress\/wp-json\/wp\/v2\/pages\/495\/revisions"}],"predecessor-version":[{"id":2357,"href":"https:\/\/jormvattnetsfiskecamp.se\/wordpress\/wp-json\/wp\/v2\/pages\/495\/revisions\/2357"}],"wp:featuredmedia":[{"embeddable":true,"href":"https:\/\/jormvattnetsfiskecamp.se\/wordpress\/wp-json\/wp\/v2\/media\/1488"}],"wp:attachment":[{"href":"https:\/\/jormvattnetsfiskecamp.se\/wordpress\/wp-json\/wp\/v2\/media?parent=495"}],"curies":[{"name":"wp","href":"https:\/\/api.w.org\/{rel}","templated":true}]}}