{"id":480,"date":"2020-05-11T13:28:51","date_gmt":"2020-05-11T13:28:51","guid":{"rendered":"http:\/\/jormvattnetsfiskecamp.se\/wordpress\/?page_id=480"},"modified":"2025-12-16T10:13:25","modified_gmt":"2025-12-16T10:13:25","slug":"infor-resan","status":"publish","type":"page","link":"https:\/\/jormvattnetsfiskecamp.se\/wordpress\/infor-resan\/","title":{"rendered":"Inf\u00f6r resan"},"content":{"rendered":"\n<p class=\"has-text-align-center has-large-font-size\"><strong><span class=\"has-inline-color has-vivid-red-color\">Lite information om vad som kan vara bra att veta innan ni reser till oss!<\/span><\/strong><\/p>\n\n\n\n<p class=\"has-text-align-center has-large-font-size\"><em>Jormvattnet ligger mitt i underbara Sverige, i den norra delen av J\u00e4mtland.<\/em><\/p>\n\n\n\n<p class=\"has-text-align-center has-medium-font-size\">Du n\u00e5r oss via&nbsp;<strong>rv 342<\/strong>&nbsp;<strong>Vildmarksv\u00e4gen<\/strong><\/p>\n\n\n\n<p class=\"has-text-align-center\">64\u00b044&#8217;40.6&#8243;N 14\u00b015&#8217;35.6&#8243;E<\/p>\n\n\n\n<p class=\"has-text-align-center has-medium-font-size\"><strong>Avst\u00e5nd till Jormvattnet<\/strong><\/p>\n\n\n\n<p class=\"has-text-align-center has-medium-font-size\">Klimpfj\u00e4ll 80km sommartid (270km 4h vintertid)<\/p>\n\n\n\n<p class=\"has-text-align-center has-medium-font-size\">Saxn\u00e4s 110km sommartid (240km 3,5h vintertid)<\/p>\n\n\n\n<p class=\"has-text-align-center has-medium-font-size\">Str\u00f6msund 170km 2h<\/p>\n\n\n\n<p class=\"has-text-align-center has-medium-font-size\"> Vilhelmina 200km sommartid (240km 3,5h vintertid)<\/p>\n\n\n\n<p class=\"has-text-align-center has-medium-font-size\">\u00d6stersund 260km 3,5h<\/p>\n\n\n\n<p class=\"has-text-align-center has-medium-font-size\">Sundsvall 380km 5h<\/p>\n\n\n\n<p class=\"has-text-align-center has-medium-font-size\">Sen kan man givetvis komma fr\u00e5n <strong>Norge<\/strong> in i Frostviken <\/p>\n\n\n\n<p class=\"has-text-align-center has-medium-font-size\">R\u00f8yrvik 50km 40min<\/p>\n\n\n\n<p class=\"has-text-align-center has-medium-font-size\">Sandvika (Lierne) 60km 1h<\/p>\n\n\n\n<p class=\"has-text-align-center has-medium-font-size\"> Valsj\u00f6byn 120km 2h<\/p>\n\n\n\n<p class=\"has-text-align-center has-medium-font-size\"><strong> <\/strong>Grong 120km 2h<\/p>\n\n\n\n<p class=\"has-text-align-center has-medium-font-size\">Namsos 170km 3h<\/p>\n\n\n\n<p class=\"has-text-align-center has-medium-font-size\">Trondheim 300km 4h<\/p>\n\n\n\n<p class=\"has-text-align-center has-large-font-size\"><mark style=\"background-color:rgba(0, 0, 0, 0)\" class=\"has-inline-color has-vivid-red-color\">I v\u00e5rt n\u00e4romr\u00e5de:<\/mark><\/p>\n\n\n\n<p class=\"has-text-align-center\"><strong>G\u00e4ddede H\u00e4lsocentral&nbsp;<\/strong>0672-41 67 05, avst\u00e5nd 30 km<\/p>\n\n\n\n<p class=\"has-text-align-center\"><strong>Apotek&nbsp;L\u00e4mmeln<\/strong> 077-14504 50, G\u00e4ddede avst\u00e5nd 30 km<\/p>\n\n\n\n<div class=\"wp-block-group is-content-justification-center is-nowrap is-layout-flex wp-container-core-group-is-layout-94bc23d7 wp-block-group-is-layout-flex\">\n<div class=\"wp-block-group is-nowrap is-layout-flex wp-container-core-group-is-layout-ad2f72ca wp-block-group-is-layout-flex\"><\/div>\n\n\n\n<div class=\"wp-block-group is-nowrap is-layout-flex wp-container-core-group-is-layout-ad2f72ca wp-block-group-is-layout-flex\"><\/div>\n<\/div>\n\n\n\n<p class=\"has-text-align-center has-medium-font-size\">Br\u00e4nsle, Apoteksombud, matvaror,&nbsp;ombud f\u00f6r systembolaget, post, svenska spel <\/p>\n\n\n\n<p class=\"has-text-align-center has-medium-font-size\"><strong>Ica Bl\u00e5sj\u00f6fj\u00e4ll&nbsp;<\/strong>0672-20127 avst\u00e5nd 15 km<\/p>\n\n\n\n<div class=\"wp-block-group is-content-justification-center is-nowrap is-layout-flex wp-container-core-group-is-layout-94bc23d7 wp-block-group-is-layout-flex\"><\/div>\n\n\n\n<p class=\"has-text-align-center\">Matvaror, postombud&nbsp;<strong>Ica Gr\u00e4nsbua<\/strong>&nbsp;0672-10024 G\u00e4ddede avst\u00e5nd 30 km<\/p>\n\n\n\n<p class=\"has-text-align-center\"> Br\u00e4nsle samt Ad-blue&nbsp;<strong>OKQ8<\/strong>, G\u00e4ddede avst\u00e5nd 30 km<\/p>\n\n\n\n<div class=\"wp-block-group is-content-justification-center is-nowrap is-layout-flex wp-container-core-group-is-layout-94bc23d7 wp-block-group-is-layout-flex\"><\/div>\n\n\n\n<p class=\"has-text-align-center\">Br\u00e4nsle, Apoteksombud, matvaror,&nbsp;ombud f\u00f6r systembolaget, post, svenska spel <\/p>\n\n\n\n<p class=\"has-text-align-center\"><strong>Marsfj\u00e4llhandlarn Saxn\u00e4s <\/strong> 077-133 33 10 avst\u00e5nd 110 km<\/p>\n\n\n\n<p class=\"has-text-align-center\"><strong>Systembolag<\/strong>, Str\u00f6msund avst\u00e5nd 170 km<\/p>\n\n\n\n<div class=\"wp-block-group\"><div class=\"wp-block-group__inner-container is-layout-flow wp-block-group-is-layout-flow\">\n<p class=\"has-text-align-center has-x-large-font-size\"> <img decoding=\"async\" width=\"64\" height=\"93\" class=\"wp-image-534\" style=\"width: 64px;\" src=\"http:\/\/media.jormvattnetsfiskecamp.se\/2020\/05\/telefon.png\" alt=\"\"><\/p>\n\n\n\n<p class=\"has-text-align-center has-vivid-cyan-blue-color has-text-color has-medium-font-size\"><mark style=\"background-color:rgba(0, 0, 0, 0)\" class=\"has-inline-color has-luminous-vivid-orange-color\"><strong>Telefon.<\/strong>\u2026 M\u00f6jligen fungerar inte ditt telefonabbonemang h\u00e4r uppe, <strong>Telia<\/strong> \u00e4r s\u00e4krast. Kanske ska k\u00f6pa ett kontantkort f\u00f6r s\u00e4kerhets skull!<\/mark><\/p>\n<\/div><\/div>\n\n\n\n<p class=\"has-text-align-center\">Har jag gl\u00f6mt n\u00e5got viktigt, tipsa mig g\u00e4rna info@jormvattnetsfiskecamp.se<\/p>\n\n\n\n<p class=\"has-text-align-center\">64\u00b044&#8217;40.6&#8243;N 14\u00b015&#8217;35.6&#8243;E<\/p>\n\n\n\n<figure class=\"wp-block-image\"><img decoding=\"async\" src=\"http:\/\/media.jormvattnetsfiskecamp.se\/2020\/05\/karta-campen.png\" alt=\"\" class=\"wp-image-475\"\/><\/figure>\n\n\n\n<p>Foto: Marika Hopponen Westberg<\/p>\n","protected":false},"excerpt":{"rendered":"<p>Lite information om vad som kan vara bra att veta innan ni reser till oss! Jormvattnet ligger mitt i underbara Sverige, i den norra delen av J\u00e4mtland. Du n\u00e5r oss via&nbsp;rv 342&nbsp;Vildmarksv\u00e4gen 64\u00b044&#8217;40.6&#8243;N 14\u00b015&#8217;35.6&#8243;E Avst\u00e5nd till Jormvattnet Klimpfj\u00e4ll 80km sommartid (270km 4h vintertid) Saxn\u00e4s 110km sommartid (240km 3,5h vintertid) Str\u00f6msund 170km 2h Vilhelmina 200km sommartid [&hellip;]<\/p>\n","protected":false},"author":1,"featured_media":1486,"parent":0,"menu_order":0,"comment_status":"closed","ping_status":"closed","template":"","meta":{"footnotes":""},"class_list":["post-480","page","type-page","status-publish","has-post-thumbnail","hentry"],"yoast_head":"<!-- This site is optimized with the Yoast SEO plugin v27.5 - https:\/\/yoast.com\/product\/yoast-seo-wordpress\/ -->\n<title>Inf\u00f6r resan -<\/title>\n<meta name=\"robots\" content=\"index, follow, max-snippet:-1, max-image-preview:large, max-video-preview:-1\" \/>\n<link rel=\"canonical\" href=\"https:\/\/jormvattnetsfiskecamp.se\/wordpress\/infor-resan\/\" \/>\n<meta property=\"og:locale\" content=\"sv_SE\" \/>\n<meta property=\"og:type\" content=\"article\" \/>\n<meta property=\"og:title\" content=\"Inf\u00f6r resan -\" \/>\n<meta property=\"og:description\" content=\"Lite information om vad som kan vara bra att veta innan ni reser till oss! Jormvattnet ligger mitt i underbara Sverige, i den norra delen av J\u00e4mtland. Du n\u00e5r oss via&nbsp;rv 342&nbsp;Vildmarksv\u00e4gen 64\u00b044&#8217;40.6&#8243;N 14\u00b015&#8217;35.6&#8243;E Avst\u00e5nd till Jormvattnet Klimpfj\u00e4ll 80km sommartid (270km 4h vintertid) Saxn\u00e4s 110km sommartid (240km 3,5h vintertid) Str\u00f6msund 170km 2h Vilhelmina 200km sommartid [&hellip;]\" \/>\n<meta property=\"og:url\" content=\"https:\/\/jormvattnetsfiskecamp.se\/wordpress\/infor-resan\/\" \/>\n<meta property=\"article:modified_time\" content=\"2025-12-16T10:13:25+00:00\" \/>\n<meta property=\"og:image\" content=\"http:\/\/media.jormvattnetsfiskecamp.se\/2023\/04\/20210925_141247-scaled.jpg\" \/>\n\t<meta property=\"og:image:width\" content=\"2560\" \/>\n\t<meta property=\"og:image:height\" content=\"1247\" \/>\n\t<meta property=\"og:image:type\" content=\"image\/jpeg\" \/>\n<meta name=\"twitter:card\" content=\"summary_large_image\" \/>\n<meta name=\"twitter:label1\" content=\"Ber\u00e4knad l\u00e4stid\" \/>\n\t<meta name=\"twitter:data1\" content=\"2 minuter\" \/>\n<script type=\"application\/ld+json\" class=\"yoast-schema-graph\">{\"@context\":\"https:\\\/\\\/schema.org\",\"@graph\":[{\"@type\":\"WebPage\",\"@id\":\"https:\\\/\\\/jormvattnetsfiskecamp.se\\\/wordpress\\\/infor-resan\\\/\",\"url\":\"https:\\\/\\\/jormvattnetsfiskecamp.se\\\/wordpress\\\/infor-resan\\\/\",\"name\":\"Inf\u00f6r resan -\",\"isPartOf\":{\"@id\":\"https:\\\/\\\/jormvattnetsfiskecamp.se\\\/wordpress\\\/#website\"},\"primaryImageOfPage\":{\"@id\":\"https:\\\/\\\/jormvattnetsfiskecamp.se\\\/wordpress\\\/infor-resan\\\/#primaryimage\"},\"image\":{\"@id\":\"https:\\\/\\\/jormvattnetsfiskecamp.se\\\/wordpress\\\/infor-resan\\\/#primaryimage\"},\"thumbnailUrl\":\"https:\\\/\\\/media.jormvattnetsfiskecamp.se\\\/2023\\\/04\\\/20210925_141247-scaled.jpg\",\"datePublished\":\"2020-05-11T13:28:51+00:00\",\"dateModified\":\"2025-12-16T10:13:25+00:00\",\"breadcrumb\":{\"@id\":\"https:\\\/\\\/jormvattnetsfiskecamp.se\\\/wordpress\\\/infor-resan\\\/#breadcrumb\"},\"inLanguage\":\"sv-SE\",\"potentialAction\":[{\"@type\":\"ReadAction\",\"target\":[\"https:\\\/\\\/jormvattnetsfiskecamp.se\\\/wordpress\\\/infor-resan\\\/\"]}]},{\"@type\":\"ImageObject\",\"inLanguage\":\"sv-SE\",\"@id\":\"https:\\\/\\\/jormvattnetsfiskecamp.se\\\/wordpress\\\/infor-resan\\\/#primaryimage\",\"url\":\"https:\\\/\\\/media.jormvattnetsfiskecamp.se\\\/2023\\\/04\\\/20210925_141247-scaled.jpg\",\"contentUrl\":\"https:\\\/\\\/media.jormvattnetsfiskecamp.se\\\/2023\\\/04\\\/20210925_141247-scaled.jpg\",\"width\":2560,\"height\":1247},{\"@type\":\"BreadcrumbList\",\"@id\":\"https:\\\/\\\/jormvattnetsfiskecamp.se\\\/wordpress\\\/infor-resan\\\/#breadcrumb\",\"itemListElement\":[{\"@type\":\"ListItem\",\"position\":1,\"name\":\"Hem\",\"item\":\"https:\\\/\\\/jormvattnetsfiskecamp.se\\\/wordpress\\\/\"},{\"@type\":\"ListItem\",\"position\":2,\"name\":\"Inf\u00f6r resan\"}]},{\"@type\":\"WebSite\",\"@id\":\"https:\\\/\\\/jormvattnetsfiskecamp.se\\\/wordpress\\\/#website\",\"url\":\"https:\\\/\\\/jormvattnetsfiskecamp.se\\\/wordpress\\\/\",\"name\":\"\",\"description\":\"\",\"potentialAction\":[{\"@type\":\"SearchAction\",\"target\":{\"@type\":\"EntryPoint\",\"urlTemplate\":\"https:\\\/\\\/jormvattnetsfiskecamp.se\\\/wordpress\\\/?s={search_term_string}\"},\"query-input\":{\"@type\":\"PropertyValueSpecification\",\"valueRequired\":true,\"valueName\":\"search_term_string\"}}],\"inLanguage\":\"sv-SE\"}]}<\/script>\n<!-- \/ Yoast SEO plugin. -->","yoast_head_json":{"title":"Inf\u00f6r resan -","robots":{"index":"index","follow":"follow","max-snippet":"max-snippet:-1","max-image-preview":"max-image-preview:large","max-video-preview":"max-video-preview:-1"},"canonical":"https:\/\/jormvattnetsfiskecamp.se\/wordpress\/infor-resan\/","og_locale":"sv_SE","og_type":"article","og_title":"Inf\u00f6r resan -","og_description":"Lite information om vad som kan vara bra att veta innan ni reser till oss! Jormvattnet ligger mitt i underbara Sverige, i den norra delen av J\u00e4mtland. Du n\u00e5r oss via&nbsp;rv 342&nbsp;Vildmarksv\u00e4gen 64\u00b044&#8217;40.6&#8243;N 14\u00b015&#8217;35.6&#8243;E Avst\u00e5nd till Jormvattnet Klimpfj\u00e4ll 80km sommartid (270km 4h vintertid) Saxn\u00e4s 110km sommartid (240km 3,5h vintertid) Str\u00f6msund 170km 2h Vilhelmina 200km sommartid [&hellip;]","og_url":"https:\/\/jormvattnetsfiskecamp.se\/wordpress\/infor-resan\/","article_modified_time":"2025-12-16T10:13:25+00:00","og_image":[{"width":2560,"height":1247,"url":"http:\/\/media.jormvattnetsfiskecamp.se\/2023\/04\/20210925_141247-scaled.jpg","type":"image\/jpeg"}],"twitter_card":"summary_large_image","twitter_misc":{"Ber\u00e4knad l\u00e4stid":"2 minuter"},"schema":{"@context":"https:\/\/schema.org","@graph":[{"@type":"WebPage","@id":"https:\/\/jormvattnetsfiskecamp.se\/wordpress\/infor-resan\/","url":"https:\/\/jormvattnetsfiskecamp.se\/wordpress\/infor-resan\/","name":"Inf\u00f6r resan -","isPartOf":{"@id":"https:\/\/jormvattnetsfiskecamp.se\/wordpress\/#website"},"primaryImageOfPage":{"@id":"https:\/\/jormvattnetsfiskecamp.se\/wordpress\/infor-resan\/#primaryimage"},"image":{"@id":"https:\/\/jormvattnetsfiskecamp.se\/wordpress\/infor-resan\/#primaryimage"},"thumbnailUrl":"https:\/\/media.jormvattnetsfiskecamp.se\/2023\/04\/20210925_141247-scaled.jpg","datePublished":"2020-05-11T13:28:51+00:00","dateModified":"2025-12-16T10:13:25+00:00","breadcrumb":{"@id":"https:\/\/jormvattnetsfiskecamp.se\/wordpress\/infor-resan\/#breadcrumb"},"inLanguage":"sv-SE","potentialAction":[{"@type":"ReadAction","target":["https:\/\/jormvattnetsfiskecamp.se\/wordpress\/infor-resan\/"]}]},{"@type":"ImageObject","inLanguage":"sv-SE","@id":"https:\/\/jormvattnetsfiskecamp.se\/wordpress\/infor-resan\/#primaryimage","url":"https:\/\/media.jormvattnetsfiskecamp.se\/2023\/04\/20210925_141247-scaled.jpg","contentUrl":"https:\/\/media.jormvattnetsfiskecamp.se\/2023\/04\/20210925_141247-scaled.jpg","width":2560,"height":1247},{"@type":"BreadcrumbList","@id":"https:\/\/jormvattnetsfiskecamp.se\/wordpress\/infor-resan\/#breadcrumb","itemListElement":[{"@type":"ListItem","position":1,"name":"Hem","item":"https:\/\/jormvattnetsfiskecamp.se\/wordpress\/"},{"@type":"ListItem","position":2,"name":"Inf\u00f6r resan"}]},{"@type":"WebSite","@id":"https:\/\/jormvattnetsfiskecamp.se\/wordpress\/#website","url":"https:\/\/jormvattnetsfiskecamp.se\/wordpress\/","name":"","description":"","potentialAction":[{"@type":"SearchAction","target":{"@type":"EntryPoint","urlTemplate":"https:\/\/jormvattnetsfiskecamp.se\/wordpress\/?s={search_term_string}"},"query-input":{"@type":"PropertyValueSpecification","valueRequired":true,"valueName":"search_term_string"}}],"inLanguage":"sv-SE"}]}},"_links":{"self":[{"href":"https:\/\/jormvattnetsfiskecamp.se\/wordpress\/wp-json\/wp\/v2\/pages\/480","targetHints":{"allow":["GET"]}}],"collection":[{"href":"https:\/\/jormvattnetsfiskecamp.se\/wordpress\/wp-json\/wp\/v2\/pages"}],"about":[{"href":"https:\/\/jormvattnetsfiskecamp.se\/wordpress\/wp-json\/wp\/v2\/types\/page"}],"author":[{"embeddable":true,"href":"https:\/\/jormvattnetsfiskecamp.se\/wordpress\/wp-json\/wp\/v2\/users\/1"}],"replies":[{"embeddable":true,"href":"https:\/\/jormvattnetsfiskecamp.se\/wordpress\/wp-json\/wp\/v2\/comments?post=480"}],"version-history":[{"count":21,"href":"https:\/\/jormvattnetsfiskecamp.se\/wordpress\/wp-json\/wp\/v2\/pages\/480\/revisions"}],"predecessor-version":[{"id":2351,"href":"https:\/\/jormvattnetsfiskecamp.se\/wordpress\/wp-json\/wp\/v2\/pages\/480\/revisions\/2351"}],"wp:featuredmedia":[{"embeddable":true,"href":"https:\/\/jormvattnetsfiskecamp.se\/wordpress\/wp-json\/wp\/v2\/media\/1486"}],"wp:attachment":[{"href":"https:\/\/jormvattnetsfiskecamp.se\/wordpress\/wp-json\/wp\/v2\/media?parent=480"}],"curies":[{"name":"wp","href":"https:\/\/api.w.org\/{rel}","templated":true}]}}