{"id":18,"date":"2019-01-18T17:21:44","date_gmt":"2019-01-18T17:21:44","guid":{"rendered":"http:\/\/jormvattnetsfiskecamp.se\/wordpress\/?page_id=18"},"modified":"2025-12-16T10:10:09","modified_gmt":"2025-12-16T10:10:09","slug":"hem","status":"publish","type":"page","link":"https:\/\/jormvattnetsfiskecamp.se\/wordpress\/","title":{"rendered":"Jormvattnets fiskecamp"},"content":{"rendered":"\t\t<div data-elementor-type=\"wp-page\" data-elementor-id=\"18\" class=\"elementor elementor-18\">\n\t\t\t\t\t\t<section class=\"elementor-section elementor-top-section elementor-element elementor-element-26dad7c3 elementor-section-boxed elementor-section-height-default elementor-section-height-default\" data-id=\"26dad7c3\" data-element_type=\"section\" data-e-type=\"section\">\n\t\t\t\t\t\t<div class=\"elementor-container elementor-column-gap-default\">\n\t\t\t\t\t<div class=\"elementor-column elementor-col-100 elementor-top-column elementor-element elementor-element-6f5a0d97\" data-id=\"6f5a0d97\" data-element_type=\"column\" data-e-type=\"column\">\n\t\t\t<div class=\"elementor-widget-wrap elementor-element-populated\">\n\t\t\t\t\t\t<div class=\"elementor-element elementor-element-630a963e elementor-widget elementor-widget-text-editor\" data-id=\"630a963e\" data-element_type=\"widget\" data-e-type=\"widget\" data-widget_type=\"text-editor.default\">\n\t\t\t\t<div class=\"elementor-widget-container\">\n\t\t\t\t\t\t\t\t\t<h1 class=\"wp-block-heading has-text-align-center\"><strong>Varmt v\u00e4lkommen till<\/strong><\/h1><h1><!-- \/wp:heading --><!-- wp:heading {\"textAlign\":\"center\"} --><\/h1><h1 class=\"wp-block-heading has-text-align-center\">Jormvattnets fiskecamp<\/h1><p><!-- \/wp:heading --><!-- wp:paragraph {\"align\":\"center\"} --><\/p><p data-start=\"140\" data-end=\"336\"><strong data-start=\"140\" data-end=\"181\">V\u00e4lkommen till Jormvattnets Fiskecamp<\/strong><br data-start=\"181\" data-end=\"184\" \/>Mitt i norra J\u00e4mtland, vid Jormsj\u00f6ns strand, ligger v\u00e5r fiskecamp \u2013 omgiven av fj\u00e4ll, skog och stillhet.<\/p><p data-start=\"140\" data-end=\"336\">H\u00e4r m\u00f6ts naturens lugn och \u00e4ventyrets frihet.<\/p><p data-start=\"338\" data-end=\"578\">\u00a0<\/p><p data-start=\"338\" data-end=\"578\">Bo i stuga, p\u00e5 st\u00e4llplats eller i t\u00e4lt \u2013 alltid n\u00e4ra vattnet och med utsikt som tar andan ur dig.<\/p><p data-start=\"338\" data-end=\"578\">Servicehus med dusch, k\u00f6k, bastu och relax finns f\u00f6r alla g\u00e4ster. Vi erbjuder \u00e4ven latrint\u00f6mning och tv\u00e4ttm\u00f6jligheter.<\/p><p data-start=\"338\" data-end=\"578\">\u00a0<\/p><p data-start=\"338\" data-end=\"578\">Hundar \u00e4r sj\u00e4lvklart v\u00e4lkomna.<\/p><p><!-- \/wp:paragraph --><\/p><p><!-- \/wp:quote --><\/p>\t\t\t\t\t\t\t\t<\/div>\n\t\t\t\t<\/div>\n\t\t\t\t\t<\/div>\n\t\t<\/div>\n\t\t\t\t\t<\/div>\n\t\t<\/section>\n\t\t\t\t<section class=\"elementor-section elementor-top-section elementor-element elementor-element-6845a43 elementor-section-boxed elementor-section-height-default elementor-section-height-default\" data-id=\"6845a43\" data-element_type=\"section\" data-e-type=\"section\">\n\t\t\t\t\t\t<div class=\"elementor-container elementor-column-gap-default\">\n\t\t\t\t\t<div class=\"elementor-column elementor-col-100 elementor-top-column elementor-element elementor-element-c423375\" data-id=\"c423375\" data-element_type=\"column\" data-e-type=\"column\">\n\t\t\t<div class=\"elementor-widget-wrap elementor-element-populated\">\n\t\t\t\t\t\t<div class=\"elementor-element elementor-element-02b9da1 elementor-widget elementor-widget-text-editor\" data-id=\"02b9da1\" data-element_type=\"widget\" data-e-type=\"widget\" data-widget_type=\"text-editor.default\">\n\t\t\t\t<div class=\"elementor-widget-container\">\n\t\t\t\t\t\t\t\t\t<p>Foto: Marika Hopponen Westberg<\/p>\t\t\t\t\t\t\t\t<\/div>\n\t\t\t\t<\/div>\n\t\t\t\t\t<\/div>\n\t\t<\/div>\n\t\t\t\t\t<\/div>\n\t\t<\/section>\n\t\t\t\t<\/div>\n\t\t","protected":false},"excerpt":{"rendered":"<p>Varmt v\u00e4lkommen till Jormvattnets fiskecamp V\u00e4lkommen till Jormvattnets FiskecampMitt i norra J\u00e4mtland, vid Jormsj\u00f6ns strand, ligger v\u00e5r fiskecamp \u2013 omgiven av fj\u00e4ll, skog och stillhet. H\u00e4r m\u00f6ts naturens lugn och \u00e4ventyrets frihet. \u00a0 Bo i stuga, p\u00e5 st\u00e4llplats eller i t\u00e4lt \u2013 alltid n\u00e4ra vattnet och med utsikt som tar andan ur dig. Servicehus med [&hellip;]<\/p>\n","protected":false},"author":1,"featured_media":1830,"parent":0,"menu_order":0,"comment_status":"closed","ping_status":"closed","template":"","meta":{"footnotes":""},"class_list":["post-18","page","type-page","status-publish","has-post-thumbnail","hentry"],"yoast_head":"<!-- This site is optimized with the Yoast SEO plugin v27.5 - https:\/\/yoast.com\/product\/yoast-seo-wordpress\/ -->\n<title>Jormvattnets fiskecamp -<\/title>\n<meta name=\"robots\" content=\"index, follow, max-snippet:-1, max-image-preview:large, max-video-preview:-1\" \/>\n<link rel=\"canonical\" href=\"https:\/\/jormvattnetsfiskecamp.se\/wordpress\/\" \/>\n<meta property=\"og:locale\" content=\"sv_SE\" \/>\n<meta property=\"og:type\" content=\"article\" \/>\n<meta property=\"og:title\" content=\"Jormvattnets fiskecamp -\" \/>\n<meta property=\"og:description\" content=\"Varmt v\u00e4lkommen till Jormvattnets fiskecamp V\u00e4lkommen till Jormvattnets FiskecampMitt i norra J\u00e4mtland, vid Jormsj\u00f6ns strand, ligger v\u00e5r fiskecamp \u2013 omgiven av fj\u00e4ll, skog och stillhet. H\u00e4r m\u00f6ts naturens lugn och \u00e4ventyrets frihet. \u00a0 Bo i stuga, p\u00e5 st\u00e4llplats eller i t\u00e4lt \u2013 alltid n\u00e4ra vattnet och med utsikt som tar andan ur dig. Servicehus med [&hellip;]\" \/>\n<meta property=\"og:url\" content=\"https:\/\/jormvattnetsfiskecamp.se\/wordpress\/\" \/>\n<meta property=\"article:modified_time\" content=\"2025-12-16T10:10:09+00:00\" \/>\n<meta property=\"og:image\" content=\"http:\/\/media.jormvattnetsfiskecamp.se\/2024\/06\/camping-dronare-scaled.jpg\" \/>\n\t<meta property=\"og:image:width\" content=\"2560\" \/>\n\t<meta property=\"og:image:height\" content=\"1440\" \/>\n\t<meta property=\"og:image:type\" content=\"image\/jpeg\" \/>\n<meta name=\"twitter:card\" content=\"summary_large_image\" \/>\n<meta name=\"twitter:label1\" content=\"Ber\u00e4knad l\u00e4stid\" \/>\n\t<meta name=\"twitter:data1\" content=\"3 minuter\" \/>\n<script type=\"application\/ld+json\" class=\"yoast-schema-graph\">{\"@context\":\"https:\\\/\\\/schema.org\",\"@graph\":[{\"@type\":\"WebPage\",\"@id\":\"https:\\\/\\\/jormvattnetsfiskecamp.se\\\/wordpress\\\/\",\"url\":\"https:\\\/\\\/jormvattnetsfiskecamp.se\\\/wordpress\\\/\",\"name\":\"Jormvattnets fiskecamp -\",\"isPartOf\":{\"@id\":\"https:\\\/\\\/jormvattnetsfiskecamp.se\\\/wordpress\\\/#website\"},\"primaryImageOfPage\":{\"@id\":\"https:\\\/\\\/jormvattnetsfiskecamp.se\\\/wordpress\\\/#primaryimage\"},\"image\":{\"@id\":\"https:\\\/\\\/jormvattnetsfiskecamp.se\\\/wordpress\\\/#primaryimage\"},\"thumbnailUrl\":\"https:\\\/\\\/media.jormvattnetsfiskecamp.se\\\/2024\\\/06\\\/camping-dronare-scaled.jpg\",\"datePublished\":\"2019-01-18T17:21:44+00:00\",\"dateModified\":\"2025-12-16T10:10:09+00:00\",\"breadcrumb\":{\"@id\":\"https:\\\/\\\/jormvattnetsfiskecamp.se\\\/wordpress\\\/#breadcrumb\"},\"inLanguage\":\"sv-SE\",\"potentialAction\":[{\"@type\":\"ReadAction\",\"target\":[\"https:\\\/\\\/jormvattnetsfiskecamp.se\\\/wordpress\\\/\"]}]},{\"@type\":\"ImageObject\",\"inLanguage\":\"sv-SE\",\"@id\":\"https:\\\/\\\/jormvattnetsfiskecamp.se\\\/wordpress\\\/#primaryimage\",\"url\":\"https:\\\/\\\/media.jormvattnetsfiskecamp.se\\\/2024\\\/06\\\/camping-dronare-scaled.jpg\",\"contentUrl\":\"https:\\\/\\\/media.jormvattnetsfiskecamp.se\\\/2024\\\/06\\\/camping-dronare-scaled.jpg\",\"width\":2560,\"height\":1440,\"caption\":\"default\"},{\"@type\":\"BreadcrumbList\",\"@id\":\"https:\\\/\\\/jormvattnetsfiskecamp.se\\\/wordpress\\\/#breadcrumb\",\"itemListElement\":[{\"@type\":\"ListItem\",\"position\":1,\"name\":\"Hem\",\"item\":\"https:\\\/\\\/jormvattnetsfiskecamp.se\\\/wordpress\\\/\"},{\"@type\":\"ListItem\",\"position\":2,\"name\":\"Jormvattnets fiskecamp\"}]},{\"@type\":\"WebSite\",\"@id\":\"https:\\\/\\\/jormvattnetsfiskecamp.se\\\/wordpress\\\/#website\",\"url\":\"https:\\\/\\\/jormvattnetsfiskecamp.se\\\/wordpress\\\/\",\"name\":\"\",\"description\":\"\",\"potentialAction\":[{\"@type\":\"SearchAction\",\"target\":{\"@type\":\"EntryPoint\",\"urlTemplate\":\"https:\\\/\\\/jormvattnetsfiskecamp.se\\\/wordpress\\\/?s={search_term_string}\"},\"query-input\":{\"@type\":\"PropertyValueSpecification\",\"valueRequired\":true,\"valueName\":\"search_term_string\"}}],\"inLanguage\":\"sv-SE\"}]}<\/script>\n<!-- \/ Yoast SEO plugin. -->","yoast_head_json":{"title":"Jormvattnets fiskecamp -","robots":{"index":"index","follow":"follow","max-snippet":"max-snippet:-1","max-image-preview":"max-image-preview:large","max-video-preview":"max-video-preview:-1"},"canonical":"https:\/\/jormvattnetsfiskecamp.se\/wordpress\/","og_locale":"sv_SE","og_type":"article","og_title":"Jormvattnets fiskecamp -","og_description":"Varmt v\u00e4lkommen till Jormvattnets fiskecamp V\u00e4lkommen till Jormvattnets FiskecampMitt i norra J\u00e4mtland, vid Jormsj\u00f6ns strand, ligger v\u00e5r fiskecamp \u2013 omgiven av fj\u00e4ll, skog och stillhet. H\u00e4r m\u00f6ts naturens lugn och \u00e4ventyrets frihet. \u00a0 Bo i stuga, p\u00e5 st\u00e4llplats eller i t\u00e4lt \u2013 alltid n\u00e4ra vattnet och med utsikt som tar andan ur dig. Servicehus med [&hellip;]","og_url":"https:\/\/jormvattnetsfiskecamp.se\/wordpress\/","article_modified_time":"2025-12-16T10:10:09+00:00","og_image":[{"width":2560,"height":1440,"url":"http:\/\/media.jormvattnetsfiskecamp.se\/2024\/06\/camping-dronare-scaled.jpg","type":"image\/jpeg"}],"twitter_card":"summary_large_image","twitter_misc":{"Ber\u00e4knad l\u00e4stid":"3 minuter"},"schema":{"@context":"https:\/\/schema.org","@graph":[{"@type":"WebPage","@id":"https:\/\/jormvattnetsfiskecamp.se\/wordpress\/","url":"https:\/\/jormvattnetsfiskecamp.se\/wordpress\/","name":"Jormvattnets fiskecamp -","isPartOf":{"@id":"https:\/\/jormvattnetsfiskecamp.se\/wordpress\/#website"},"primaryImageOfPage":{"@id":"https:\/\/jormvattnetsfiskecamp.se\/wordpress\/#primaryimage"},"image":{"@id":"https:\/\/jormvattnetsfiskecamp.se\/wordpress\/#primaryimage"},"thumbnailUrl":"https:\/\/media.jormvattnetsfiskecamp.se\/2024\/06\/camping-dronare-scaled.jpg","datePublished":"2019-01-18T17:21:44+00:00","dateModified":"2025-12-16T10:10:09+00:00","breadcrumb":{"@id":"https:\/\/jormvattnetsfiskecamp.se\/wordpress\/#breadcrumb"},"inLanguage":"sv-SE","potentialAction":[{"@type":"ReadAction","target":["https:\/\/jormvattnetsfiskecamp.se\/wordpress\/"]}]},{"@type":"ImageObject","inLanguage":"sv-SE","@id":"https:\/\/jormvattnetsfiskecamp.se\/wordpress\/#primaryimage","url":"https:\/\/media.jormvattnetsfiskecamp.se\/2024\/06\/camping-dronare-scaled.jpg","contentUrl":"https:\/\/media.jormvattnetsfiskecamp.se\/2024\/06\/camping-dronare-scaled.jpg","width":2560,"height":1440,"caption":"default"},{"@type":"BreadcrumbList","@id":"https:\/\/jormvattnetsfiskecamp.se\/wordpress\/#breadcrumb","itemListElement":[{"@type":"ListItem","position":1,"name":"Hem","item":"https:\/\/jormvattnetsfiskecamp.se\/wordpress\/"},{"@type":"ListItem","position":2,"name":"Jormvattnets fiskecamp"}]},{"@type":"WebSite","@id":"https:\/\/jormvattnetsfiskecamp.se\/wordpress\/#website","url":"https:\/\/jormvattnetsfiskecamp.se\/wordpress\/","name":"","description":"","potentialAction":[{"@type":"SearchAction","target":{"@type":"EntryPoint","urlTemplate":"https:\/\/jormvattnetsfiskecamp.se\/wordpress\/?s={search_term_string}"},"query-input":{"@type":"PropertyValueSpecification","valueRequired":true,"valueName":"search_term_string"}}],"inLanguage":"sv-SE"}]}},"_links":{"self":[{"href":"https:\/\/jormvattnetsfiskecamp.se\/wordpress\/wp-json\/wp\/v2\/pages\/18","targetHints":{"allow":["GET"]}}],"collection":[{"href":"https:\/\/jormvattnetsfiskecamp.se\/wordpress\/wp-json\/wp\/v2\/pages"}],"about":[{"href":"https:\/\/jormvattnetsfiskecamp.se\/wordpress\/wp-json\/wp\/v2\/types\/page"}],"author":[{"embeddable":true,"href":"https:\/\/jormvattnetsfiskecamp.se\/wordpress\/wp-json\/wp\/v2\/users\/1"}],"replies":[{"embeddable":true,"href":"https:\/\/jormvattnetsfiskecamp.se\/wordpress\/wp-json\/wp\/v2\/comments?post=18"}],"version-history":[{"count":68,"href":"https:\/\/jormvattnetsfiskecamp.se\/wordpress\/wp-json\/wp\/v2\/pages\/18\/revisions"}],"predecessor-version":[{"id":2344,"href":"https:\/\/jormvattnetsfiskecamp.se\/wordpress\/wp-json\/wp\/v2\/pages\/18\/revisions\/2344"}],"wp:featuredmedia":[{"embeddable":true,"href":"https:\/\/jormvattnetsfiskecamp.se\/wordpress\/wp-json\/wp\/v2\/media\/1830"}],"wp:attachment":[{"href":"https:\/\/jormvattnetsfiskecamp.se\/wordpress\/wp-json\/wp\/v2\/media?parent=18"}],"curies":[{"name":"wp","href":"https:\/\/api.w.org\/{rel}","templated":true}]}}