{"id":17,"date":"2019-01-18T17:21:44","date_gmt":"2019-01-18T17:21:44","guid":{"rendered":"http:\/\/jormvattnetsfiskecamp.se\/wordpress\/?page_id=17"},"modified":"2025-12-16T10:14:07","modified_gmt":"2025-12-16T10:14:07","slug":"kontakt","status":"publish","type":"page","link":"https:\/\/jormvattnetsfiskecamp.se\/wordpress\/kontakt\/","title":{"rendered":"Kontakt"},"content":{"rendered":"\n<h2 class=\"wp-block-heading\"><strong>Har du fr\u00e5gor eller funderingar kontakta oss g\u00e4rna<\/strong><\/h2>\n\n\n\n<p class=\"has-medium-font-size\">Telefon: +4667220100<\/p>\n\n\n\n<p class=\"has-medium-font-size\">Mail: info@jormvattnetsfiskecamp.se<\/p>\n\n\n\n<p class=\"has-medium-font-size\">Bes\u00f6ksadress:<\/p>\n\n\n\n<p class=\"has-medium-font-size\">Jormvattnet 885<\/p>\n\n\n\n<p class=\"has-medium-font-size\">833 98 G\u00e4ddede<\/p>\n\n\n\n<p>64\u00b044&#8217;40.6&#8243;N 14\u00b015&#8217;35.6&#8243;E<\/p>\n\n\n\n<p><strong><em><mark style=\"background-color:rgba(0, 0, 0, 0)\" class=\"has-inline-color has-vivid-red-color\">Vi har en del av spr\u00e5kkunskap att erbjuda om ni bes\u00f6ker oss!  Spr\u00e5k som vi kan g\u00f6ra oss f\u00f6rst\u00e5dda p\u00e5 \u00e4r: svenska, finska, norska, engelska. <\/mark><\/em><\/strong><\/p>\n\n\n\n<div class=\"wp-block-group\"><div class=\"wp-block-group__inner-container is-layout-flow wp-block-group-is-layout-flow\"><\/div><\/div>\n\n\n\n<figure class=\"wp-block-gallery has-nested-images columns-4 is-cropped wp-block-gallery-1 is-layout-flex wp-block-gallery-is-layout-flex\">\n<figure class=\"wp-block-image size-large\"><img fetchpriority=\"high\" decoding=\"async\" width=\"440\" height=\"266\" data-id=\"512\" src=\"https:\/\/media.jormvattnetsfiskecamp.se\/2020\/05\/finland.png\" alt=\"\" class=\"wp-image-512\" srcset=\"http:\/\/media.jormvattnetsfiskecamp.se\/2020\/05\/finland.png 440w, http:\/\/media.jormvattnetsfiskecamp.se\/2020\/05\/finland-300x181.png 300w\" sizes=\"(max-width: 440px) 100vw, 440px\" \/><\/figure>\n\n\n\n<figure class=\"wp-block-image size-large\"><img decoding=\"async\" width=\"546\" height=\"333\" data-id=\"513\" src=\"https:\/\/media.jormvattnetsfiskecamp.se\/2020\/05\/england.png\" alt=\"\" class=\"wp-image-513\" srcset=\"http:\/\/media.jormvattnetsfiskecamp.se\/2020\/05\/england.png 546w, http:\/\/media.jormvattnetsfiskecamp.se\/2020\/05\/england-300x183.png 300w\" sizes=\"(max-width: 546px) 100vw, 546px\" \/><\/figure>\n\n\n\n<figure class=\"wp-block-image size-large\"><img decoding=\"async\" width=\"556\" height=\"419\" data-id=\"517\" src=\"https:\/\/media.jormvattnetsfiskecamp.se\/2020\/05\/svensk-1.png\" alt=\"\" class=\"wp-image-517\" srcset=\"http:\/\/media.jormvattnetsfiskecamp.se\/2020\/05\/svensk-1.png 556w, http:\/\/media.jormvattnetsfiskecamp.se\/2020\/05\/svensk-1-300x226.png 300w\" sizes=\"(max-width: 556px) 100vw, 556px\" \/><\/figure>\n\n\n\n<figure class=\"wp-block-image size-large\"><img loading=\"lazy\" decoding=\"async\" width=\"959\" height=\"695\" data-id=\"1400\" src=\"https:\/\/media.jormvattnetsfiskecamp.se\/2023\/02\/Skarmklipp.jpg\" alt=\"\" class=\"wp-image-1400\" srcset=\"http:\/\/media.jormvattnetsfiskecamp.se\/2023\/02\/Skarmklipp.jpg 959w, http:\/\/media.jormvattnetsfiskecamp.se\/2023\/02\/Skarmklipp-300x217.jpg 300w, http:\/\/media.jormvattnetsfiskecamp.se\/2023\/02\/Skarmklipp-768x557.jpg 768w\" sizes=\"(max-width: 959px) 100vw, 959px\" \/><\/figure>\n<\/figure>\n\n\n\n<p>Vi har olika kunskaper beroende p\u00e5 vem som jobbar s\u00e5 klart! Varmt v\u00e4lkomna!<\/p>\n\n\n\n<p>Foto: Marika Hopponen Westberg<\/p>\n","protected":false},"excerpt":{"rendered":"<p>Har du fr\u00e5gor eller funderingar kontakta oss g\u00e4rna Telefon: +4667220100 Mail: info@jormvattnetsfiskecamp.se Bes\u00f6ksadress: Jormvattnet 885 833 98 G\u00e4ddede 64\u00b044&#8217;40.6&#8243;N 14\u00b015&#8217;35.6&#8243;E Vi har en del av spr\u00e5kkunskap att erbjuda om ni bes\u00f6ker oss! Spr\u00e5k som vi kan g\u00f6ra oss f\u00f6rst\u00e5dda p\u00e5 \u00e4r: svenska, finska, norska, engelska. Vi har olika kunskaper beroende p\u00e5 vem som jobbar s\u00e5 [&hellip;]<\/p>\n","protected":false},"author":1,"featured_media":219,"parent":0,"menu_order":0,"comment_status":"closed","ping_status":"closed","template":"","meta":{"footnotes":""},"class_list":["post-17","page","type-page","status-publish","has-post-thumbnail","hentry"],"yoast_head":"<!-- This site is optimized with the Yoast SEO plugin v27.4 - https:\/\/yoast.com\/product\/yoast-seo-wordpress\/ -->\n<title>Kontakt -<\/title>\n<meta name=\"robots\" content=\"index, follow, max-snippet:-1, max-image-preview:large, max-video-preview:-1\" \/>\n<link rel=\"canonical\" href=\"https:\/\/jormvattnetsfiskecamp.se\/wordpress\/kontakt\/\" \/>\n<meta property=\"og:locale\" content=\"sv_SE\" \/>\n<meta property=\"og:type\" content=\"article\" \/>\n<meta property=\"og:title\" content=\"Kontakt -\" \/>\n<meta property=\"og:description\" content=\"Har du fr\u00e5gor eller funderingar kontakta oss g\u00e4rna Telefon: +4667220100 Mail: info@jormvattnetsfiskecamp.se Bes\u00f6ksadress: Jormvattnet 885 833 98 G\u00e4ddede 64\u00b044&#8217;40.6&#8243;N 14\u00b015&#8217;35.6&#8243;E Vi har en del av spr\u00e5kkunskap att erbjuda om ni bes\u00f6ker oss! Spr\u00e5k som vi kan g\u00f6ra oss f\u00f6rst\u00e5dda p\u00e5 \u00e4r: svenska, finska, norska, engelska. Vi har olika kunskaper beroende p\u00e5 vem som jobbar s\u00e5 [&hellip;]\" \/>\n<meta property=\"og:url\" content=\"https:\/\/jormvattnetsfiskecamp.se\/wordpress\/kontakt\/\" \/>\n<meta property=\"article:modified_time\" content=\"2025-12-16T10:14:07+00:00\" \/>\n<meta property=\"og:image\" content=\"http:\/\/media.jormvattnetsfiskecamp.se\/2020\/01\/relaxen-scaled.jpg\" \/>\n\t<meta property=\"og:image:width\" content=\"2560\" \/>\n\t<meta property=\"og:image:height\" content=\"1440\" \/>\n\t<meta property=\"og:image:type\" content=\"image\/jpeg\" \/>\n<meta name=\"twitter:card\" content=\"summary_large_image\" \/>\n<meta name=\"twitter:label1\" content=\"Ber\u00e4knad l\u00e4stid\" \/>\n\t<meta name=\"twitter:data1\" content=\"2 minuter\" \/>\n<script type=\"application\/ld+json\" class=\"yoast-schema-graph\">{\"@context\":\"https:\\\/\\\/schema.org\",\"@graph\":[{\"@type\":\"WebPage\",\"@id\":\"https:\\\/\\\/jormvattnetsfiskecamp.se\\\/wordpress\\\/kontakt\\\/\",\"url\":\"https:\\\/\\\/jormvattnetsfiskecamp.se\\\/wordpress\\\/kontakt\\\/\",\"name\":\"Kontakt -\",\"isPartOf\":{\"@id\":\"https:\\\/\\\/jormvattnetsfiskecamp.se\\\/wordpress\\\/#website\"},\"primaryImageOfPage\":{\"@id\":\"https:\\\/\\\/jormvattnetsfiskecamp.se\\\/wordpress\\\/kontakt\\\/#primaryimage\"},\"image\":{\"@id\":\"https:\\\/\\\/jormvattnetsfiskecamp.se\\\/wordpress\\\/kontakt\\\/#primaryimage\"},\"thumbnailUrl\":\"https:\\\/\\\/media.jormvattnetsfiskecamp.se\\\/2020\\\/01\\\/relaxen-scaled.jpg\",\"datePublished\":\"2019-01-18T17:21:44+00:00\",\"dateModified\":\"2025-12-16T10:14:07+00:00\",\"breadcrumb\":{\"@id\":\"https:\\\/\\\/jormvattnetsfiskecamp.se\\\/wordpress\\\/kontakt\\\/#breadcrumb\"},\"inLanguage\":\"sv-SE\",\"potentialAction\":[{\"@type\":\"ReadAction\",\"target\":[\"https:\\\/\\\/jormvattnetsfiskecamp.se\\\/wordpress\\\/kontakt\\\/\"]}]},{\"@type\":\"ImageObject\",\"inLanguage\":\"sv-SE\",\"@id\":\"https:\\\/\\\/jormvattnetsfiskecamp.se\\\/wordpress\\\/kontakt\\\/#primaryimage\",\"url\":\"https:\\\/\\\/media.jormvattnetsfiskecamp.se\\\/2020\\\/01\\\/relaxen-scaled.jpg\",\"contentUrl\":\"https:\\\/\\\/media.jormvattnetsfiskecamp.se\\\/2020\\\/01\\\/relaxen-scaled.jpg\",\"width\":2560,\"height\":1440},{\"@type\":\"BreadcrumbList\",\"@id\":\"https:\\\/\\\/jormvattnetsfiskecamp.se\\\/wordpress\\\/kontakt\\\/#breadcrumb\",\"itemListElement\":[{\"@type\":\"ListItem\",\"position\":1,\"name\":\"Hem\",\"item\":\"https:\\\/\\\/jormvattnetsfiskecamp.se\\\/wordpress\\\/\"},{\"@type\":\"ListItem\",\"position\":2,\"name\":\"Kontakt\"}]},{\"@type\":\"WebSite\",\"@id\":\"https:\\\/\\\/jormvattnetsfiskecamp.se\\\/wordpress\\\/#website\",\"url\":\"https:\\\/\\\/jormvattnetsfiskecamp.se\\\/wordpress\\\/\",\"name\":\"\",\"description\":\"\",\"potentialAction\":[{\"@type\":\"SearchAction\",\"target\":{\"@type\":\"EntryPoint\",\"urlTemplate\":\"https:\\\/\\\/jormvattnetsfiskecamp.se\\\/wordpress\\\/?s={search_term_string}\"},\"query-input\":{\"@type\":\"PropertyValueSpecification\",\"valueRequired\":true,\"valueName\":\"search_term_string\"}}],\"inLanguage\":\"sv-SE\"}]}<\/script>\n<!-- \/ Yoast SEO plugin. -->","yoast_head_json":{"title":"Kontakt -","robots":{"index":"index","follow":"follow","max-snippet":"max-snippet:-1","max-image-preview":"max-image-preview:large","max-video-preview":"max-video-preview:-1"},"canonical":"https:\/\/jormvattnetsfiskecamp.se\/wordpress\/kontakt\/","og_locale":"sv_SE","og_type":"article","og_title":"Kontakt -","og_description":"Har du fr\u00e5gor eller funderingar kontakta oss g\u00e4rna Telefon: +4667220100 Mail: info@jormvattnetsfiskecamp.se Bes\u00f6ksadress: Jormvattnet 885 833 98 G\u00e4ddede 64\u00b044&#8217;40.6&#8243;N 14\u00b015&#8217;35.6&#8243;E Vi har en del av spr\u00e5kkunskap att erbjuda om ni bes\u00f6ker oss! Spr\u00e5k som vi kan g\u00f6ra oss f\u00f6rst\u00e5dda p\u00e5 \u00e4r: svenska, finska, norska, engelska. Vi har olika kunskaper beroende p\u00e5 vem som jobbar s\u00e5 [&hellip;]","og_url":"https:\/\/jormvattnetsfiskecamp.se\/wordpress\/kontakt\/","article_modified_time":"2025-12-16T10:14:07+00:00","og_image":[{"width":2560,"height":1440,"url":"http:\/\/media.jormvattnetsfiskecamp.se\/2020\/01\/relaxen-scaled.jpg","type":"image\/jpeg"}],"twitter_card":"summary_large_image","twitter_misc":{"Ber\u00e4knad l\u00e4stid":"2 minuter"},"schema":{"@context":"https:\/\/schema.org","@graph":[{"@type":"WebPage","@id":"https:\/\/jormvattnetsfiskecamp.se\/wordpress\/kontakt\/","url":"https:\/\/jormvattnetsfiskecamp.se\/wordpress\/kontakt\/","name":"Kontakt -","isPartOf":{"@id":"https:\/\/jormvattnetsfiskecamp.se\/wordpress\/#website"},"primaryImageOfPage":{"@id":"https:\/\/jormvattnetsfiskecamp.se\/wordpress\/kontakt\/#primaryimage"},"image":{"@id":"https:\/\/jormvattnetsfiskecamp.se\/wordpress\/kontakt\/#primaryimage"},"thumbnailUrl":"https:\/\/media.jormvattnetsfiskecamp.se\/2020\/01\/relaxen-scaled.jpg","datePublished":"2019-01-18T17:21:44+00:00","dateModified":"2025-12-16T10:14:07+00:00","breadcrumb":{"@id":"https:\/\/jormvattnetsfiskecamp.se\/wordpress\/kontakt\/#breadcrumb"},"inLanguage":"sv-SE","potentialAction":[{"@type":"ReadAction","target":["https:\/\/jormvattnetsfiskecamp.se\/wordpress\/kontakt\/"]}]},{"@type":"ImageObject","inLanguage":"sv-SE","@id":"https:\/\/jormvattnetsfiskecamp.se\/wordpress\/kontakt\/#primaryimage","url":"https:\/\/media.jormvattnetsfiskecamp.se\/2020\/01\/relaxen-scaled.jpg","contentUrl":"https:\/\/media.jormvattnetsfiskecamp.se\/2020\/01\/relaxen-scaled.jpg","width":2560,"height":1440},{"@type":"BreadcrumbList","@id":"https:\/\/jormvattnetsfiskecamp.se\/wordpress\/kontakt\/#breadcrumb","itemListElement":[{"@type":"ListItem","position":1,"name":"Hem","item":"https:\/\/jormvattnetsfiskecamp.se\/wordpress\/"},{"@type":"ListItem","position":2,"name":"Kontakt"}]},{"@type":"WebSite","@id":"https:\/\/jormvattnetsfiskecamp.se\/wordpress\/#website","url":"https:\/\/jormvattnetsfiskecamp.se\/wordpress\/","name":"","description":"","potentialAction":[{"@type":"SearchAction","target":{"@type":"EntryPoint","urlTemplate":"https:\/\/jormvattnetsfiskecamp.se\/wordpress\/?s={search_term_string}"},"query-input":{"@type":"PropertyValueSpecification","valueRequired":true,"valueName":"search_term_string"}}],"inLanguage":"sv-SE"}]}},"_links":{"self":[{"href":"https:\/\/jormvattnetsfiskecamp.se\/wordpress\/wp-json\/wp\/v2\/pages\/17","targetHints":{"allow":["GET"]}}],"collection":[{"href":"https:\/\/jormvattnetsfiskecamp.se\/wordpress\/wp-json\/wp\/v2\/pages"}],"about":[{"href":"https:\/\/jormvattnetsfiskecamp.se\/wordpress\/wp-json\/wp\/v2\/types\/page"}],"author":[{"embeddable":true,"href":"https:\/\/jormvattnetsfiskecamp.se\/wordpress\/wp-json\/wp\/v2\/users\/1"}],"replies":[{"embeddable":true,"href":"https:\/\/jormvattnetsfiskecamp.se\/wordpress\/wp-json\/wp\/v2\/comments?post=17"}],"version-history":[{"count":21,"href":"https:\/\/jormvattnetsfiskecamp.se\/wordpress\/wp-json\/wp\/v2\/pages\/17\/revisions"}],"predecessor-version":[{"id":2352,"href":"https:\/\/jormvattnetsfiskecamp.se\/wordpress\/wp-json\/wp\/v2\/pages\/17\/revisions\/2352"}],"wp:featuredmedia":[{"embeddable":true,"href":"https:\/\/jormvattnetsfiskecamp.se\/wordpress\/wp-json\/wp\/v2\/media\/219"}],"wp:attachment":[{"href":"https:\/\/jormvattnetsfiskecamp.se\/wordpress\/wp-json\/wp\/v2\/media?parent=17"}],"curies":[{"name":"wp","href":"https:\/\/api.w.org\/{rel}","templated":true}]}}