{"id":1570,"date":"2023-08-14T07:44:00","date_gmt":"2023-08-14T07:44:00","guid":{"rendered":"https:\/\/jormvattnetsfiskecamp.se\/wordpress\/?page_id=1570"},"modified":"2025-10-23T09:10:31","modified_gmt":"2025-10-23T09:10:31","slug":"bokningspolicy","status":"publish","type":"page","link":"https:\/\/jormvattnetsfiskecamp.se\/wordpress\/bokningspolicy\/","title":{"rendered":"Bokningsvillkor"},"content":{"rendered":"\t\t<div data-elementor-type=\"wp-page\" data-elementor-id=\"1570\" class=\"elementor elementor-1570\">\n\t\t\t\t\t\t<section class=\"elementor-section elementor-top-section elementor-element elementor-element-66026f7a elementor-section-boxed elementor-section-height-default elementor-section-height-default\" data-id=\"66026f7a\" data-element_type=\"section\" data-e-type=\"section\">\n\t\t\t\t\t\t<div class=\"elementor-container elementor-column-gap-default\">\n\t\t\t\t\t<div class=\"elementor-column elementor-col-100 elementor-top-column elementor-element elementor-element-3aed42b4\" data-id=\"3aed42b4\" data-element_type=\"column\" data-e-type=\"column\">\n\t\t\t<div class=\"elementor-widget-wrap elementor-element-populated\">\n\t\t\t\t\t\t<div class=\"elementor-element elementor-element-e18364c elementor-widget elementor-widget-text-editor\" data-id=\"e18364c\" data-element_type=\"widget\" data-e-type=\"widget\" data-widget_type=\"text-editor.default\">\n\t\t\t\t<div class=\"elementor-widget-container\">\n\t\t\t\t\t\t\t\t\t<p><\/p><h1><strong>Bokningsvillkor<\/strong><\/h1><p>\u00a0<\/p><p>1. F\u00f6retagsinformation<\/p><p>Jormvattnets Fiskecamp tillhandah\u00e5lls av Jormvattnets Fiskecamp AB org nummer 559245-2360, i samarbete med BookSpot AB, org nummer 559241-7819. Information &amp; bilder p\u00e5 hemsidan \u00e4gs av f\u00f6retaget eller partner och f\u00e5r inte kopieras utan till\u00e5telse.<\/p><p>\u00a0<\/p><p>Kontaktadress:<\/p><p>Jormvattnets Fiskecamp<\/p><p>Jormvattnet 885<\/p><p>83398 G\u00c4DDEDE\u00a0<\/p><p>\u00a0<\/p><p>2. Priser<\/p><p>Varje vara anges inklusive moms i Svenska kronor. I kundvagnen ser man det totala priset inklusive alla avgifter s\u00e5 som moms, frakt och betalningar.<\/p><p>\u00a0<\/p><p>3.1 Bokning<\/p><p>Bokning kan g\u00f6ras via onlinebokning, telefon, e-post eller vid ankomst.<\/p><p>En bokning blir bindande n\u00e4r du erh\u00e5llit bokningsbekr\u00e4ftelse fr\u00e5n oss.<\/p><p>Om du inte f\u00e5tt bekr\u00e4ftelsen inom 24 timmar, kontakta oss p\u00e5 +46(0)672-20100.<\/p><p>\u00a0<\/p><p>3.2 Serviceavgift<\/p><p>En serviceavgift p\u00e5 50 kr tillkommer vid bokning via telefon eller e-post.<\/p><p>\u00a0<\/p><p>3.3 Avbokning och \u00e5terbetalning (rekommenderade av SCR)<\/p><p>\u2022 Sker avbokningen 40 dagar eller tidigare f\u00f6re tilltr\u00e4de ska du betala 10 % av det<\/p><p>avtalade beloppet.<\/p><p>\u2022 Sker avbokning 39-8 dagar f\u00f6re tilltr\u00e4de ska du betala 25 % av avtalat belopp.<\/p><p>\u2022 Sker avbokningen 7-2 dagar f\u00f6re tilltr\u00e4de ska du betala 75 % av avtalat belopp.<\/p><p>\u2022 Vid senare avbokning \u00e4n 2 dagar f\u00f6re tilltr\u00e4desdag enligt avtal, eller om du avbryter<\/p><p>p\u00e5g\u00e5ende vistelse utan giltigt sk\u00e4l, \u00e5terbetalas inga pengar.<\/p><p>\u00a0<\/p><p>3.4 Ombokningsskydd<\/p><p>F\u00f6r extra trygghet kan du k\u00f6pa till ett ombokningsskydd:<\/p><p>450 kr f\u00f6r stugor<\/p><p>150 kr f\u00f6r st\u00e4llplatser<\/p><p>Ombokningsskyddet ger dig m\u00f6jlighet att boka om din vistelse till ett annat tillf\u00e4lle, senast 24h f\u00f6re ankomst. Ombokningsskyddet g\u00e4ller endast en g\u00e5ng per bokning och m\u00e5ste k\u00f6pas i samband med bokningen.<\/p><p>Ombokningsskyddet \u00e5terbetalas ej. Ev mellanskillnad i pris betalas av dig som g\u00e4st.<\/p><p>\u00a0<\/p><p>3.5 Tidigare avresa<\/p><p>Om du v\u00e4ljer att avresa tidigare \u00e4n planerat \u00e5terbetalas inga pengar.<\/p><p>\u00a0<\/p><p>4.1 Betalning<\/p><p>Betalning sker genom vald betalningsmetod i kassan.<\/p><p>\u00a0<\/p><p>4.2 Kortbetalning<\/p><p>Kortbetalning accepteras av Visa, MasterCard och Maestro. Debitering av ditt betalkort sker direkt.<\/p><p>\u00a0<\/p><p>4.3 Swishbetalning<\/p><p>Swishbetalning accepteras i kassan. L\u00e4s mer och skaffa Swish p\u00e5 https:\/\/swish.nu.<\/p><p>\u00a0<\/p><p>5. Skadade varor och reklamationer<\/p><p>N\u00e4r du p\u00e5b\u00f6rjar en k\u00f6pt aktivitet \u00e4r det viktigt att du kontrollerar s\u00e5 produkterna inte \u00e4r skadade eller felaktiga. Skulle produkten vara felaktig eller skadad har du r\u00e4tt till en ers\u00e4ttningsprodukt om det finns, annars full \u00e5terbetalning.<\/p><p>\u00a0<\/p><p>6. \u00c5ngerr\u00e4tt och \u00f6ppet k\u00f6p<\/p><p>Se villkor f\u00f6r avbokning och \u00e5terbetalning.<\/p><p>\u00a0<\/p><p>7. Vad har jag f\u00f6r r\u00e4ttigheter?<\/p><p>I h\u00e4ndelse av v\u00e5rt avtalsbrott, allvarliga st\u00f6rningar eller om tj\u00e4nsten i \u00f6vrigt avviker fr\u00e5n uppgifter<\/p><p>som vi har l\u00e4mnat eller vad du med fog har kunnat f\u00f6rv\u00e4nta dig, har du r\u00e4tt att kr\u00e4va avhj\u00e4lpande,<\/p><p>prisavdrag eller h\u00e4vning. Avtalsbrott eller annan brist i tj\u00e4nsten som beror p\u00e5 orsaker utanf\u00f6r v\u00e5r<\/p><p>kontroll ger inte r\u00e4tt till ers\u00e4ttning enligt detta avtal.<\/p><p>\u00a0<\/p><p>Fel som uppst\u00e5r under din vistelse ska omedelbart rapporteras till oss s\u00e5 att vi har m\u00f6jlighet att<\/p><p>avhj\u00e4lpa felet. Om du underl\u00e5ter att rapportera fel, kan du inte heller kr\u00e4va ers\u00e4ttning.<\/p><p>Om du f\u00e5tt ers\u00e4ttning men inte \u00e4r n\u00f6jd med denna ska du meddela oss detta inom 3 veckor (21<\/p><p>dagar) efter avresa. Detta kan ske muntligen, skriftligen eller via e-post. Vi rekommenderar e-post.<\/p><p>\u00a0<\/p><p>8. Vad har jag f\u00f6r skyldigheter?<\/p><p>Under vistelsen p\u00e5 campingplatsen g\u00e4ller allm\u00e4nna villkor och ordningsf\u00f6reskrifter.<\/p><p>\u00d6vertr\u00e4delse av ordningsf\u00f6reskrifter f\u00f6r campingplatsen, eller brott mot avtalet i \u00f6vrigt, kan leda till<\/p><p>att avtalet s\u00e4gs upp med omedelbar verkan. Ingen \u00e5terbetalning utg\u00e5r.<\/p><p>\u00a0<\/p><p>9. Personuppgiftsbehandling<\/p><p>F\u00f6r att kunna ta emot, hantera och leverera din best\u00e4llning kommer Jormvattnets Fiskecamp AB att behandla dina personuppgifter. All v\u00e5r behandling av personuppgifter sker i enlighet med g\u00e4llande personuppgiftslagstiftning. Du kan l\u00e4sa mer om hur vi behandlar dina personuppgifter under Bilaga 1, Personuppgiftsbehandling.<\/p><p>\u00a0<\/p><p>10. Kontakt &amp; Kundtj\u00e4nst<\/p><p>Kontakta Jormvattnets Fiskecamp AB p\u00e5 e-post: info@jormvattnetsfiskecamp.se eller telefon +46(0)672-20100.<\/p><p>\u00a0<\/p><p>9. Cookies<\/p><p>En cookie \u00e4r en textfil som skickas fr\u00e5n en webbsida till din dator d\u00e4r den lagras antingen i minnet (session cookies) eller som en liten textfil (textbaserade cookies). Cookies anv\u00e4nds f\u00f6r att lagra t.ex. inloggningsinformation eller din kundvagn n\u00e4r du surfar runt p\u00e5 olika webbplatser. Om din webbl\u00e4sare \u00e4r inst\u00e4lld p\u00e5 att inte acceptera cookies kommer du inte ha m\u00f6jlighet att g\u00f6ra n\u00e5gon best\u00e4llning p\u00e5 v\u00e5r sida. Du kan l\u00e4tt \u00e4ndra detta under inst\u00e4llningar i din webbl\u00e4sare. Observera att vi inte anv\u00e4nder cookies f\u00f6r att spara personlig information om dig.<\/p><p>\u00a0<\/p><p>10. Force Majeure<\/p><p>Force Majeure s\u00e5som krig, omfattande arbetskonflikt, blockad, eldsv\u00e5da, milj\u00f6katastrof, allvarlig smittspridning eller annan omfattning som part inte r\u00e5der \u00f6ver och som f\u00f6rhindrar part att fullg\u00f6ra sina skyldigheter och befriar part fr\u00e5n detta. S\u00e5dan befrielse g\u00e4ller under f\u00f6ruts\u00e4ttning att verksamheten inte heller kan bedrivas under dessa f\u00f6rh\u00e5llanden. Motparten skall omedelbart underr\u00e4ttas om omst\u00e4ndigheter som kan till\u00e4mpning denna best\u00e4mmelse.<\/p><p>\u00a0<\/p><p>11. Tvister &amp; lagar<\/p><p>Svensk r\u00e4tt skall till\u00e4mpas p\u00e5 samtliga k\u00f6p enligt dessa avtalsvillkor. Tvist om k\u00f6p enligt dessa avtalsvillkor skall exklusivt pr\u00f6vas av svensk allm\u00e4n domstol.<\/p><p>\u00a0<\/p><p>Bilaga 1, Personuppgiftsbehandling<\/p><p>Jormvattnets Fiskecamp AB, org. nr. 559245-2360, behandlar personuppgifter i samband med handeln p\u00e5 https:\/\/:www.jormvattnetsfiskecamp.se och \u00e4r personuppgiftsansvarigt f\u00f6r behandlingen. Personuppgifter behandlas f\u00f6r att Jormvattnets Fiskecamp AB ska kunna tillhandah\u00e5lla sina tj\u00e4nster, huvudsakligen f\u00f6r f\u00f6ljande \u00e4ndam\u00e5l (\u201d\u00c4ndam\u00e5len\u201d):<\/p><p>\u2022 F\u00f6r att ta emot och bearbeta din bokning.<\/p><p>\u2022 F\u00f6r att hantera eventuella returer.<\/p><p>\u2022 F\u00f6r att skicka dig digitala aviseringar om bokningsstatus.<\/p><p>\u2022 F\u00f6r att besvara dina fr\u00e5gor och informera dig om nya eller \u00e4ndrade tj\u00e4nster.<\/p><p>\u2022 F\u00f6r att skicka marknadsf\u00f6ringserbjudanden som nyhetsbrev och kataloger.<\/p><p>\u2022 F\u00f6r att skicka dig enk\u00e4ter som ger dig m\u00f6jlighet att p\u00e5verka Jormvattnets Fiskecamp AB:s erbjudanden och tj\u00e4nster.<\/p><p>\u00a0<\/p><p>De uppgifter som behandlas \u00e4r de uppgifter som du anger, t.ex. n\u00e4r du l\u00e4gger best\u00e4llningar, kontaktar kundtj\u00e4nst eller dylikt. De uppgifter du anger omfattar t.ex. kontaktinformation, leveransadress och best\u00e4llda varor (\u201dPersonuppgifterna\u201d). Personuppgifterna \u00e4r n\u00f6dv\u00e4ndiga f\u00f6r att Jormvattnets Fiskecamp AB ska kunna uppn\u00e5 \u00c4ndam\u00e5len. Viss information kan \u00e4ven komma att inh\u00e4mtas fr\u00e5n offentliga register eller fr\u00e5n andra allm\u00e4nt tillg\u00e4ngliga k\u00e4llor.<\/p><p>\u00a0<\/p><p>Den huvudsakliga r\u00e4ttsliga grunden f\u00f6r behandlingen \u00e4r att behandlingen \u00e4r n\u00f6dv\u00e4ndig f\u00f6r att Jormvattnets Fiskecamp AB ska kunna fullg\u00f6ra sina \u00e5taganden gentemot sina kunder. Vissa behandlingar baseras \u00e4ven p\u00e5 Jormvattnets Fiskecamp AB:s ber\u00e4ttigade intresse att kunna bedriva sin verksamhet p\u00e5 ett effektivt och s\u00e4kert s\u00e4tt samt p\u00e5 Jormvattnets Fiskecamp AB:s skyldighet att f\u00f6lja r\u00e4ttsliga f\u00f6rpliktelser. Personuppgifterna kan komma att delas med myndigheter och andra parter som Jormvattnets Fiskecamp AB anlitar f\u00f6r att uppn\u00e5 \u00c4ndam\u00e5len, t.ex. f\u00f6r leverans. Dessa akt\u00f6rer kan vara baserade i l\u00e4nder utanf\u00f6r EU\/EES. Om Europakommissionen inte anser att landet s\u00e4kerst\u00e4ller en adekvat skyddsniv\u00e5 kommer \u00f6verf\u00f6ringen till den tredje parten att ha st\u00f6d i kommissionens standardavtalsklausuler f\u00f6r \u00f6verf\u00f6ring av personuppgifter till ett land utanf\u00f6r EU\/EES, se artiklarna 45\u201346 i f\u00f6rordning 2016\/679 (\u201dGDPR\u201d). Dessa standardavtalsklausuler finns \u00e5tkomliga h\u00e4r: https:\/\/commission.europa.eu\/law\/law-topic\/data-protection\/international-dimension-data-protection\/standard-contractual-clauses-scc_en. Behandlingen av Personuppgifterna kommer p\u00e5g\u00e5 s\u00e5 l\u00e4nge det kr\u00e4vs f\u00f6r att uppfylla \u00c4ndam\u00e5len eller s\u00e5 l\u00e4nge som Jormvattnets Fiskecamp AB \u00e4r f\u00f6rpliktade att g\u00f6ra detta. D\u00e4refter raderas Personuppgifterna.<\/p><p>\u00a0<\/p><p>Om du har n\u00e5gra fr\u00e5gor kring behandlingen av Personuppgifterna kan du kontakta Jormvattnets Fiskecamp AB via info@jormvattnetsfiskecamp.se. Du kan \u00e4ven anv\u00e4nda denna adress om du vill ut\u00f6va n\u00e5gon av de r\u00e4ttigheter du enligt GDPR har som registrerad. V\u00e4nligen notera att r\u00e4ttigheterna enligt GDPR inte \u00e4r absoluta och att ett \u00e5beropande av en r\u00e4ttighet d\u00e4rf\u00f6r inte n\u00f6dv\u00e4ndigtvis leder till en \u00e5tg\u00e4rd.<\/p><p>Dina r\u00e4ttigheter enligt GDPR inkluderar f\u00f6ljande:<\/p><p>\u2022 R\u00e4tt till tillg\u00e5ng \u2013 Enligt artikel 15 GDPR har du r\u00e4tt att ta del av Personuppgifterna och att bli informerad om behandlingen. Den informationen finns i detta dokument.<\/p><p>\u2022 R\u00e4tt till r\u00e4ttelse \u2013 Enligt artikel 16 GDPR har du r\u00e4tt att utan on\u00f6digt dr\u00f6jsm\u00e5l f\u00e5 felaktiga personuppgifter som r\u00f6r dig r\u00e4ttade. Med beaktande av \u00e4ndam\u00e5let med behandlingen har du ocks\u00e5 r\u00e4tt att komplettera ofullst\u00e4ndiga personuppgifter.<\/p><p>\u2022 R\u00e4tt till radering (\u201dr\u00e4tten att bli bortgl\u00f6md\u201d) \u2013 Under vissa omst\u00e4ndigheter har du med st\u00f6d av artikel 17 GDPR r\u00e4tt att f\u00e5 Personuppgifterna raderade.<\/p><p>\u2022 R\u00e4tt till begr\u00e4nsning av anv\u00e4ndning \u2013 Under vissa omst\u00e4ndigheter har du enligt artikel 18 GDPR r\u00e4tt att begr\u00e4nsa behandlingen av Personuppgifterna.<\/p><p>\u2022 R\u00e4tt till dataportabilitet \u2013 Enligt artikel 20 GDPR har du r\u00e4tt att f\u00e5 ut Personuppgifterna i ett strukturerat, allm\u00e4nt anv\u00e4nt och maskinl\u00e4sbart format. Du har ocks\u00e5 r\u00e4tt att \u00f6verf\u00f6ra dessa uppgifter till en annan personuppgiftsansvarig.<\/p><p>\u2022 R\u00e4tt att g\u00f6ra inv\u00e4ndningar \u2013 Enligt artikel 21 GDPR har du r\u00e4tt att inv\u00e4nda mot viss behandling av Personuppgifterna, exempelvis s\u00e5dan behandling som grundar sig i Jormvattnets Fiskecamp AB:s ber\u00e4ttigade intressen.<\/p><p>\u2022 Slutligen har du ocks\u00e5 r\u00e4tt att inge klagom\u00e5l till Datainspektionen, som kan kontaktas via datainspektionen@datainspektionen.se eller 08-657 61 00.<\/p><p><\/p><p><\/p><figure><img decoding=\"async\" style=\"width: 280px; height: 86px;\" src=\"http:\/\/media.jormvattnetsfiskecamp.se\/2020\/01\/Fiskecamp-logga-3-1024x313.jpg\" alt=\"\" \/><\/figure><p><\/p>\t\t\t\t\t\t\t\t<\/div>\n\t\t\t\t<\/div>\n\t\t\t\t\t<\/div>\n\t\t<\/div>\n\t\t\t\t\t<\/div>\n\t\t<\/section>\n\t\t\t\t<\/div>\n\t\t","protected":false},"excerpt":{"rendered":"<p>Bokningsvillkor \u00a0 1. F\u00f6retagsinformation Jormvattnets Fiskecamp tillhandah\u00e5lls av Jormvattnets Fiskecamp AB org nummer 559245-2360, i samarbete med BookSpot AB, org nummer 559241-7819. Information &amp; bilder p\u00e5 hemsidan \u00e4gs av f\u00f6retaget eller partner och f\u00e5r inte kopieras utan till\u00e5telse. \u00a0 Kontaktadress: Jormvattnets Fiskecamp Jormvattnet 885 83398 G\u00c4DDEDE\u00a0 \u00a0 2. Priser Varje vara anges inklusive moms i [&hellip;]<\/p>\n","protected":false},"author":1,"featured_media":0,"parent":0,"menu_order":0,"comment_status":"closed","ping_status":"closed","template":"","meta":{"footnotes":""},"class_list":["post-1570","page","type-page","status-publish","hentry"],"yoast_head":"<!-- This site is optimized with the Yoast SEO plugin v27.5 - https:\/\/yoast.com\/product\/yoast-seo-wordpress\/ -->\n<title>Bokningsvillkor -<\/title>\n<meta name=\"robots\" content=\"index, follow, max-snippet:-1, max-image-preview:large, max-video-preview:-1\" \/>\n<link rel=\"canonical\" href=\"https:\/\/jormvattnetsfiskecamp.se\/wordpress\/bokningspolicy\/\" \/>\n<meta property=\"og:locale\" content=\"sv_SE\" \/>\n<meta property=\"og:type\" content=\"article\" \/>\n<meta property=\"og:title\" content=\"Bokningsvillkor -\" \/>\n<meta property=\"og:description\" content=\"Bokningsvillkor \u00a0 1. F\u00f6retagsinformation Jormvattnets Fiskecamp tillhandah\u00e5lls av Jormvattnets Fiskecamp AB org nummer 559245-2360, i samarbete med BookSpot AB, org nummer 559241-7819. Information &amp; bilder p\u00e5 hemsidan \u00e4gs av f\u00f6retaget eller partner och f\u00e5r inte kopieras utan till\u00e5telse. \u00a0 Kontaktadress: Jormvattnets Fiskecamp Jormvattnet 885 83398 G\u00c4DDEDE\u00a0 \u00a0 2. Priser Varje vara anges inklusive moms i [&hellip;]\" \/>\n<meta property=\"og:url\" content=\"https:\/\/jormvattnetsfiskecamp.se\/wordpress\/bokningspolicy\/\" \/>\n<meta property=\"article:modified_time\" content=\"2025-10-23T09:10:31+00:00\" \/>\n<meta property=\"og:image\" content=\"http:\/\/media.jormvattnetsfiskecamp.se\/2020\/01\/Fiskecamp-logga-3-1024x313.jpg\" \/>\n<meta name=\"twitter:card\" content=\"summary_large_image\" \/>\n<meta name=\"twitter:label1\" content=\"Ber\u00e4knad l\u00e4stid\" \/>\n\t<meta name=\"twitter:data1\" content=\"7 minuter\" \/>\n<script type=\"application\/ld+json\" class=\"yoast-schema-graph\">{\"@context\":\"https:\\\/\\\/schema.org\",\"@graph\":[{\"@type\":\"WebPage\",\"@id\":\"https:\\\/\\\/jormvattnetsfiskecamp.se\\\/wordpress\\\/bokningspolicy\\\/\",\"url\":\"https:\\\/\\\/jormvattnetsfiskecamp.se\\\/wordpress\\\/bokningspolicy\\\/\",\"name\":\"Bokningsvillkor -\",\"isPartOf\":{\"@id\":\"https:\\\/\\\/jormvattnetsfiskecamp.se\\\/wordpress\\\/#website\"},\"primaryImageOfPage\":{\"@id\":\"https:\\\/\\\/jormvattnetsfiskecamp.se\\\/wordpress\\\/bokningspolicy\\\/#primaryimage\"},\"image\":{\"@id\":\"https:\\\/\\\/jormvattnetsfiskecamp.se\\\/wordpress\\\/bokningspolicy\\\/#primaryimage\"},\"thumbnailUrl\":\"http:\\\/\\\/media.jormvattnetsfiskecamp.se\\\/2020\\\/01\\\/Fiskecamp-logga-3-1024x313.jpg\",\"datePublished\":\"2023-08-14T07:44:00+00:00\",\"dateModified\":\"2025-10-23T09:10:31+00:00\",\"breadcrumb\":{\"@id\":\"https:\\\/\\\/jormvattnetsfiskecamp.se\\\/wordpress\\\/bokningspolicy\\\/#breadcrumb\"},\"inLanguage\":\"sv-SE\",\"potentialAction\":[{\"@type\":\"ReadAction\",\"target\":[\"https:\\\/\\\/jormvattnetsfiskecamp.se\\\/wordpress\\\/bokningspolicy\\\/\"]}]},{\"@type\":\"ImageObject\",\"inLanguage\":\"sv-SE\",\"@id\":\"https:\\\/\\\/jormvattnetsfiskecamp.se\\\/wordpress\\\/bokningspolicy\\\/#primaryimage\",\"url\":\"http:\\\/\\\/media.jormvattnetsfiskecamp.se\\\/2020\\\/01\\\/Fiskecamp-logga-3-1024x313.jpg\",\"contentUrl\":\"http:\\\/\\\/media.jormvattnetsfiskecamp.se\\\/2020\\\/01\\\/Fiskecamp-logga-3-1024x313.jpg\"},{\"@type\":\"BreadcrumbList\",\"@id\":\"https:\\\/\\\/jormvattnetsfiskecamp.se\\\/wordpress\\\/bokningspolicy\\\/#breadcrumb\",\"itemListElement\":[{\"@type\":\"ListItem\",\"position\":1,\"name\":\"Hem\",\"item\":\"https:\\\/\\\/jormvattnetsfiskecamp.se\\\/wordpress\\\/\"},{\"@type\":\"ListItem\",\"position\":2,\"name\":\"Bokningsvillkor\"}]},{\"@type\":\"WebSite\",\"@id\":\"https:\\\/\\\/jormvattnetsfiskecamp.se\\\/wordpress\\\/#website\",\"url\":\"https:\\\/\\\/jormvattnetsfiskecamp.se\\\/wordpress\\\/\",\"name\":\"\",\"description\":\"\",\"potentialAction\":[{\"@type\":\"SearchAction\",\"target\":{\"@type\":\"EntryPoint\",\"urlTemplate\":\"https:\\\/\\\/jormvattnetsfiskecamp.se\\\/wordpress\\\/?s={search_term_string}\"},\"query-input\":{\"@type\":\"PropertyValueSpecification\",\"valueRequired\":true,\"valueName\":\"search_term_string\"}}],\"inLanguage\":\"sv-SE\"}]}<\/script>\n<!-- \/ Yoast SEO plugin. -->","yoast_head_json":{"title":"Bokningsvillkor -","robots":{"index":"index","follow":"follow","max-snippet":"max-snippet:-1","max-image-preview":"max-image-preview:large","max-video-preview":"max-video-preview:-1"},"canonical":"https:\/\/jormvattnetsfiskecamp.se\/wordpress\/bokningspolicy\/","og_locale":"sv_SE","og_type":"article","og_title":"Bokningsvillkor -","og_description":"Bokningsvillkor \u00a0 1. F\u00f6retagsinformation Jormvattnets Fiskecamp tillhandah\u00e5lls av Jormvattnets Fiskecamp AB org nummer 559245-2360, i samarbete med BookSpot AB, org nummer 559241-7819. Information &amp; bilder p\u00e5 hemsidan \u00e4gs av f\u00f6retaget eller partner och f\u00e5r inte kopieras utan till\u00e5telse. \u00a0 Kontaktadress: Jormvattnets Fiskecamp Jormvattnet 885 83398 G\u00c4DDEDE\u00a0 \u00a0 2. Priser Varje vara anges inklusive moms i [&hellip;]","og_url":"https:\/\/jormvattnetsfiskecamp.se\/wordpress\/bokningspolicy\/","article_modified_time":"2025-10-23T09:10:31+00:00","og_image":[{"url":"http:\/\/media.jormvattnetsfiskecamp.se\/2020\/01\/Fiskecamp-logga-3-1024x313.jpg","type":"","width":"","height":""}],"twitter_card":"summary_large_image","twitter_misc":{"Ber\u00e4knad l\u00e4stid":"7 minuter"},"schema":{"@context":"https:\/\/schema.org","@graph":[{"@type":"WebPage","@id":"https:\/\/jormvattnetsfiskecamp.se\/wordpress\/bokningspolicy\/","url":"https:\/\/jormvattnetsfiskecamp.se\/wordpress\/bokningspolicy\/","name":"Bokningsvillkor -","isPartOf":{"@id":"https:\/\/jormvattnetsfiskecamp.se\/wordpress\/#website"},"primaryImageOfPage":{"@id":"https:\/\/jormvattnetsfiskecamp.se\/wordpress\/bokningspolicy\/#primaryimage"},"image":{"@id":"https:\/\/jormvattnetsfiskecamp.se\/wordpress\/bokningspolicy\/#primaryimage"},"thumbnailUrl":"http:\/\/media.jormvattnetsfiskecamp.se\/2020\/01\/Fiskecamp-logga-3-1024x313.jpg","datePublished":"2023-08-14T07:44:00+00:00","dateModified":"2025-10-23T09:10:31+00:00","breadcrumb":{"@id":"https:\/\/jormvattnetsfiskecamp.se\/wordpress\/bokningspolicy\/#breadcrumb"},"inLanguage":"sv-SE","potentialAction":[{"@type":"ReadAction","target":["https:\/\/jormvattnetsfiskecamp.se\/wordpress\/bokningspolicy\/"]}]},{"@type":"ImageObject","inLanguage":"sv-SE","@id":"https:\/\/jormvattnetsfiskecamp.se\/wordpress\/bokningspolicy\/#primaryimage","url":"http:\/\/media.jormvattnetsfiskecamp.se\/2020\/01\/Fiskecamp-logga-3-1024x313.jpg","contentUrl":"http:\/\/media.jormvattnetsfiskecamp.se\/2020\/01\/Fiskecamp-logga-3-1024x313.jpg"},{"@type":"BreadcrumbList","@id":"https:\/\/jormvattnetsfiskecamp.se\/wordpress\/bokningspolicy\/#breadcrumb","itemListElement":[{"@type":"ListItem","position":1,"name":"Hem","item":"https:\/\/jormvattnetsfiskecamp.se\/wordpress\/"},{"@type":"ListItem","position":2,"name":"Bokningsvillkor"}]},{"@type":"WebSite","@id":"https:\/\/jormvattnetsfiskecamp.se\/wordpress\/#website","url":"https:\/\/jormvattnetsfiskecamp.se\/wordpress\/","name":"","description":"","potentialAction":[{"@type":"SearchAction","target":{"@type":"EntryPoint","urlTemplate":"https:\/\/jormvattnetsfiskecamp.se\/wordpress\/?s={search_term_string}"},"query-input":{"@type":"PropertyValueSpecification","valueRequired":true,"valueName":"search_term_string"}}],"inLanguage":"sv-SE"}]}},"_links":{"self":[{"href":"https:\/\/jormvattnetsfiskecamp.se\/wordpress\/wp-json\/wp\/v2\/pages\/1570","targetHints":{"allow":["GET"]}}],"collection":[{"href":"https:\/\/jormvattnetsfiskecamp.se\/wordpress\/wp-json\/wp\/v2\/pages"}],"about":[{"href":"https:\/\/jormvattnetsfiskecamp.se\/wordpress\/wp-json\/wp\/v2\/types\/page"}],"author":[{"embeddable":true,"href":"https:\/\/jormvattnetsfiskecamp.se\/wordpress\/wp-json\/wp\/v2\/users\/1"}],"replies":[{"embeddable":true,"href":"https:\/\/jormvattnetsfiskecamp.se\/wordpress\/wp-json\/wp\/v2\/comments?post=1570"}],"version-history":[{"count":15,"href":"https:\/\/jormvattnetsfiskecamp.se\/wordpress\/wp-json\/wp\/v2\/pages\/1570\/revisions"}],"predecessor-version":[{"id":2311,"href":"https:\/\/jormvattnetsfiskecamp.se\/wordpress\/wp-json\/wp\/v2\/pages\/1570\/revisions\/2311"}],"wp:attachment":[{"href":"https:\/\/jormvattnetsfiskecamp.se\/wordpress\/wp-json\/wp\/v2\/media?parent=1570"}],"curies":[{"name":"wp","href":"https:\/\/api.w.org\/{rel}","templated":true}]}}