{"id":1517,"date":"2023-07-18T09:35:59","date_gmt":"2023-07-18T09:35:59","guid":{"rendered":"https:\/\/jormvattnetsfiskecamp.se\/wordpress\/?page_id=1517"},"modified":"2025-12-16T10:09:11","modified_gmt":"2025-12-16T10:09:11","slug":"boka","status":"publish","type":"page","link":"https:\/\/jormvattnetsfiskecamp.se\/wordpress\/boka\/","title":{"rendered":"Boka"},"content":{"rendered":"\t\t<div data-elementor-type=\"wp-page\" data-elementor-id=\"1517\" class=\"elementor elementor-1517\">\n\t\t\t\t\t\t<section class=\"elementor-section elementor-top-section elementor-element elementor-element-3bc6368 elementor-section-boxed elementor-section-height-default elementor-section-height-default\" data-id=\"3bc6368\" data-element_type=\"section\" data-e-type=\"section\">\n\t\t\t\t\t\t<div class=\"elementor-container elementor-column-gap-default\">\n\t\t\t\t\t<div class=\"elementor-column elementor-col-100 elementor-top-column elementor-element elementor-element-bca1891\" data-id=\"bca1891\" data-element_type=\"column\" data-e-type=\"column\">\n\t\t\t<div class=\"elementor-widget-wrap elementor-element-populated\">\n\t\t\t\t\t\t<div class=\"elementor-element elementor-element-9f7e8f1 elementor-align-center elementor-button-info elementor-widget elementor-widget-button\" data-id=\"9f7e8f1\" data-element_type=\"widget\" data-e-type=\"widget\" data-widget_type=\"button.default\">\n\t\t\t\t<div class=\"elementor-widget-container\">\n\t\t\t\t\t\t\t\t\t<div class=\"elementor-button-wrapper\">\n\t\t\t\t\t<a class=\"elementor-button elementor-button-link elementor-size-sm\" href=\"https:\/\/app.bookspot.io\/widget\/v2\/dialog\/new-order?key=9bc4c8bbe13ec79da60e4ee645528e1fa98aede1378a1d9315508a857f2cce0b&#038;productTypes=products,vouchers&#038;listView=products\">\n\t\t\t\t\t\t<span class=\"elementor-button-content-wrapper\">\n\t\t\t\t\t\t<span class=\"elementor-button-icon\">\n\t\t\t\t<i aria-hidden=\"true\" class=\"far fa-calendar-alt\"><\/i>\t\t\t<\/span>\n\t\t\t\t\t\t\t\t\t<span class=\"elementor-button-text\">BOKA NU<\/span>\n\t\t\t\t\t<\/span>\n\t\t\t\t\t<\/a>\n\t\t\t\t<\/div>\n\t\t\t\t\t\t\t\t<\/div>\n\t\t\t\t<\/div>\n\t\t\t\t\t<\/div>\n\t\t<\/div>\n\t\t\t\t\t<\/div>\n\t\t<\/section>\n\t\t\t\t<section class=\"elementor-section elementor-top-section elementor-element elementor-element-e653ea5 elementor-section-boxed elementor-section-height-default elementor-section-height-default\" data-id=\"e653ea5\" data-element_type=\"section\" data-e-type=\"section\">\n\t\t\t\t\t\t<div class=\"elementor-container elementor-column-gap-default\">\n\t\t\t\t\t<div class=\"elementor-column elementor-col-100 elementor-top-column elementor-element elementor-element-862dc7e\" data-id=\"862dc7e\" data-element_type=\"column\" data-e-type=\"column\">\n\t\t\t<div class=\"elementor-widget-wrap elementor-element-populated\">\n\t\t\t\t\t\t<div class=\"elementor-element elementor-element-8970e23 elementor-widget elementor-widget-text-editor\" data-id=\"8970e23\" data-element_type=\"widget\" data-e-type=\"widget\" data-widget_type=\"text-editor.default\">\n\t\t\t\t<div class=\"elementor-widget-container\">\n\t\t\t\t\t\t\t\t\t<h1><strong>V\u00e4lkommen att boka!<\/strong><\/h1><p>H\u00e4r kan du enkelt boka din vistelse hos oss. V\u00e4lj mellan v\u00e5ra olika boendeformer och v\u00e5ra aktiviteter.<\/p><p>I bokningen kan du \u00e4ven v\u00e4lja att l\u00e4gga till v\u00e5ra till\u00e4ggstj\u00e4nster s\u00e5som s\u00e4nglinne och st\u00e4dning av stugor.<\/p><p><strong>\u00d6nskar du boka din vistelse l\u00e4ngre \u00e4n 14 dagar?<\/strong><\/p><p>Kontakta receptionen!<\/p><p>\u00d6vriga fr\u00e5gor:<\/p><p>+46(0)672-20100<\/p><p>info@jormvattnetsfiskecamp.se<\/p>\t\t\t\t\t\t\t\t<\/div>\n\t\t\t\t<\/div>\n\t\t\t\t\t<\/div>\n\t\t<\/div>\n\t\t\t\t\t<\/div>\n\t\t<\/section>\n\t\t\t\t<section class=\"elementor-section elementor-top-section elementor-element elementor-element-f87bb06 elementor-section-boxed elementor-section-height-default elementor-section-height-default\" data-id=\"f87bb06\" data-element_type=\"section\" data-e-type=\"section\">\n\t\t\t\t\t\t<div class=\"elementor-container elementor-column-gap-default\">\n\t\t\t\t\t<div class=\"elementor-column elementor-col-100 elementor-top-column elementor-element elementor-element-11b2f81\" data-id=\"11b2f81\" data-element_type=\"column\" data-e-type=\"column\">\n\t\t\t<div class=\"elementor-widget-wrap elementor-element-populated\">\n\t\t\t\t\t\t<div class=\"elementor-element elementor-element-4e51a3a elementor-widget elementor-widget-text-editor\" data-id=\"4e51a3a\" data-element_type=\"widget\" data-e-type=\"widget\" data-widget_type=\"text-editor.default\">\n\t\t\t\t<div class=\"elementor-widget-container\">\n\t\t\t\t\t\t\t\t\t<p>V\u00e5ra bokningsvillkor hittar du h\u00e4r!<\/p><p><a href=\"https:\/\/jormvattnetsfiskecamp.se\/wordpress\/bokningspolicy\/\">https:\/\/jormvattnetsfiskecamp.se\/wordpress\/bokningspolicy\/<\/a><\/p>\t\t\t\t\t\t\t\t<\/div>\n\t\t\t\t<\/div>\n\t\t\t\t\t<\/div>\n\t\t<\/div>\n\t\t\t\t\t<\/div>\n\t\t<\/section>\n\t\t\t\t<section class=\"elementor-section elementor-top-section elementor-element elementor-element-7da3844 elementor-section-boxed elementor-section-height-default elementor-section-height-default\" data-id=\"7da3844\" data-element_type=\"section\" data-e-type=\"section\">\n\t\t\t\t\t\t<div class=\"elementor-container elementor-column-gap-default\">\n\t\t\t\t\t<div class=\"elementor-column elementor-col-100 elementor-top-column elementor-element elementor-element-3f8832d\" data-id=\"3f8832d\" data-element_type=\"column\" data-e-type=\"column\">\n\t\t\t<div class=\"elementor-widget-wrap elementor-element-populated\">\n\t\t\t\t\t\t<div class=\"elementor-element elementor-element-fa19ae5 elementor-widget elementor-widget-text-editor\" data-id=\"fa19ae5\" data-element_type=\"widget\" data-e-type=\"widget\" data-widget_type=\"text-editor.default\">\n\t\t\t\t<div class=\"elementor-widget-container\">\n\t\t\t\t\t\t\t\t\t<p>Foto: Marika Hopponen Westberg<\/p>\t\t\t\t\t\t\t\t<\/div>\n\t\t\t\t<\/div>\n\t\t\t\t\t<\/div>\n\t\t<\/div>\n\t\t\t\t\t<\/div>\n\t\t<\/section>\n\t\t\t\t<\/div>\n\t\t","protected":false},"excerpt":{"rendered":"<p>BOKA NU V\u00e4lkommen att boka! H\u00e4r kan du enkelt boka din vistelse hos oss. V\u00e4lj mellan v\u00e5ra olika boendeformer och v\u00e5ra aktiviteter. I bokningen kan du \u00e4ven v\u00e4lja att l\u00e4gga till v\u00e5ra till\u00e4ggstj\u00e4nster s\u00e5som s\u00e4nglinne och st\u00e4dning av stugor. \u00d6nskar du boka din vistelse l\u00e4ngre \u00e4n 14 dagar? Kontakta receptionen! \u00d6vriga fr\u00e5gor: +46(0)672-20100 info@jormvattnetsfiskecamp.se V\u00e5ra [&hellip;]<\/p>\n","protected":false},"author":2,"featured_media":1601,"parent":0,"menu_order":0,"comment_status":"closed","ping_status":"closed","template":"","meta":{"footnotes":""},"class_list":["post-1517","page","type-page","status-publish","has-post-thumbnail","hentry"],"yoast_head":"<!-- This site is optimized with the Yoast SEO plugin v27.5 - https:\/\/yoast.com\/product\/yoast-seo-wordpress\/ -->\n<title>Boka -<\/title>\n<meta name=\"robots\" content=\"index, follow, max-snippet:-1, max-image-preview:large, max-video-preview:-1\" \/>\n<link rel=\"canonical\" href=\"https:\/\/jormvattnetsfiskecamp.se\/wordpress\/boka\/\" \/>\n<meta property=\"og:locale\" content=\"sv_SE\" \/>\n<meta property=\"og:type\" content=\"article\" \/>\n<meta property=\"og:title\" content=\"Boka -\" \/>\n<meta property=\"og:description\" content=\"BOKA NU V\u00e4lkommen att boka! H\u00e4r kan du enkelt boka din vistelse hos oss. V\u00e4lj mellan v\u00e5ra olika boendeformer och v\u00e5ra aktiviteter. I bokningen kan du \u00e4ven v\u00e4lja att l\u00e4gga till v\u00e5ra till\u00e4ggstj\u00e4nster s\u00e5som s\u00e4nglinne och st\u00e4dning av stugor. \u00d6nskar du boka din vistelse l\u00e4ngre \u00e4n 14 dagar? Kontakta receptionen! \u00d6vriga fr\u00e5gor: +46(0)672-20100 info@jormvattnetsfiskecamp.se V\u00e5ra [&hellip;]\" \/>\n<meta property=\"og:url\" content=\"https:\/\/jormvattnetsfiskecamp.se\/wordpress\/boka\/\" \/>\n<meta property=\"article:modified_time\" content=\"2025-12-16T10:09:11+00:00\" \/>\n<meta property=\"og:image\" content=\"http:\/\/media.jormvattnetsfiskecamp.se\/2020\/02\/cropped-20200205_202101-scaled-1.jpg\" \/>\n\t<meta property=\"og:image:width\" content=\"2000\" \/>\n\t<meta property=\"og:image:height\" content=\"1200\" \/>\n\t<meta property=\"og:image:type\" content=\"image\/jpeg\" \/>\n<meta name=\"twitter:card\" content=\"summary_large_image\" \/>\n<meta name=\"twitter:label1\" content=\"Ber\u00e4knad l\u00e4stid\" \/>\n\t<meta name=\"twitter:data1\" content=\"1 minut\" \/>\n<script type=\"application\/ld+json\" class=\"yoast-schema-graph\">{\"@context\":\"https:\\\/\\\/schema.org\",\"@graph\":[{\"@type\":\"WebPage\",\"@id\":\"https:\\\/\\\/jormvattnetsfiskecamp.se\\\/wordpress\\\/boka\\\/\",\"url\":\"https:\\\/\\\/jormvattnetsfiskecamp.se\\\/wordpress\\\/boka\\\/\",\"name\":\"Boka -\",\"isPartOf\":{\"@id\":\"https:\\\/\\\/jormvattnetsfiskecamp.se\\\/wordpress\\\/#website\"},\"primaryImageOfPage\":{\"@id\":\"https:\\\/\\\/jormvattnetsfiskecamp.se\\\/wordpress\\\/boka\\\/#primaryimage\"},\"image\":{\"@id\":\"https:\\\/\\\/jormvattnetsfiskecamp.se\\\/wordpress\\\/boka\\\/#primaryimage\"},\"thumbnailUrl\":\"https:\\\/\\\/media.jormvattnetsfiskecamp.se\\\/2020\\\/02\\\/cropped-20200205_202101-scaled-1.jpg\",\"datePublished\":\"2023-07-18T09:35:59+00:00\",\"dateModified\":\"2025-12-16T10:09:11+00:00\",\"breadcrumb\":{\"@id\":\"https:\\\/\\\/jormvattnetsfiskecamp.se\\\/wordpress\\\/boka\\\/#breadcrumb\"},\"inLanguage\":\"sv-SE\",\"potentialAction\":[{\"@type\":\"ReadAction\",\"target\":[\"https:\\\/\\\/jormvattnetsfiskecamp.se\\\/wordpress\\\/boka\\\/\"]}]},{\"@type\":\"ImageObject\",\"inLanguage\":\"sv-SE\",\"@id\":\"https:\\\/\\\/jormvattnetsfiskecamp.se\\\/wordpress\\\/boka\\\/#primaryimage\",\"url\":\"https:\\\/\\\/media.jormvattnetsfiskecamp.se\\\/2020\\\/02\\\/cropped-20200205_202101-scaled-1.jpg\",\"contentUrl\":\"https:\\\/\\\/media.jormvattnetsfiskecamp.se\\\/2020\\\/02\\\/cropped-20200205_202101-scaled-1.jpg\",\"width\":2000,\"height\":1200},{\"@type\":\"BreadcrumbList\",\"@id\":\"https:\\\/\\\/jormvattnetsfiskecamp.se\\\/wordpress\\\/boka\\\/#breadcrumb\",\"itemListElement\":[{\"@type\":\"ListItem\",\"position\":1,\"name\":\"Hem\",\"item\":\"https:\\\/\\\/jormvattnetsfiskecamp.se\\\/wordpress\\\/\"},{\"@type\":\"ListItem\",\"position\":2,\"name\":\"Boka\"}]},{\"@type\":\"WebSite\",\"@id\":\"https:\\\/\\\/jormvattnetsfiskecamp.se\\\/wordpress\\\/#website\",\"url\":\"https:\\\/\\\/jormvattnetsfiskecamp.se\\\/wordpress\\\/\",\"name\":\"\",\"description\":\"\",\"potentialAction\":[{\"@type\":\"SearchAction\",\"target\":{\"@type\":\"EntryPoint\",\"urlTemplate\":\"https:\\\/\\\/jormvattnetsfiskecamp.se\\\/wordpress\\\/?s={search_term_string}\"},\"query-input\":{\"@type\":\"PropertyValueSpecification\",\"valueRequired\":true,\"valueName\":\"search_term_string\"}}],\"inLanguage\":\"sv-SE\"}]}<\/script>\n<!-- \/ Yoast SEO plugin. -->","yoast_head_json":{"title":"Boka -","robots":{"index":"index","follow":"follow","max-snippet":"max-snippet:-1","max-image-preview":"max-image-preview:large","max-video-preview":"max-video-preview:-1"},"canonical":"https:\/\/jormvattnetsfiskecamp.se\/wordpress\/boka\/","og_locale":"sv_SE","og_type":"article","og_title":"Boka -","og_description":"BOKA NU V\u00e4lkommen att boka! H\u00e4r kan du enkelt boka din vistelse hos oss. V\u00e4lj mellan v\u00e5ra olika boendeformer och v\u00e5ra aktiviteter. I bokningen kan du \u00e4ven v\u00e4lja att l\u00e4gga till v\u00e5ra till\u00e4ggstj\u00e4nster s\u00e5som s\u00e4nglinne och st\u00e4dning av stugor. \u00d6nskar du boka din vistelse l\u00e4ngre \u00e4n 14 dagar? Kontakta receptionen! \u00d6vriga fr\u00e5gor: +46(0)672-20100 info@jormvattnetsfiskecamp.se V\u00e5ra [&hellip;]","og_url":"https:\/\/jormvattnetsfiskecamp.se\/wordpress\/boka\/","article_modified_time":"2025-12-16T10:09:11+00:00","og_image":[{"width":2000,"height":1200,"url":"http:\/\/media.jormvattnetsfiskecamp.se\/2020\/02\/cropped-20200205_202101-scaled-1.jpg","type":"image\/jpeg"}],"twitter_card":"summary_large_image","twitter_misc":{"Ber\u00e4knad l\u00e4stid":"1 minut"},"schema":{"@context":"https:\/\/schema.org","@graph":[{"@type":"WebPage","@id":"https:\/\/jormvattnetsfiskecamp.se\/wordpress\/boka\/","url":"https:\/\/jormvattnetsfiskecamp.se\/wordpress\/boka\/","name":"Boka -","isPartOf":{"@id":"https:\/\/jormvattnetsfiskecamp.se\/wordpress\/#website"},"primaryImageOfPage":{"@id":"https:\/\/jormvattnetsfiskecamp.se\/wordpress\/boka\/#primaryimage"},"image":{"@id":"https:\/\/jormvattnetsfiskecamp.se\/wordpress\/boka\/#primaryimage"},"thumbnailUrl":"https:\/\/media.jormvattnetsfiskecamp.se\/2020\/02\/cropped-20200205_202101-scaled-1.jpg","datePublished":"2023-07-18T09:35:59+00:00","dateModified":"2025-12-16T10:09:11+00:00","breadcrumb":{"@id":"https:\/\/jormvattnetsfiskecamp.se\/wordpress\/boka\/#breadcrumb"},"inLanguage":"sv-SE","potentialAction":[{"@type":"ReadAction","target":["https:\/\/jormvattnetsfiskecamp.se\/wordpress\/boka\/"]}]},{"@type":"ImageObject","inLanguage":"sv-SE","@id":"https:\/\/jormvattnetsfiskecamp.se\/wordpress\/boka\/#primaryimage","url":"https:\/\/media.jormvattnetsfiskecamp.se\/2020\/02\/cropped-20200205_202101-scaled-1.jpg","contentUrl":"https:\/\/media.jormvattnetsfiskecamp.se\/2020\/02\/cropped-20200205_202101-scaled-1.jpg","width":2000,"height":1200},{"@type":"BreadcrumbList","@id":"https:\/\/jormvattnetsfiskecamp.se\/wordpress\/boka\/#breadcrumb","itemListElement":[{"@type":"ListItem","position":1,"name":"Hem","item":"https:\/\/jormvattnetsfiskecamp.se\/wordpress\/"},{"@type":"ListItem","position":2,"name":"Boka"}]},{"@type":"WebSite","@id":"https:\/\/jormvattnetsfiskecamp.se\/wordpress\/#website","url":"https:\/\/jormvattnetsfiskecamp.se\/wordpress\/","name":"","description":"","potentialAction":[{"@type":"SearchAction","target":{"@type":"EntryPoint","urlTemplate":"https:\/\/jormvattnetsfiskecamp.se\/wordpress\/?s={search_term_string}"},"query-input":{"@type":"PropertyValueSpecification","valueRequired":true,"valueName":"search_term_string"}}],"inLanguage":"sv-SE"}]}},"_links":{"self":[{"href":"https:\/\/jormvattnetsfiskecamp.se\/wordpress\/wp-json\/wp\/v2\/pages\/1517","targetHints":{"allow":["GET"]}}],"collection":[{"href":"https:\/\/jormvattnetsfiskecamp.se\/wordpress\/wp-json\/wp\/v2\/pages"}],"about":[{"href":"https:\/\/jormvattnetsfiskecamp.se\/wordpress\/wp-json\/wp\/v2\/types\/page"}],"author":[{"embeddable":true,"href":"https:\/\/jormvattnetsfiskecamp.se\/wordpress\/wp-json\/wp\/v2\/users\/2"}],"replies":[{"embeddable":true,"href":"https:\/\/jormvattnetsfiskecamp.se\/wordpress\/wp-json\/wp\/v2\/comments?post=1517"}],"version-history":[{"count":44,"href":"https:\/\/jormvattnetsfiskecamp.se\/wordpress\/wp-json\/wp\/v2\/pages\/1517\/revisions"}],"predecessor-version":[{"id":2338,"href":"https:\/\/jormvattnetsfiskecamp.se\/wordpress\/wp-json\/wp\/v2\/pages\/1517\/revisions\/2338"}],"wp:featuredmedia":[{"embeddable":true,"href":"https:\/\/jormvattnetsfiskecamp.se\/wordpress\/wp-json\/wp\/v2\/media\/1601"}],"wp:attachment":[{"href":"https:\/\/jormvattnetsfiskecamp.se\/wordpress\/wp-json\/wp\/v2\/media?parent=1517"}],"curies":[{"name":"wp","href":"https:\/\/api.w.org\/{rel}","templated":true}]}}